{"id":1004,"date":"2018-08-31T13:42:39","date_gmt":"2018-08-31T16:42:39","guid":{"rendered":"https:\/\/ifdbeltran-rng.infd.edu.ar\/sitio\/biblioteca\/"},"modified":"2025-12-02T23:39:51","modified_gmt":"2025-12-03T02:39:51","slug":"biblioteca","status":"publish","type":"page","link":"https:\/\/ifdbeltran-rng.infd.edu.ar\/sitio\/biblioteca\/","title":{"rendered":"Biblioteca"},"content":{"rendered":"\n<div class=\"wp-block-media-text alignwide is-stacked-on-mobile is-vertically-aligned-top\" style=\"grid-template-columns:49% auto\"><figure class=\"wp-block-media-text__media\"><img decoding=\"async\" loading=\"lazy\" width=\"500\" height=\"500\" src=\"https:\/\/ifdbeltran-rng.infd.edu.ar\/sitio\/wp-content\/uploads\/2025\/12\/logo-biblio-v1.jpg\" alt=\"\" class=\"wp-image-11104 size-full\"\/><\/figure><div class=\"wp-block-media-text__content\">\n<p>Esta Biblioteca es especializada en Educaci\u00f3n para las carreras que se dictan en la instituci\u00f3n. <\/p>\n\n\n\n<p>Los usuarios, estudiantes, podr\u00e1n retirar material de la biblioteca si cuentan con la <strong>credencial de usuario<\/strong>.<\/p>\n\n\n\n<p>El tr\u00e1mite de acreditaci\u00f3n deber\u00e1 realizarse en forma personal, en la Biblioteca del Instituto, completando correctamente una solicitud de credencial de usuario.<\/p>\n\n\n\n<p>La credencial de usuario es personal e intransferible. En caso de p\u00e9rdida de la misma, o cualquier cambio en sus datos personales, el estudiante deber\u00e1 informar a las Bibliotecarias del Instituto.<\/p>\n\n\n\n<p>Todo material bibliogr\u00e1fico o did\u00e1ctico que se retire de la Biblioteca deber\u00e1 ser registrado por las bibliotecarias del Instituto.<\/p>\n\n\n\n<p><a href=\"https:\/\/ifdbeltran-rng.infd.edu.ar\/sitio\/wp-content\/uploads\/2025\/12\/prestamos-biblioteca-v1.pdf\" target=\"_blank\" rel=\"noreferrer noopener\">M\u00e1s informaci\u00f3n&#8230;<\/a><\/p>\n<\/div><\/div>\n\n\n\n<p class=\"has-text-align-center\" style=\"font-size:25px\"><strong>HORARIOS<\/strong>: <strong>De Lunes a Viernes de 8:00 a 13:00 Hs. y de 14:00 a 19:00 Hs.<\/strong><\/p>\n\n\n\n<ul>\n<li>Correo electr\u00f3nico: <strong>bibifdcbeltran@gmail.com<\/strong><\/li>\n\n\n\n<li>Facebook: <strong>Biblio Ifdc Luis Beltran<\/strong><\/li>\n\n\n\n<li>WhatsApp: <strong>2946-510138<\/strong><\/li>\n<\/ul>\n\n\n\n<p class=\"has-text-align-left has-medium-font-size\">En el espacio de la Biblioteca se realizan tambi\u00e9n las siguientes actividades:<\/p>\n\n\n\n<ul class=\"has-medium-font-size\">\n<li>escaneo de materiales, impresi\u00f3n de documentos, fotocopiado, anillado y<\/li>\n\n\n\n<li>gesti\u00f3n de recursos tecnol\u00f3gicos para trabajar en las aulas o en el espacio de la biblioteca.<\/li>\n<\/ul>\n","protected":false},"excerpt":{"rendered":"<p>Esta Biblioteca es especializada en Educaci\u00f3n para las carreras que se dictan en la instituci\u00f3n. Los usuarios, estudiantes, podr\u00e1n retirar material de la biblioteca si cuentan con la credencial de usuario. El tr\u00e1mite de acreditaci\u00f3n deber\u00e1 realizarse en forma personal, en la Biblioteca del Instituto, completando correctamente una solicitud de credencial de usuario. La credencial &#8230; <a title=\"Biblioteca\" class=\"read-more\" href=\"https:\/\/ifdbeltran-rng.infd.edu.ar\/sitio\/biblioteca\/\" aria-label=\"More on Biblioteca\">[+]<\/a><\/p>\n","protected":false},"author":2582,"featured_media":0,"parent":0,"menu_order":0,"comment_status":"closed","ping_status":"closed","template":"","meta":[],"acf":[],"_links":{"self":[{"href":"https:\/\/ifdbeltran-rng.infd.edu.ar\/sitio\/wp-json\/wp\/v2\/pages\/1004"}],"collection":[{"href":"https:\/\/ifdbeltran-rng.infd.edu.ar\/sitio\/wp-json\/wp\/v2\/pages"}],"about":[{"href":"https:\/\/ifdbeltran-rng.infd.edu.ar\/sitio\/wp-json\/wp\/v2\/types\/page"}],"author":[{"embeddable":true,"href":"https:\/\/ifdbeltran-rng.infd.edu.ar\/sitio\/wp-json\/wp\/v2\/users\/2582"}],"replies":[{"embeddable":true,"href":"https:\/\/ifdbeltran-rng.infd.edu.ar\/sitio\/wp-json\/wp\/v2\/comments?post=1004"}],"version-history":[{"count":48,"href":"https:\/\/ifdbeltran-rng.infd.edu.ar\/sitio\/wp-json\/wp\/v2\/pages\/1004\/revisions"}],"predecessor-version":[{"id":11114,"href":"https:\/\/ifdbeltran-rng.infd.edu.ar\/sitio\/wp-json\/wp\/v2\/pages\/1004\/revisions\/11114"}],"wp:attachment":[{"href":"https:\/\/ifdbeltran-rng.infd.edu.ar\/sitio\/wp-json\/wp\/v2\/media?parent=1004"}],"curies":[{"name":"wp","href":"https:\/\/api.w.org\/{rel}","templated":true}]}}