{"id":1014,"date":"2018-08-31T13:42:45","date_gmt":"2018-08-31T16:42:45","guid":{"rendered":"https:\/\/ifdbeltran-rng.infd.edu.ar\/sitio\/radio-socioeducativa-prof-leda-caso-89-7-mhz\/"},"modified":"2025-12-16T20:12:45","modified_gmt":"2025-12-16T23:12:45","slug":"radio-socioeducativa-prof-leda-caso-89-7-mhz","status":"publish","type":"page","link":"https:\/\/ifdbeltran-rng.infd.edu.ar\/sitio\/radio-socioeducativa-prof-leda-caso-89-7-mhz\/","title":{"rendered":"Radio Socioeducativa  Prof. Leda Caso 89.7 Mhz."},"content":{"rendered":"<h3><img decoding=\"async\" loading=\"lazy\" class=\"alignnone wp-image-11117 size-full\" src=\"https:\/\/ifdbeltran-rng.infd.edu.ar\/sitio\/wp-content\/uploads\/2025\/12\/ifdc_encab_radio.png\" alt=\"\" width=\"1100\" height=\"300\" srcset=\"https:\/\/ifdbeltran-rng.infd.edu.ar\/sitio\/wp-content\/uploads\/2025\/12\/ifdc_encab_radio.png 1100w, https:\/\/ifdbeltran-rng.infd.edu.ar\/sitio\/wp-content\/uploads\/2025\/12\/ifdc_encab_radio-1000x273.png 1000w, https:\/\/ifdbeltran-rng.infd.edu.ar\/sitio\/wp-content\/uploads\/2025\/12\/ifdc_encab_radio-768x209.png 768w\" sizes=\"(max-width: 1100px) 100vw, 1100px\" \/><\/h3>\n<h3>UN POCO DE HISTORIA<\/h3>\n<p>El 30 de noviembre de 2014, a partir de la autorizaci\u00f3n del AFSCA se puso en funcionamiento\u00a0la Radio Educativa\/Comunitaria desde la frecuencia de 89.7 MHz. Esta radio, en ese momento, formaba parte de un plan nacional del INFOD que contemplaba el otorgamiento de 50 radios educativas comunitarias y los elementos t\u00e9cnicos necesarios para la instalaci\u00f3n de las nuevas emisoras en los Institutos de Educaci\u00f3n Superior, m\u00e1s diversas instancias de capacitaci\u00f3n que estar\u00e1n a cargo del Ministerio de Educaci\u00f3n de la Naci\u00f3n con la colaboraci\u00f3n de la AFSCA y la CNC.<\/p>\n<p>El objetivo es que dichas emisoras funcionen como articuladoras entre los establecimientos educativos y las organizaciones de la comunidad promoviendo a su vez el desarrollo de contenidos propios, replicando en sus territorios una l\u00f3gica de articulaci\u00f3n intersectorial y, vinculando a los IES (Institutos de Educaci\u00f3n Superior) con los dem\u00e1s actores p\u00fablicos y comunitarios.<\/p>\n<p>Mientras \u00a0se concreta este proyecto realizaremos distintas capacitaciones entre docentes, estudiantes y organizaciones de la comunidad para ponernos \u201cen sinton\u00eda\u201d con esta propuesta.\u00a0Elaboramos este documento que funciona como introducci\u00f3n a la tem\u00e1tica: DOCUMENTO DE APOYO (Descargar\u00a0<a title=\"IES Documento de apoyo \" href=\"upload\/IES_documento_de_apoyo.pdf\" target=\"_blank\" rel=\"noopener\">AQUI<\/a>).<\/p>\n<p>Para ponerle el nombre a la radio se invit\u00f3 a participar a toda la comunidad educativa para que lo propusiera. El nombre de\u00a0\u00abPROF. LEDA CASO\u00bb\u00a0\u00a0surgi\u00f3 por parte de un grupo de docentes y fue acompa\u00f1ada esta solicitud por la firma de 235 personas de Luis Beltr\u00e1n.<\/p>\n<h4>\u00a0PARA SEGUIR LEYENDO<\/h4>\n<p><strong>M\u00f3dulos de Capacitaci\u00f3n del Programa Federal de Radios Socioeducativas (RASE)<\/strong><\/p>\n<p><a href=\"https:\/\/drive.google.com\/file\/d\/1t8PFM1zB7RdgbIGpMVHI6_-mAo1Y5hn_\/view?usp=sharing\" target=\"_blank\" rel=\"noopener\">Claves para iniciar una radio local. Sostenibilidad\u00a0<\/a>\u00a0\u00a0&#8211;\u00a0 Autor: Diego Jaimes.<\/p>\n<p><a href=\"https:\/\/drive.google.com\/file\/d\/1vTUidEvtqSxcq9i6XIb5RqEj29YqhNVg\/view?usp=sharing\" target=\"_blank\" rel=\"noopener\">Gesti\u00f3n de la Radio <\/a>\u00a0\u00a0\u00a0Autora: Claudia Villamayor<\/p>\n<p><a href=\"https:\/\/drive.google.com\/file\/d\/1yPvqqCizLtDyh9wjH5rZ1NiAyz8cqtR_\/view?usp=sharing\" target=\"_blank\" rel=\"noopener\">G\u00e9neros y formatos radiof\u00f3nicos<\/a> \u00a0\u00a0&#8211; \u00a0Autor: Diego Jaimes.<\/p>\n<p><a href=\"https:\/\/drive.google.com\/file\/d\/1MSRqdri7N-e1UPl0gYwkMNsKmpmao8Hq\/view?usp=sharing\" target=\"_blank\" rel=\"noopener\">Grabaci\u00f3n y edici\u00f3n de sonido<\/a>\u00a0 &#8211; \u00a0Autor: Diego Gutman.<\/p>\n<p><a href=\"https:\/\/drive.google.com\/file\/d\/1hc7v4sTqHeqUFlC4hE4zOhGK1o19cDee\/view?usp=sharing\" target=\"_blank\" rel=\"noopener\">Art\u00edstica e identidad radial<\/a> \u00a0&#8211;\u00a0 Autor: Leandro Pafundi.<\/p>\n<p><a href=\"http:\/\/issuu.com\/tecnicaturas\/docs\/m__dulo_capacitaci__n_rase_-_marco_\" target=\"_blank\" rel=\"noopener\">Marco pol\u00edtico conceptual. Ley de medios y Comunicaci\u00f3n popular\u00a0<\/a> &#8211; \u00a0Autores: Yanina Chiafitella y Diego Jaimes.<\/p>\n","protected":false},"excerpt":{"rendered":"<p>UN POCO DE HISTORIA El 30 de noviembre de 2014, a partir de la autorizaci\u00f3n del AFSCA se puso en funcionamiento\u00a0la Radio Educativa\/Comunitaria desde la frecuencia de 89.7 MHz. Esta radio, en ese momento, formaba parte de un plan nacional del INFOD que contemplaba el otorgamiento de 50 radios educativas comunitarias y los elementos t\u00e9cnicos &#8230; <a title=\"Radio Socioeducativa  Prof. Leda Caso 89.7 Mhz.\" class=\"read-more\" href=\"https:\/\/ifdbeltran-rng.infd.edu.ar\/sitio\/radio-socioeducativa-prof-leda-caso-89-7-mhz\/\" aria-label=\"More on Radio Socioeducativa  Prof. Leda Caso 89.7 Mhz.\">[+]<\/a><\/p>\n","protected":false},"author":2582,"featured_media":0,"parent":0,"menu_order":0,"comment_status":"closed","ping_status":"closed","template":"","meta":[],"acf":[],"_links":{"self":[{"href":"https:\/\/ifdbeltran-rng.infd.edu.ar\/sitio\/wp-json\/wp\/v2\/pages\/1014"}],"collection":[{"href":"https:\/\/ifdbeltran-rng.infd.edu.ar\/sitio\/wp-json\/wp\/v2\/pages"}],"about":[{"href":"https:\/\/ifdbeltran-rng.infd.edu.ar\/sitio\/wp-json\/wp\/v2\/types\/page"}],"author":[{"embeddable":true,"href":"https:\/\/ifdbeltran-rng.infd.edu.ar\/sitio\/wp-json\/wp\/v2\/users\/2582"}],"replies":[{"embeddable":true,"href":"https:\/\/ifdbeltran-rng.infd.edu.ar\/sitio\/wp-json\/wp\/v2\/comments?post=1014"}],"version-history":[{"count":44,"href":"https:\/\/ifdbeltran-rng.infd.edu.ar\/sitio\/wp-json\/wp\/v2\/pages\/1014\/revisions"}],"predecessor-version":[{"id":11163,"href":"https:\/\/ifdbeltran-rng.infd.edu.ar\/sitio\/wp-json\/wp\/v2\/pages\/1014\/revisions\/11163"}],"wp:attachment":[{"href":"https:\/\/ifdbeltran-rng.infd.edu.ar\/sitio\/wp-json\/wp\/v2\/media?parent=1014"}],"curies":[{"name":"wp","href":"https:\/\/api.w.org\/{rel}","templated":true}]}}