{"id":1057,"date":"2018-08-31T13:43:03","date_gmt":"2018-08-31T16:43:03","guid":{"rendered":"https:\/\/ifdbeltran-rng.infd.edu.ar\/sitio\/autoridades\/"},"modified":"2026-02-18T17:27:51","modified_gmt":"2026-02-18T20:27:51","slug":"autoridades","status":"publish","type":"page","link":"https:\/\/ifdbeltran-rng.infd.edu.ar\/sitio\/autoridades\/","title":{"rendered":"Autoridades"},"content":{"rendered":"\n<div class=\"wp-block-columns is-layout-flex wp-container-3\">\n<div class=\"wp-block-column is-layout-flow\">\n<h2 class=\"wp-block-heading has-accent-color has-text-color\" style=\"text-transform:uppercase\">Equipo DIRECTIVO<\/h2>\n\n\n\n<p><strong>Directora<\/strong><br>Prof. Mar\u00eda Laura Mozzicafreddo<\/p>\n\n\n\n<p><strong>Coordinadora de Formaci\u00f3n Inicial<\/strong><br>Prof. Mat\u00edas Uriarte<\/p>\n\n\n\n<p><strong>Coordinadora de Formaci\u00f3n Permanente<\/strong><br>Prof. Carlos David Monsalve<\/p>\n\n\n\n<p><strong>Coordinadora de Investigaci\u00f3n y Extensi\u00f3n<\/strong><br>Prof. Paula Senra<\/p>\n\n\n\n<h4 class=\"wp-block-heading has-text-color\" style=\"color:#aad2f7\">GESTI\u00d3N<\/h4>\n\n\n\n<p class=\"has-contrast-color has-text-color\"><strong>Coordinadores de Carreras<\/strong><br>Prof. Mart\u00edn Lamas -Educaci\u00f3n Secundaria-<br>Prof. Carolina Almada -Educaci\u00f3n Primaria-<\/p>\n\n\n\n<p><strong>Coordinadora Programa Accesibilidad<\/strong><br>Prof. Mar\u00eda Laura Almada<\/p>\n\n\n\n<p><strong>Biblioteca<\/strong><br>Prof. Laura Garc\u00eda<br>Prof. Ver\u00f3nica G\u00f3mez<\/p>\n\n\n\n<p><strong>Referente TIC<\/strong><br>Victor Pier Carlevaris<\/p>\n<\/div>\n\n\n\n<div class=\"wp-block-column is-layout-flow\">\n<h2 class=\"wp-block-heading has-accent-color has-text-color\">CONSEJO DIRECTIVO<\/h2>\n\n\n\n<p><strong>Directora<\/strong><br>Prof. Mar\u00eda Laura Mozzicafreddo<\/p>\n\n\n\n<p><strong>Secretaria<\/strong> <strong>General<\/strong><br>Prof. Makarena Ya\u00f1ez<\/p>\n\n\n\n<p class=\"has-text-align-left\"><strong>Consejeros\/as Docentes<\/strong><br><strong>Titulares<\/strong><br>Prof. Sebasti\u00e1n G\u00f3mez<br>Prof. Roc\u00edo Mansilla<br><strong>Suplentes<\/strong><br>Prof. Mart\u00edn Lamas<br>Prof. Romina Iraira<\/p>\n\n\n\n<p><strong>Consejeros\/as Estudiantes<br><\/strong>Valentina Mu\u00f1oz &#8211; Titular<br>Guillermina Montibeller &#8211; Titular<br>Estefan\u00eda Roa &#8211; Suplente<br>Joao Scaletta &#8211; Suplente<\/p>\n\n\n\n<p><strong>Consejeros\/as Egresados\/as<\/strong><br>Nerina Mozzicafreddo<br>Isabel Godoy<br>Sof\u00eda Cicarelli<br>Daiana Grossenbacher<\/p>\n<\/div>\n<\/div>\n","protected":false},"excerpt":{"rendered":"<p>Equipo DIRECTIVO DirectoraProf. Mar\u00eda Laura Mozzicafreddo Coordinadora de Formaci\u00f3n InicialProf. Mat\u00edas Uriarte Coordinadora de Formaci\u00f3n PermanenteProf. Carlos David Monsalve Coordinadora de Investigaci\u00f3n y Extensi\u00f3nProf. Paula Senra GESTI\u00d3N Coordinadores de CarrerasProf. Mart\u00edn Lamas -Educaci\u00f3n Secundaria-Prof. Carolina Almada -Educaci\u00f3n Primaria- Coordinadora Programa AccesibilidadProf. Mar\u00eda Laura Almada BibliotecaProf. Laura Garc\u00edaProf. Ver\u00f3nica G\u00f3mez Referente TICVictor Pier Carlevaris CONSEJO DIRECTIVO &#8230; <a title=\"Autoridades\" class=\"read-more\" href=\"https:\/\/ifdbeltran-rng.infd.edu.ar\/sitio\/autoridades\/\" aria-label=\"More on Autoridades\">[+]<\/a><\/p>\n","protected":false},"author":2582,"featured_media":0,"parent":0,"menu_order":0,"comment_status":"closed","ping_status":"closed","template":"","meta":[],"acf":[],"_links":{"self":[{"href":"https:\/\/ifdbeltran-rng.infd.edu.ar\/sitio\/wp-json\/wp\/v2\/pages\/1057"}],"collection":[{"href":"https:\/\/ifdbeltran-rng.infd.edu.ar\/sitio\/wp-json\/wp\/v2\/pages"}],"about":[{"href":"https:\/\/ifdbeltran-rng.infd.edu.ar\/sitio\/wp-json\/wp\/v2\/types\/page"}],"author":[{"embeddable":true,"href":"https:\/\/ifdbeltran-rng.infd.edu.ar\/sitio\/wp-json\/wp\/v2\/users\/2582"}],"replies":[{"embeddable":true,"href":"https:\/\/ifdbeltran-rng.infd.edu.ar\/sitio\/wp-json\/wp\/v2\/comments?post=1057"}],"version-history":[{"count":47,"href":"https:\/\/ifdbeltran-rng.infd.edu.ar\/sitio\/wp-json\/wp\/v2\/pages\/1057\/revisions"}],"predecessor-version":[{"id":11231,"href":"https:\/\/ifdbeltran-rng.infd.edu.ar\/sitio\/wp-json\/wp\/v2\/pages\/1057\/revisions\/11231"}],"wp:attachment":[{"href":"https:\/\/ifdbeltran-rng.infd.edu.ar\/sitio\/wp-json\/wp\/v2\/media?parent=1057"}],"curies":[{"name":"wp","href":"https:\/\/api.w.org\/{rel}","templated":true}]}}