{"id":1059,"date":"2018-08-31T13:43:04","date_gmt":"2018-08-31T16:43:04","guid":{"rendered":"https:\/\/ifdbeltran-rng.infd.edu.ar\/sitio\/historia\/"},"modified":"2022-10-19T21:56:35","modified_gmt":"2022-10-20T00:56:35","slug":"historia-inst","status":"publish","type":"page","link":"https:\/\/ifdbeltran-rng.infd.edu.ar\/sitio\/historia-inst\/","title":{"rendered":"Historia Institucional"},"content":{"rendered":"\n<div class=\"wp-block-columns is-layout-flex wp-container-3\">\n<div class=\"wp-block-column is-layout-flow\">\n<h4 class=\"wp-block-heading\">Breve historia del Instituto de Formaci\u00f3n Docente Continua de Luis Beltr\u00e1n<\/h4>\n\n\n\n<p>Los institutos de Nivel Superior son instituciones educativas destinadas a la formaci\u00f3n de profesores, al perfeccionamiento docente del personal en actividad y a la investigaci\u00f3n de los problemas vinculados con la docencia, as\u00ed como al desarrollo de planes y programas que tengan que ver con la actualizaci\u00f3n y el perfeccionamiento docente en todos los niveles de la ense\u00f1anza.<\/p>\n\n\n\n<p>El 10 de noviembre de 1965 por Resoluci\u00f3n 1069 del CPE se cre\u00f3 el Magisterio en la Localidad de Luis Beltr\u00e1n, que funcion\u00f3 en la Escuela Comercial 5 hasta su cierre en 1969.<\/p>\n\n\n\n<p>El 31 de Marzo de 1980 por Resoluci\u00f3n 346 se crea el Instituto Superior de Formaci\u00f3n y Perfeccionamiento Docente.<\/p>\n\n\n\n<p>A partir de la Ley 2288\/88 se origina un nuevo plan de estudios, los profesores ingresan por concurso de antecedentes y oposici\u00f3n, los institutos se normalizan y el gobierno queda a cargo del Consejo Directivo: con un Director y Representantes de los Claustros de docentes, alumnos y egresados.<\/p>\n\n\n\n<p>Desde el 25 de Marzo de 1999 hasta Diciembre de 2005 por convenio, se acuerda que funcione en el Colegio Salesiano, secci\u00f3n chacras de Luis Beltr\u00e1n.<\/p>\n\n\n\n<p>Desde el mes de Marzo de 2005, el Instituto tiene edificio propio.<\/p>\n<\/div>\n\n\n\n<div class=\"wp-block-column is-layout-flow\">\n<h4 class=\"wp-block-heading\">El IFDC de Luis Beltr\u00e1n: hitos de su historia institucional<\/h4>\n\n\n\n<p class=\"MsoNormal\">En el a\u00f1o 1965 por la Resoluci\u00f3n 1069 del Consejo Provincial de Educaci\u00f3n, se cre\u00f3 el Magisterio Normal en la localidad de Luis Beltr\u00e1n (R\u00edo Negro) para responder a la necesidad de formaci\u00f3n docente en la regi\u00f3n del Valle Medio. En 1969 se impone la modificaci\u00f3n de la estructura de la carrera, y junto a este acontecimiento, deja de ofrecerse en nuestra ciudad.<\/p>\n\n\n\n<p class=\"has-text-align-left MsoNormal\">Luego de distintos proyectos de apertura y ante la constante demanda de la comunidad, el 31 de Marzo de 1980 por Resoluci\u00f3n 346, se crea el Instituto Superior de Formaci\u00f3n y Perfeccionamiento Docente, restituy\u00e9ndose esta posibilidad formativa bajo el t\u00edtulo: Profesorado en Ense\u00f1anza Primaria.<\/p>\n\n\n\n<p class=\"MsoNormal\">En el a\u00f1o 1998, esta instituci\u00f3n crea el Profesorado de Historia para el Tercer Ciclo de EGB y Polimodal, propuesta que signific\u00f3 un desaf\u00edo &#8211; hacia lo interno- y marc\u00f3 un hito en relaci\u00f3n a otros centros provinciales de formaci\u00f3n docente.<\/p>\n\n\n\n<p class=\"MsoNormal\">En el a\u00f1o 2003, por Resoluci\u00f3n 2266, se aprueba la carrera Tecnicatura Superior en Secretariado Ejecutivo con orientaci\u00f3n en Administraci\u00f3n Contable o Jur\u00eddica, ofreciendo una alternativa de cualificaci\u00f3n a la poblaci\u00f3n del Valle Medio para su inserci\u00f3n en el mercado laboral de la zona, tanto en la esfera p\u00fablica como privada.<\/p>\n\n\n\n<p class=\"MsoNormal\">El 20 de Febrero de 2007 por Resoluci\u00f3n 277 se aprueba la carrera Tecnicatura Superior en Gesti\u00f3n Socio &#8211; Cultural, ofreciendo una alternativa de formaci\u00f3n a los interesados en un campo que responde a necesidades expresadas por diversas instituciones y organizaciones culturales, tanto del sector p\u00fablico como privado, ya que la incumbencia de la propuesta ofrecer\u00e1 el conocimiento t\u00e9cnico de gesti\u00f3n y emprendimiento para el logro de proyectos que satisfagan las necesidades ligadas al desarrollo identitario, social, econ\u00f3mico y productivo del sector cultural.<\/p>\n<\/div>\n<\/div>\n","protected":false},"excerpt":{"rendered":"<p>Breve historia del Instituto de Formaci\u00f3n Docente Continua de Luis Beltr\u00e1n Los institutos de Nivel Superior son instituciones educativas destinadas a la formaci\u00f3n de profesores, al perfeccionamiento docente del personal en actividad y a la investigaci\u00f3n de los problemas vinculados con la docencia, as\u00ed como al desarrollo de planes y programas que tengan que ver &#8230; <a title=\"Historia Institucional\" class=\"read-more\" href=\"https:\/\/ifdbeltran-rng.infd.edu.ar\/sitio\/historia-inst\/\" aria-label=\"More on Historia Institucional\">[+]<\/a><\/p>\n","protected":false},"author":2582,"featured_media":0,"parent":0,"menu_order":0,"comment_status":"closed","ping_status":"closed","template":"","meta":[],"acf":[],"_links":{"self":[{"href":"https:\/\/ifdbeltran-rng.infd.edu.ar\/sitio\/wp-json\/wp\/v2\/pages\/1059"}],"collection":[{"href":"https:\/\/ifdbeltran-rng.infd.edu.ar\/sitio\/wp-json\/wp\/v2\/pages"}],"about":[{"href":"https:\/\/ifdbeltran-rng.infd.edu.ar\/sitio\/wp-json\/wp\/v2\/types\/page"}],"author":[{"embeddable":true,"href":"https:\/\/ifdbeltran-rng.infd.edu.ar\/sitio\/wp-json\/wp\/v2\/users\/2582"}],"replies":[{"embeddable":true,"href":"https:\/\/ifdbeltran-rng.infd.edu.ar\/sitio\/wp-json\/wp\/v2\/comments?post=1059"}],"version-history":[{"count":5,"href":"https:\/\/ifdbeltran-rng.infd.edu.ar\/sitio\/wp-json\/wp\/v2\/pages\/1059\/revisions"}],"predecessor-version":[{"id":5964,"href":"https:\/\/ifdbeltran-rng.infd.edu.ar\/sitio\/wp-json\/wp\/v2\/pages\/1059\/revisions\/5964"}],"wp:attachment":[{"href":"https:\/\/ifdbeltran-rng.infd.edu.ar\/sitio\/wp-json\/wp\/v2\/media?parent=1059"}],"curies":[{"name":"wp","href":"https:\/\/api.w.org\/{rel}","templated":true}]}}