{"id":1061,"date":"2018-08-31T13:43:05","date_gmt":"2018-08-31T16:43:05","guid":{"rendered":"https:\/\/ifdbeltran-rng.infd.edu.ar\/sitio\/ubicacion\/"},"modified":"2022-03-25T10:31:29","modified_gmt":"2022-03-25T13:31:29","slug":"ubicacion","status":"publish","type":"page","link":"https:\/\/ifdbeltran-rng.infd.edu.ar\/sitio\/ubicacion\/","title":{"rendered":"Ubicaci\u00f3n"},"content":{"rendered":"<div  class=\"lgc-column lgc-grid-parent lgc-grid-50 lgc-tablet-grid-50 lgc-mobile-grid-100 lgc-equal-heights \"><div  class=\"inside-grid-column\">\n<p><img decoding=\"async\" loading=\"lazy\" src=\"https:\/\/ifdbeltran-rng.infd.edu.ar\/sitio\/wp-content\/uploads\/2018\/08\/plano_prov.jpg\" alt=\"plano prov\" width=\"519\" height=\"506\" border=\"0\"\/><\/p>\n<p><img decoding=\"async\" loading=\"lazy\" src=\"https:\/\/ifdbeltran-rng.infd.edu.ar\/sitio\/wp-content\/uploads\/2018\/08\/plano_city2111.jpg\" alt=\"planoLB\" width=\"518\" height=\"347\" border=\"0\"\/><\/p>\n<p><\/p><\/div><\/div>\n<div  class=\"lgc-column lgc-grid-parent lgc-grid-50 lgc-tablet-grid-50 lgc-mobile-grid-100 lgc-equal-heights \"><div  class=\"inside-grid-column\">\n<p>El Valle Medio est\u00e1 ubicado en el Departamento Avellaneda con epicentro en la isla de Choele Choel, y se extiende desde Chelfor\u00f3 al Oeste hasta Fort\u00edn Castre al Este, con una superficie aproximada de 1385 Km2.<\/p>\n<p>Se divide en cuatro sectores: Margen Norte, Isla de Choele Choel, Margen Sur Valle Medio propiamente dicho.&nbsp;<\/p>\n<p>En el Valle Medio se encuentran siete municipios, que de Oeste a Este, son: Chimpay, Coronel Belisle, Darwin, Choele Choel, Luis Beltr\u00e1n, Lamarque y Pomona.&nbsp;<\/p>\n<p>Los siete municipios que configuran esta zona est\u00e1n separados uno de otro con distancias que oscilan entre 10 y 25 km aproximadamente. Si tomamos como referencia los municipios extremos Pomona-Chimpay la distancia que los separa es de aproximadamente 80 Km.<\/p>\n<p>El acceso desde todas las localidades de Valle Medio es posible con transportes en <strong>colectivos<\/strong>&nbsp;<strong>urbanos<\/strong>&nbsp;y&nbsp;<strong>taxis<\/strong>&nbsp;<strong>compartidos<\/strong>.<\/p>\n<p>En las instalaciones del IFDC los estudiantes tienen acceso a:<\/p>\n<ul>\n<li>Biblioteca especializada.<\/li>\n<li>Radio Socioeducativa para realizar diversas pr\u00e1cticas.<\/li>\n<li>Aula Digital M\u00f3vil.<\/li>\n<li>Plataforma virtual de aprendizaje.<\/li>\n<li>Zona WiFi en todo el edificio.<\/li>\n<\/ul>\n<p><\/p><\/div><\/div><div class=\"lgc-clear\"><\/div>\n\n\n<p><\/p>\n","protected":false},"excerpt":{"rendered":"","protected":false},"author":2551,"featured_media":0,"parent":0,"menu_order":0,"comment_status":"closed","ping_status":"closed","template":"","meta":[],"acf":[],"_links":{"self":[{"href":"https:\/\/ifdbeltran-rng.infd.edu.ar\/sitio\/wp-json\/wp\/v2\/pages\/1061"}],"collection":[{"href":"https:\/\/ifdbeltran-rng.infd.edu.ar\/sitio\/wp-json\/wp\/v2\/pages"}],"about":[{"href":"https:\/\/ifdbeltran-rng.infd.edu.ar\/sitio\/wp-json\/wp\/v2\/types\/page"}],"author":[{"embeddable":true,"href":"https:\/\/ifdbeltran-rng.infd.edu.ar\/sitio\/wp-json\/wp\/v2\/users\/2551"}],"replies":[{"embeddable":true,"href":"https:\/\/ifdbeltran-rng.infd.edu.ar\/sitio\/wp-json\/wp\/v2\/comments?post=1061"}],"version-history":[{"count":7,"href":"https:\/\/ifdbeltran-rng.infd.edu.ar\/sitio\/wp-json\/wp\/v2\/pages\/1061\/revisions"}],"predecessor-version":[{"id":5051,"href":"https:\/\/ifdbeltran-rng.infd.edu.ar\/sitio\/wp-json\/wp\/v2\/pages\/1061\/revisions\/5051"}],"wp:attachment":[{"href":"https:\/\/ifdbeltran-rng.infd.edu.ar\/sitio\/wp-json\/wp\/v2\/media?parent=1061"}],"curies":[{"name":"wp","href":"https:\/\/api.w.org\/{rel}","templated":true}]}}