{"id":10613,"date":"2025-08-30T13:17:04","date_gmt":"2025-08-30T16:17:04","guid":{"rendered":"https:\/\/ifdbeltran-rng.infd.edu.ar\/sitio\/?page_id=10613"},"modified":"2025-11-06T16:28:16","modified_gmt":"2025-11-06T19:28:16","slug":"inscripcion-a-carreras","status":"publish","type":"page","link":"https:\/\/ifdbeltran-rng.infd.edu.ar\/sitio\/inscripcion-a-carreras\/","title":{"rendered":"Inscripci\u00f3n a carreras"},"content":{"rendered":"\n<p id=\"block-d4b989b2-1fc8-4d8e-b517-98ee0e01fed6\">La inscripci\u00f3n a una carrera incluye tres pasos que deber\u00e1n completar obligatoriamente.<\/p>\n\n\n\n<h5 class=\"wp-block-heading has-accent-color has-text-color\" id=\"block-deafa86a-7639-4b1b-bf5b-266b9e4a49a9\">Paso 1. Completar el formulario web de inscripci\u00f3n<\/h5>\n\n\n\n<p id=\"block-d8e5d5f7-7f9e-4bee-847b-90687ccb326b\">Este paso se realiza de manera virtual, mediante la carga de un formulario en l\u00ednea. En \u00e9l se deben completar los <strong>datos personales<\/strong>, el <strong>nombre del t\u00edtulo obtenido en el nivel secundario<\/strong>, el <strong>establecimiento educativo donde se cursaron dichos estudios<\/strong> y, finalmente, la <strong>carrera o las carreras<\/strong> que se desea iniciar en esta instituci\u00f3n.<\/p>\n\n\n\n<h5 class=\"wp-block-heading has-accent-color has-text-color\" id=\"block-4e38950c-9028-4db2-b590-fc89d8ab8fae\">Paso 2.&nbsp;Entregar la <strong>documentaci\u00f3n solicitada<\/strong> para la inscripci\u00f3n en la Secretar\u00eda del Instituto<\/h5>\n\n\n\n<ul id=\"block-0bbd6df2-2019-4f66-bcf1-d01ef2d717b7\">\n<li><strong>Solicitud de inscripci\u00f3n<\/strong> completada y firmada.<\/li>\n\n\n\n<li><strong>T\u00edtulo anal\u00edtico autenticado<\/strong> o <strong>constancia de T\u00edtulo en tr\u00e1mite<\/strong> o <strong>constancia de finalizaci\u00f3n de cursado del secundario con<\/strong> <strong>materias adeudadas<\/strong>.<\/li>\n\n\n\n<li>Fotocopia autenticada del documento de identidad (datos de identificaci\u00f3n y domicilio).<\/li>\n\n\n\n<li>Acta de nacimiento actualizada.<\/li>\n\n\n\n<li>2 (dos) Fotos tipo Carnet<\/li>\n\n\n\n<li>1 Folio oficio.<\/li>\n<\/ul>\n\n\n\n<div class=\"wp-block-buttons is-layout-flex\">\n<div class=\"wp-block-button has-custom-width wp-block-button__width-50 has-custom-font-size is-style-fill has-medium-font-size\"><a class=\"wp-block-button__link has-contrast-color has-text-color has-background wp-element-button\" href=\"https:\/\/ifdbeltran-rng.infd.edu.ar\/sitio\/wp-content\/uploads\/2025\/11\/planilla-inscripcion-carreras-v3.pdf\" style=\"border-radius:10px;background-color:#d9d9d9\" target=\"_blank\" rel=\"noreferrer noopener\"><strong>Descargar solicitud de inscripci\u00f3n a Carrera<\/strong><\/a><\/div>\n\n\n\n<div class=\"wp-block-button has-custom-width wp-block-button__width-50 has-custom-font-size is-style-fill has-medium-font-size\"><a class=\"wp-block-button__link has-base-3-color has-text-color has-background wp-element-button\" href=\"https:\/\/ifdbeltran-rng.infd.edu.ar\/sitio\/formulario-web\/\" style=\"border-radius:10px;background-color:#f95404\" target=\"_blank\" rel=\"noreferrer noopener\">Acceder al Formulario web de inscripci\u00f3n a Carreras<\/a><\/div>\n<\/div>\n\n\n\n<div class=\"wp-block-buttons is-content-justification-center is-layout-flex wp-container-2\">\n<div class=\"wp-block-button has-custom-width wp-block-button__width-100 has-custom-font-size has-medium-font-size\"><a class=\"wp-block-button__link wp-element-button\" href=\"https:\/\/forms.gle\/cuSV8zmu3naz8vyb7\" style=\"border-radius:10px\" target=\"_blank\" rel=\"noreferrer noopener\">Completar la encuesta de ingresantes<\/a><\/div>\n<\/div>\n\n\n\n<p class=\"has-base-2-background-color has-background\"><strong>Esta encuesta<\/strong> tiene el objetivo de conocer al grupo de ingresantes para acompa\u00f1ar las trayectorias formativas en nuestro IFDC. Por lo tanto es importante que dedique unos minutos de su tiempo para completar los datos solicitados. Esto garantizar\u00e1 una transici\u00f3n fluida a sus trayectorias acad\u00e9micas y <strong>asegurar\u00e1 la correcta inscripci\u00f3n<\/strong> a las cursadas del pr\u00f3ximo per\u00edodo.<\/p>\n\n\n\n<h5 class=\"wp-block-heading has-accent-color has-text-color\">Paso 3. Inscribirse en las cursadas o espacios curriculares<\/h5>\n\n\n\n<p>Este paso se realiza a trav\u00e9s del sistema de <mark style=\"background-color:rgba(0, 0, 0, 0)\" class=\"has-inline-color has-contrast-color\"><strong>INSCRIPCI\u00d3N VIRTUAL<\/strong><\/mark>, cuyo enlace est\u00e1 disponible en la p\u00e1gina de inicio de la Instituci\u00f3n. El sistema solicitar\u00e1 un usuario y una contrase\u00f1a. Para ambos casos es su <strong>n\u00famero<\/strong> de <strong>DNI<\/strong> (sin puntos).  Una vez iniciada la sesi\u00f3n, se deber\u00e1 seleccionar la opci\u00f3n de <strong>Inscripci\u00f3n a cursadas<\/strong>, para posteriormente, elegir desde la lista de <strong>inscripciones pendientes<\/strong>, las materias o asignaturas que se desee cursar.<\/p>\n\n\n\n<ul class=\"has-base-2-background-color has-background\">\n<li>Si adeudas materias del secundario,&nbsp;<strong>puedes inscribirte<\/strong>&nbsp;<strong>igual<\/strong> y regularizar tu situaci\u00f3n hasta el&nbsp;<strong>31 de Octubre<\/strong>&nbsp;<strong>del a\u00f1o de comienzo de cursado<\/strong>. Adem\u00e1s te acompa\u00f1amos para que puedas preparar y rendir las materias pendientes. <\/li>\n\n\n\n<li>Si tienes&nbsp;<strong>m\u00e1s de 25 a\u00f1os<\/strong>&nbsp;y no finalizaste el Nivel Secundario tambi\u00e9n puedes inscribirte.<\/li>\n<\/ul>\n","protected":false},"excerpt":{"rendered":"<p>La inscripci\u00f3n a una carrera incluye tres pasos que deber\u00e1n completar obligatoriamente. Paso 1. Completar el formulario web de inscripci\u00f3n Este paso se realiza de manera virtual, mediante la carga de un formulario en l\u00ednea. En \u00e9l se deben completar los datos personales, el nombre del t\u00edtulo obtenido en el nivel secundario, el establecimiento educativo &#8230; <a title=\"Inscripci\u00f3n a carreras\" class=\"read-more\" href=\"https:\/\/ifdbeltran-rng.infd.edu.ar\/sitio\/inscripcion-a-carreras\/\" aria-label=\"More on Inscripci\u00f3n a carreras\">[+]<\/a><\/p>\n","protected":false},"author":2582,"featured_media":0,"parent":0,"menu_order":0,"comment_status":"closed","ping_status":"closed","template":"","meta":[],"acf":[],"_links":{"self":[{"href":"https:\/\/ifdbeltran-rng.infd.edu.ar\/sitio\/wp-json\/wp\/v2\/pages\/10613"}],"collection":[{"href":"https:\/\/ifdbeltran-rng.infd.edu.ar\/sitio\/wp-json\/wp\/v2\/pages"}],"about":[{"href":"https:\/\/ifdbeltran-rng.infd.edu.ar\/sitio\/wp-json\/wp\/v2\/types\/page"}],"author":[{"embeddable":true,"href":"https:\/\/ifdbeltran-rng.infd.edu.ar\/sitio\/wp-json\/wp\/v2\/users\/2582"}],"replies":[{"embeddable":true,"href":"https:\/\/ifdbeltran-rng.infd.edu.ar\/sitio\/wp-json\/wp\/v2\/comments?post=10613"}],"version-history":[{"count":27,"href":"https:\/\/ifdbeltran-rng.infd.edu.ar\/sitio\/wp-json\/wp\/v2\/pages\/10613\/revisions"}],"predecessor-version":[{"id":11032,"href":"https:\/\/ifdbeltran-rng.infd.edu.ar\/sitio\/wp-json\/wp\/v2\/pages\/10613\/revisions\/11032"}],"wp:attachment":[{"href":"https:\/\/ifdbeltran-rng.infd.edu.ar\/sitio\/wp-json\/wp\/v2\/media?parent=10613"}],"curies":[{"name":"wp","href":"https:\/\/api.w.org\/{rel}","templated":true}]}}