{"id":1081,"date":"2018-08-31T13:43:16","date_gmt":"2018-08-31T16:43:16","guid":{"rendered":"https:\/\/ifdbeltran-rng.infd.edu.ar\/sitio\/administracion\/"},"modified":"2025-08-25T17:46:12","modified_gmt":"2025-08-25T20:46:12","slug":"administrativos","status":"publish","type":"page","link":"https:\/\/ifdbeltran-rng.infd.edu.ar\/sitio\/administrativos\/","title":{"rendered":"Administraci\u00f3n"},"content":{"rendered":"\n<p><strong>Secretar\u00eda General<\/strong><br>Prof. Makarena Ya\u00f1ez<\/p>\n\n\n\n<p><strong>Secretar\u00eda de Estudiantes<\/strong><br>Profesorado de Geograf\u00eda &#8211; Prof. Romina Tagliaferro<br>Profesorado de Historia &#8211; Prof. Betiana Calvo<br>Profesorado de Primaria &#8211; Prof. Natalia Castellano<\/p>\n","protected":false},"excerpt":{"rendered":"<p>Secretar\u00eda GeneralProf. Makarena Ya\u00f1ez Secretar\u00eda de EstudiantesProfesorado de Geograf\u00eda &#8211; Prof. Romina TagliaferroProfesorado de Historia &#8211; Prof. Betiana CalvoProfesorado de Primaria &#8211; Prof. Natalia Castellano<\/p>\n","protected":false},"author":2582,"featured_media":0,"parent":0,"menu_order":0,"comment_status":"closed","ping_status":"closed","template":"","meta":[],"acf":[],"_links":{"self":[{"href":"https:\/\/ifdbeltran-rng.infd.edu.ar\/sitio\/wp-json\/wp\/v2\/pages\/1081"}],"collection":[{"href":"https:\/\/ifdbeltran-rng.infd.edu.ar\/sitio\/wp-json\/wp\/v2\/pages"}],"about":[{"href":"https:\/\/ifdbeltran-rng.infd.edu.ar\/sitio\/wp-json\/wp\/v2\/types\/page"}],"author":[{"embeddable":true,"href":"https:\/\/ifdbeltran-rng.infd.edu.ar\/sitio\/wp-json\/wp\/v2\/users\/2582"}],"replies":[{"embeddable":true,"href":"https:\/\/ifdbeltran-rng.infd.edu.ar\/sitio\/wp-json\/wp\/v2\/comments?post=1081"}],"version-history":[{"count":18,"href":"https:\/\/ifdbeltran-rng.infd.edu.ar\/sitio\/wp-json\/wp\/v2\/pages\/1081\/revisions"}],"predecessor-version":[{"id":10406,"href":"https:\/\/ifdbeltran-rng.infd.edu.ar\/sitio\/wp-json\/wp\/v2\/pages\/1081\/revisions\/10406"}],"wp:attachment":[{"href":"https:\/\/ifdbeltran-rng.infd.edu.ar\/sitio\/wp-json\/wp\/v2\/media?parent=1081"}],"curies":[{"name":"wp","href":"https:\/\/api.w.org\/{rel}","templated":true}]}}