{"id":1151,"date":"2018-08-31T13:43:41","date_gmt":"2018-08-31T16:43:41","guid":{"rendered":"https:\/\/ifdbeltran-rng.infd.edu.ar\/sitio\/podcast\/"},"modified":"2023-10-09T22:03:38","modified_gmt":"2023-10-10T01:03:38","slug":"podcast-radio","status":"publish","type":"page","link":"https:\/\/ifdbeltran-rng.infd.edu.ar\/sitio\/podcast-radio\/","title":{"rendered":"Podcast-Radio"},"content":{"rendered":"<p style=\"text-align: left;\">&nbsp;<iframe id=\"audio_26934437\" style=\"border: 1px solid #EEE; box-sizing: border-box; width: 100%;\" src=\"https:\/\/ar.ivoox.com\/es\/player_ej_26934437_4_1.html?c1=ff6600\" height=\"200\" frameborder=\"0\" scrolling=\"no\" allowfullscreen=\"allowfullscreen\"><\/iframe><\/p>\n<p style=\"text-align: left;\">\n<\/p><p style=\"text-align: left;\">&nbsp;<img decoding=\"async\" loading=\"lazy\" title=\"\" src=\"https:\/\/ifdbeltran-rng.infd.edu.ar\/sitio\/wp-content\/uploads\/2018\/08\/mayo_frances.jpg\" alt=\"\" width=\"481\" height=\"434\" border=\"0\"><\/p>\n<p><iframe id=\"audio_25883309\" style=\"border: 1px solid #EEE; box-sizing: border-box; width: 100%;\" src=\"https:\/\/ar.ivoox.com\/es\/player_ej_25883309_4_1.html?c1=ff6600\" height=\"200\" frameborder=\"0\" scrolling=\"no\" allowfullscreen=\"allowfullscreen\"><\/iframe>A 50 a\u00f1os del Mayo Franc\u00e9s&#8230;PROHIBIDO PROHIBIR<\/p>\n<p>Ciclo radial<br>\nProyecto de Extensi\u00f3n del Instituto de Formaci\u00f3n Docente Continua de Luis Beltr\u00e1n.<\/p>\n<p>&nbsp;<\/p>\n<hr>\n<p><img decoding=\"async\" loading=\"lazy\" title=\"Fuegos de octubre\" src=\"https:\/\/ifdbeltran-rng.infd.edu.ar\/sitio\/wp-content\/uploads\/2018\/08\/FUEGOS_DE_OKTUBRE_1.png\" alt=\"Fuegos de octubre\" width=\"465\" height=\"313\" border=\"0\"><\/p>\n<p><iframe id=\"audio_25887958\" style=\"border: 1px solid #EEE; box-sizing: border-box; width: 100%;\" src=\"https:\/\/ar.ivoox.com\/es\/player_ej_25887958_4_1.html?c1=ff6600\" height=\"200\" frameborder=\"0\" scrolling=\"no\" allowfullscreen=\"allowfullscreen\"><\/iframe><\/p>\n<p>1917-2017 FUEGOS DE OKTUBRE<br>\nReconstruir los significados presentes a cien a\u00f1os de la Revoluci\u00f3n Rusa<br>\nProyecto de Extensi\u00f3n del Instituto de Formaci\u00f3n Docente Continua de Luis Beltr\u00e1n<\/p>\n<p>&nbsp;<\/p>\n<hr>\n<p><strong style=\"font-size: 10pt; text-align: center;\"><span style=\"color: #800000;\"><img decoding=\"async\" loading=\"lazy\" title=\"DERRIBANDO CUADRADO\" src=\"https:\/\/ifdbeltran-rng.infd.edu.ar\/sitio\/wp-content\/uploads\/2018\/08\/derribando_barreras_cuadrado.jpg\" alt=\"DERRIBANDO CUADRADO\" width=\"494\" height=\"487\" border=\"0\"><\/span><\/strong><\/p>\n<p><strong style=\"font-size: 18pt; text-align: center;\"><span style=\"color: #800000;\">DERRIBANDO BARRERAS<\/span><\/strong><\/p>\n<p style=\"text-align: justify;\"><span style=\"font-size: 12pt;\">Esta producci\u00f3n radial, realizada por la Tecnicatura en Comunicaci\u00f3n Social,&nbsp; se justifica en la necesidad de lograr en los <em>estudiantes-comunicadores sociales<\/em> un abordaje claro de la problem\u00e1tica de la discapacidad para que la puedan comunicar a partir del conocimiento de los paradigmas en los que se desarrolla la tem\u00e1tica de la inclusi\u00f3n.&nbsp;<\/span><\/p>\n<p style=\"text-align: justify;\"><span style=\"font-size: 10pt;\"><strong>Programas para escuchar:<\/strong><\/span><\/p>\n<p><iframe id=\"audio_21234970\" style=\"border: 1px solid #EEE; box-sizing: border-box; width: 100%;\" src=\"https:\/\/ar.ivoox.com\/es\/player_ej_21234970_4_1.html?c1=ff6600\" height=\"200\" frameborder=\"0\" scrolling=\"no\" allowfullscreen=\"allowfullscreen\"><\/iframe> <iframe id=\"audio_21219652\" style=\"border: 1px solid #EEE; box-sizing: border-box; width: 100%;\" src=\"https:\/\/ar.ivoox.com\/es\/player_ej_21219652_4_1.html?c1=ff6600\" height=\"200\" frameborder=\"0\" scrolling=\"no\" allowfullscreen=\"allowfullscreen\"><\/iframe> <iframe id=\"audio_24548214\" style=\"border: 1px solid #EEE; box-sizing: border-box; width: 100%;\" src=\"https:\/\/ar.ivoox.com\/es\/player_ej_24548214_4_1.html?c1=ff6600\" height=\"200\" frameborder=\"0\" scrolling=\"no\" allowfullscreen=\"allowfullscreen\"><\/iframe> <iframe id=\"audio_24548561\" style=\"border: 1px solid #EEE; box-sizing: border-box; width: 100%;\" src=\"https:\/\/ar.ivoox.com\/es\/player_ej_24548561_4_1.html?c1=ff6600\" height=\"200\" frameborder=\"0\" scrolling=\"no\" allowfullscreen=\"allowfullscreen\"><\/iframe> <iframe id=\"audio_24549102\" style=\"border: 1px solid #EEE; box-sizing: border-box; width: 100%;\" src=\"https:\/\/ar.ivoox.com\/es\/player_ej_24549102_4_1.html?c1=ff6600\" height=\"200\" frameborder=\"0\" scrolling=\"no\" allowfullscreen=\"allowfullscreen\"><\/iframe><\/p>\n\n\n<p><\/p>\n","protected":false},"excerpt":{"rendered":"<p>&nbsp; &nbsp; A 50 a\u00f1os del Mayo Franc\u00e9s&#8230;PROHIBIDO PROHIBIR Ciclo radial Proyecto de Extensi\u00f3n del Instituto de Formaci\u00f3n Docente Continua de Luis Beltr\u00e1n. &nbsp; 1917-2017 FUEGOS DE OKTUBRE Reconstruir los significados presentes a cien a\u00f1os de la Revoluci\u00f3n Rusa Proyecto de Extensi\u00f3n del Instituto de Formaci\u00f3n Docente Continua de Luis Beltr\u00e1n &nbsp; DERRIBANDO BARRERAS Esta &#8230; <a title=\"Podcast-Radio\" class=\"read-more\" href=\"https:\/\/ifdbeltran-rng.infd.edu.ar\/sitio\/podcast-radio\/\" aria-label=\"More on Podcast-Radio\">[+]<\/a><\/p>\n","protected":false},"author":2582,"featured_media":0,"parent":0,"menu_order":0,"comment_status":"closed","ping_status":"closed","template":"","meta":[],"acf":[],"_links":{"self":[{"href":"https:\/\/ifdbeltran-rng.infd.edu.ar\/sitio\/wp-json\/wp\/v2\/pages\/1151"}],"collection":[{"href":"https:\/\/ifdbeltran-rng.infd.edu.ar\/sitio\/wp-json\/wp\/v2\/pages"}],"about":[{"href":"https:\/\/ifdbeltran-rng.infd.edu.ar\/sitio\/wp-json\/wp\/v2\/types\/page"}],"author":[{"embeddable":true,"href":"https:\/\/ifdbeltran-rng.infd.edu.ar\/sitio\/wp-json\/wp\/v2\/users\/2582"}],"replies":[{"embeddable":true,"href":"https:\/\/ifdbeltran-rng.infd.edu.ar\/sitio\/wp-json\/wp\/v2\/comments?post=1151"}],"version-history":[{"count":4,"href":"https:\/\/ifdbeltran-rng.infd.edu.ar\/sitio\/wp-json\/wp\/v2\/pages\/1151\/revisions"}],"predecessor-version":[{"id":5818,"href":"https:\/\/ifdbeltran-rng.infd.edu.ar\/sitio\/wp-json\/wp\/v2\/pages\/1151\/revisions\/5818"}],"wp:attachment":[{"href":"https:\/\/ifdbeltran-rng.infd.edu.ar\/sitio\/wp-json\/wp\/v2\/media?parent=1151"}],"curies":[{"name":"wp","href":"https:\/\/api.w.org\/{rel}","templated":true}]}}