{"id":11536,"date":"2026-04-20T16:18:04","date_gmt":"2026-04-20T19:18:04","guid":{"rendered":"https:\/\/ifdbeltran-rng.infd.edu.ar\/sitio\/?page_id=11536"},"modified":"2026-04-27T21:48:22","modified_gmt":"2026-04-28T00:48:22","slug":"congresos","status":"publish","type":"page","link":"https:\/\/ifdbeltran-rng.infd.edu.ar\/sitio\/congresos\/","title":{"rendered":"Congresos"},"content":{"rendered":"\n<figure class=\"wp-block-image size-full\"><img decoding=\"async\" loading=\"lazy\" width=\"1100\" height=\"200\" src=\"https:\/\/ifdbeltran-rng.infd.edu.ar\/sitio\/wp-content\/uploads\/2026\/04\/1_Encabezado.png\" alt=\"\" class=\"wp-image-11573\" srcset=\"https:\/\/ifdbeltran-rng.infd.edu.ar\/sitio\/wp-content\/uploads\/2026\/04\/1_Encabezado.png 1100w, https:\/\/ifdbeltran-rng.infd.edu.ar\/sitio\/wp-content\/uploads\/2026\/04\/1_Encabezado-1000x182.png 1000w, https:\/\/ifdbeltran-rng.infd.edu.ar\/sitio\/wp-content\/uploads\/2026\/04\/1_Encabezado-768x140.png 768w\" sizes=\"(max-width: 1100px) 100vw, 1100px\" \/><\/figure>\n\n\n\n<p>El VI Congreso de Trabajo Docente nos invita a reencontrarnos con el sentido profundo de ense\u00f1ar: un derecho, una responsabilidad colectiva y una pr\u00e1ctica que transforma vidas. En un tiempo marcado por cambios, tensiones y desaf\u00edos que atraviesan nuestras escuelas, este encuentro abre un espacio para mirarnos, escucharnos y reconstruir juntos los sentidos de la ense\u00f1anza en los escenarios actuales. Es una oportunidad para detenernos, compartir lo que hacemos y proyectar horizontes que fortalezcan la justicia curricular y el derecho a la educaci\u00f3n.<\/p>\n\n\n\n<p>Esta nueva edici\u00f3n del Congreso convoca a quienes creen que ense\u00f1ar es un acto p\u00fablico, \u00e9tico y pol\u00edtico. Un acto que se vuelve experiencia viva cuando se transforma en transmisi\u00f3n, creaci\u00f3n y construcci\u00f3n colectiva de conocimiento. Porque cada vez que ense\u00f1amos, afirmamos que todas las personas tienen derecho a aprender y a participar de un mundo m\u00e1s justo.<\/p>\n\n\n\n<h5 class=\"wp-block-heading\"><strong>\u00bfPor qu\u00e9 participar del VI Congreso de Trabajo Docente?<\/strong><\/h5>\n\n\n\n<p>Porque encontrarnos para pensar el trabajo docente es reconocer que nuestra tarea no es solo cotidiana: es profundamente humana. Ense\u00f1ar es sostener la igualdad, abrir caminos, habilitar voces y recrear sentidos en cada instituci\u00f3n, en cada aula, en cada v\u00ednculo pedag\u00f3gico. Es acompa\u00f1ar a otros a descubrir, a comprender, a transformar.<\/p>\n\n\n\n<p>Sabemos que en el coraz\u00f3n de nuestro trabajo est\u00e1 la Pr\u00e1ctica Pedag\u00f3gica, ese espacio donde se entrelazan docentes, estudiantes y conocimiento. All\u00ed se ense\u00f1a y se aprende en escenarios \u00fanicos, atravesados por tensiones, valores, decisiones y desaf\u00edos que nos obligan a elegir, a posicionarnos, a actuar con responsabilidad \u00e9tica. Como se\u00f1ala Edelstein, ense\u00f1ar es asumir esas tensiones y sostenerlas con compromiso.<\/p>\n\n\n\n<p>Este Congreso es una invitaci\u00f3n a volver a lo esencial: a la potencia de lo colectivo, a la fuerza de la transmisi\u00f3n, a la convicci\u00f3n de que la educaci\u00f3n es un derecho que se construye entre todos.<\/p>\n\n\n\n<figure class=\"wp-block-image size-full is-resized\"><img decoding=\"async\" loading=\"lazy\" src=\"https:\/\/ifdbeltran-rng.infd.edu.ar\/sitio\/wp-content\/uploads\/2026\/04\/3-Cronograma.png\" alt=\"\" class=\"wp-image-11581\" width=\"1100\" height=\"300\" srcset=\"https:\/\/ifdbeltran-rng.infd.edu.ar\/sitio\/wp-content\/uploads\/2026\/04\/3-Cronograma.png 1100w, https:\/\/ifdbeltran-rng.infd.edu.ar\/sitio\/wp-content\/uploads\/2026\/04\/3-Cronograma-1000x273.png 1000w, https:\/\/ifdbeltran-rng.infd.edu.ar\/sitio\/wp-content\/uploads\/2026\/04\/3-Cronograma-768x209.png 768w\" sizes=\"(max-width: 1100px) 100vw, 1100px\" \/><\/figure>\n\n\n\n<h4 class=\"wp-block-heading\">Ejes Tem\u00e1ticos<\/h4>\n\n\n\n<p>Eje 1 &#8211; La ense\u00f1anza en el marco de las Did\u00e1cticas Espec\u00edficas.<br>Eje 2 &#8211; La ense\u00f1anza en la escuela inclusiva.<br>Eje 3 &#8211; La ense\u00f1anza y los proyectos \u00e1ulicos\/institucionales.<br>Eje 4 &#8211; La ense\u00f1anza como problema pol\u00edtico.<br>Eje 5 &#8211; La ense\u00f1anza y las TICs.<br>Eje 6 &#8211; Ense\u00f1anza e interdisciplinariedad.<\/p>\n\n\n\n<h4 class=\"wp-block-heading\">Certificaciones<\/h4>\n\n\n\n<p>Se certificar\u00e1 la asistencia y autor\u00eda de ponencias\/relator\u00edas de experiencias.<\/p>\n\n\n\n<h4 class=\"wp-block-heading\">Requisitos para la acreditaci\u00f3n de asistencia.<\/h4>\n\n\n\n<p>Para acceder al certificado de asistencia se debe participar de una (1) actividad propuesta en cada uno de los bloques del programa (jueves a la tarde, viernes a la ma\u00f1ana y viernes por la tarde).<\/p>\n\n\n\n<h4 class=\"wp-block-heading\">Requisitos para la presentaci\u00f3n de ponencias\/relator\u00edas de experiencias.<\/h4>\n\n\n\n<p>Se solicita que la presentaci\u00f3n respete las Normas APA (7ma edici\u00f3n). Por lo tanto, se sugiere:<\/p>\n\n\n\n<ul>\n<li><strong>Presentaci\u00f3n del trabajo<\/strong> en formato PDF, p\u00e1gina tama\u00f1o A4, orientaci\u00f3n vertical.<\/li>\n\n\n\n<li><strong>Tipograf\u00edas<\/strong>: Arial 11 o Times New Roman 12. Interlineado doble. Justificado.<\/li>\n\n\n\n<li><strong>Encabezado<\/strong> (Alineado a la izquierda, interlineado simple):<\/li>\n\n\n\n<li><strong>T\u00edtulo<\/strong> (en negrita). Este debe ser sugerente y\/o representativo al contenido. No debe ser muy extenso, entre 8 a 10 palabras. Si considera puede incluir un <em>subt\u00edtulo<\/em>.<\/li>\n\n\n\n<li><strong>Nombre del\/los autor\/es\/as<\/strong>, DNI, direcci\u00f3n de mail y referencia institucional (instituci\u00f3n de pertenencia, direcci\u00f3n de e-mail).<\/li>\n\n\n\n<li><strong>Eje tem\u00e1tico<\/strong>: indicar el eje al que pertenece el trabajo.<\/li>\n\n\n\n<li><strong>G\u00e9nero acad\u00e9mico<\/strong>: indicar si es ponencia o relator\u00eda de experiencia.<\/li>\n\n\n\n<li><strong>Resumen (Abstract)<\/strong>: breve descripci\u00f3n general de la ponencia\/experiencia a relatar, no m\u00e1s de 300 palabras. Debe contener el tema y\/o problema y principales ideas que se abordar\u00e1n. <\/li>\n\n\n\n<li><strong>A continuaci\u00f3n se ofrecen consideraciones seg\u00fan g\u00e9nero<\/strong>:\n<ul>\n<li><mark style=\"background-color:rgba(0, 0, 0, 0)\" class=\"has-inline-color has-accent-color\">Ponencia<\/mark>: s\u00edntesis del contexto\/problema de investigaci\u00f3n, metodolog\u00eda, principales hallazgos y conclusiones.<\/li>\n\n\n\n<li><mark style=\"background-color:rgba(0, 0, 0, 0)\" class=\"has-inline-color has-accent-color\">Relato de experiencia<\/mark>: s\u00edntesis del contexto de la experiencia, intencionalidad pedag\u00f3gica, principales desaf\u00edos y fortalezas, impacto en los\/as estudiantes y\/o comunidad educativa.<\/li>\n\n\n\n<li><mark style=\"background-color:rgba(0, 0, 0, 0)\" class=\"has-inline-color has-accent-color\">Palabras claves<\/mark>: indicar palabras o t\u00e9rminos claves que identifican la ponencia\/experiencia. Entre 3 y 5 palabras.<\/li>\n<\/ul>\n<\/li>\n<\/ul>\n\n\n\n<figure class=\"wp-block-image size-full\"><img decoding=\"async\" loading=\"lazy\" width=\"1100\" height=\"200\" src=\"https:\/\/ifdbeltran-rng.infd.edu.ar\/sitio\/wp-content\/uploads\/2026\/04\/6_Separador_Formularios.png\" alt=\"\" class=\"wp-image-11589\" srcset=\"https:\/\/ifdbeltran-rng.infd.edu.ar\/sitio\/wp-content\/uploads\/2026\/04\/6_Separador_Formularios.png 1100w, https:\/\/ifdbeltran-rng.infd.edu.ar\/sitio\/wp-content\/uploads\/2026\/04\/6_Separador_Formularios-1000x182.png 1000w, https:\/\/ifdbeltran-rng.infd.edu.ar\/sitio\/wp-content\/uploads\/2026\/04\/6_Separador_Formularios-768x140.png 768w\" sizes=\"(max-width: 1100px) 100vw, 1100px\" \/><\/figure>\n\n\n\n<h4 class=\"wp-block-heading\">Formulario de Inscripci\u00f3n como participante.<\/h4>\n\n\n\n<p>Complete este formulario para registrarse como participante del Congreso.<\/p>\n\n\n\n<iframe src=\"https:\/\/docs.google.com\/forms\/d\/e\/1FAIpQLScnJJcTvl4Grl25O22EmUo5D0PoNjzfUam_ZLzNIM8p13-sEQ\/viewform?embedded=true\" width=100% height=\"1190\" frameborder=\"0\" marginheight=\"0\" marginwidth=\"0\">Cargando\u2026<\/iframe>\n\n\n\n<div style=\"height:30px\" aria-hidden=\"true\" class=\"wp-block-spacer\"><\/div>\n\n\n\n<h4 class=\"wp-block-heading\">Presentaci\u00f3n de Ponencias \/ Relator\u00edas de Experiencias.<\/h4>\n\n\n\n<div class=\"wp-block-buttons is-content-justification-center is-layout-flex wp-container-1\">\n<div class=\"wp-block-button has-custom-width wp-block-button__width-100 is-style-fill\"><a class=\"wp-block-button__link has-base-background-color has-text-color has-background wp-element-button\" href=\"https:\/\/forms.gle\/mGXhtL3yHzPg8dLx8\" style=\"border-radius:10px;color:#001536\" target=\"_blank\" rel=\"noreferrer noopener\"><strong>Acceda al siguiente formulario para enviar su trabajo<\/strong><\/a><\/div>\n<\/div>\n\n\n\n<div style=\"height:40px\" aria-hidden=\"true\" class=\"wp-block-spacer\"><\/div>\n\n\n\n<figure class=\"wp-block-image size-full\"><img decoding=\"async\" loading=\"lazy\" width=\"1100\" height=\"200\" src=\"https:\/\/ifdbeltran-rng.infd.edu.ar\/sitio\/wp-content\/uploads\/2026\/04\/10_Separador_Circulares.png\" alt=\"\" class=\"wp-image-11597\" srcset=\"https:\/\/ifdbeltran-rng.infd.edu.ar\/sitio\/wp-content\/uploads\/2026\/04\/10_Separador_Circulares.png 1100w, https:\/\/ifdbeltran-rng.infd.edu.ar\/sitio\/wp-content\/uploads\/2026\/04\/10_Separador_Circulares-1000x182.png 1000w, https:\/\/ifdbeltran-rng.infd.edu.ar\/sitio\/wp-content\/uploads\/2026\/04\/10_Separador_Circulares-768x140.png 768w\" sizes=\"(max-width: 1100px) 100vw, 1100px\" \/><\/figure>\n\n\n\n<div class=\"wp-block-buttons is-content-justification-center is-layout-flex wp-container-2\">\n<div class=\"wp-block-button has-custom-width wp-block-button__width-100 is-style-fill\"><a class=\"wp-block-button__link has-text-color has-background wp-element-button\" style=\"border-radius:10px;color:#f95404;background-color:#00153617\"><strong>Acceda a la Circular I del VI Congreso de Trabajo Docente<\/strong><\/a><\/div>\n<\/div>\n\n\n\n<div style=\"height:41px\" aria-hidden=\"true\" class=\"wp-block-spacer\"><\/div>\n\n\n\n<figure class=\"wp-block-image size-full\"><img decoding=\"async\" loading=\"lazy\" width=\"1100\" height=\"200\" src=\"https:\/\/ifdbeltran-rng.infd.edu.ar\/sitio\/wp-content\/uploads\/2026\/04\/12_Separador_Sede.png\" alt=\"\" class=\"wp-image-11608\" srcset=\"https:\/\/ifdbeltran-rng.infd.edu.ar\/sitio\/wp-content\/uploads\/2026\/04\/12_Separador_Sede.png 1100w, https:\/\/ifdbeltran-rng.infd.edu.ar\/sitio\/wp-content\/uploads\/2026\/04\/12_Separador_Sede-1000x182.png 1000w, https:\/\/ifdbeltran-rng.infd.edu.ar\/sitio\/wp-content\/uploads\/2026\/04\/12_Separador_Sede-768x140.png 768w\" sizes=\"(max-width: 1100px) 100vw, 1100px\" \/><\/figure>\n\n\n\n<div class=\"wp-block-cover\" style=\"min-height:274px\"><span aria-hidden=\"true\" class=\"wp-block-cover__background has-base-2-background-color has-background-dim-100 has-background-dim\"><\/span><div class=\"wp-block-cover__inner-container\">\n<iframe src=\"https:\/\/www.google.com\/maps\/embed?pb=!1m18!1m12!1m3!1d3087.013070885544!2d-65.76207212460668!3d-39.31062722106034!2m3!1f0!2f0!3f0!3m2!1i1024!2i768!4f13.1!3m3!1m2!1s0x95e48754c21540e9%3A0xebd7fc0db568e0b2!2sInstituto%20de%20Formacion%20Docente%20Continua%20de%20Luis%20Beltran!5e0!3m2!1ses!2sar!4v1777329314696!5m2!1ses!2sar\" width=\"1100\" height=\"600\" style=\"border:0;\" allowfullscreen=\"\" loading=\"lazy\" referrerpolicy=\"no-referrer-when-downgrade\"><\/iframe>\n<\/div><\/div>\n\n\n\n<figure class=\"wp-block-image size-full\"><img decoding=\"async\" loading=\"lazy\" width=\"1100\" height=\"200\" src=\"https:\/\/ifdbeltran-rng.infd.edu.ar\/sitio\/wp-content\/uploads\/2026\/04\/14_Separador_Mail.png\" alt=\"\" class=\"wp-image-11611\" srcset=\"https:\/\/ifdbeltran-rng.infd.edu.ar\/sitio\/wp-content\/uploads\/2026\/04\/14_Separador_Mail.png 1100w, https:\/\/ifdbeltran-rng.infd.edu.ar\/sitio\/wp-content\/uploads\/2026\/04\/14_Separador_Mail-1000x182.png 1000w, https:\/\/ifdbeltran-rng.infd.edu.ar\/sitio\/wp-content\/uploads\/2026\/04\/14_Separador_Mail-768x140.png 768w\" sizes=\"(max-width: 1100px) 100vw, 1100px\" \/><\/figure>\n","protected":false},"excerpt":{"rendered":"<p>El VI Congreso de Trabajo Docente nos invita a reencontrarnos con el sentido profundo de ense\u00f1ar: un derecho, una responsabilidad colectiva y una pr\u00e1ctica que transforma vidas. En un tiempo marcado por cambios, tensiones y desaf\u00edos que atraviesan nuestras escuelas, este encuentro abre un espacio para mirarnos, escucharnos y reconstruir juntos los sentidos de la &#8230; <a title=\"Congresos\" class=\"read-more\" href=\"https:\/\/ifdbeltran-rng.infd.edu.ar\/sitio\/congresos\/\" aria-label=\"More on Congresos\">[+]<\/a><\/p>\n","protected":false},"author":2582,"featured_media":0,"parent":0,"menu_order":0,"comment_status":"closed","ping_status":"closed","template":"","meta":[],"acf":[],"_links":{"self":[{"href":"https:\/\/ifdbeltran-rng.infd.edu.ar\/sitio\/wp-json\/wp\/v2\/pages\/11536"}],"collection":[{"href":"https:\/\/ifdbeltran-rng.infd.edu.ar\/sitio\/wp-json\/wp\/v2\/pages"}],"about":[{"href":"https:\/\/ifdbeltran-rng.infd.edu.ar\/sitio\/wp-json\/wp\/v2\/types\/page"}],"author":[{"embeddable":true,"href":"https:\/\/ifdbeltran-rng.infd.edu.ar\/sitio\/wp-json\/wp\/v2\/users\/2582"}],"replies":[{"embeddable":true,"href":"https:\/\/ifdbeltran-rng.infd.edu.ar\/sitio\/wp-json\/wp\/v2\/comments?post=11536"}],"version-history":[{"count":40,"href":"https:\/\/ifdbeltran-rng.infd.edu.ar\/sitio\/wp-json\/wp\/v2\/pages\/11536\/revisions"}],"predecessor-version":[{"id":11643,"href":"https:\/\/ifdbeltran-rng.infd.edu.ar\/sitio\/wp-json\/wp\/v2\/pages\/11536\/revisions\/11643"}],"wp:attachment":[{"href":"https:\/\/ifdbeltran-rng.infd.edu.ar\/sitio\/wp-json\/wp\/v2\/media?parent=11536"}],"curies":[{"name":"wp","href":"https:\/\/api.w.org\/{rel}","templated":true}]}}