{"id":1157,"date":"2018-08-31T13:43:43","date_gmt":"2018-08-31T16:43:43","guid":{"rendered":"https:\/\/ifdbeltran-rng.infd.edu.ar\/sitio\/1er-y-2do-congreso-de-trabajo-docente\/"},"modified":"2026-03-09T15:57:28","modified_gmt":"2026-03-09T18:57:28","slug":"normativa","status":"publish","type":"page","link":"https:\/\/ifdbeltran-rng.infd.edu.ar\/sitio\/normativa\/","title":{"rendered":"Normativa vigente"},"content":{"rendered":"\n<div class=\"wp-block-columns is-layout-flex wp-container-2\">\n<div class=\"wp-block-column is-layout-flow\">\n<ul>\n<li><span style=\"color: #3366ff;\"><a style=\"color: #3366ff;\" rel=\"noopener\" href=\"https:\/\/ifdbeltran-rng.infd.edu.ar\/sitio\/wp-content\/uploads\/2019\/11\/RAM-4077.pdf\" target=\"_blank\">RAM 4077<\/a><\/span><\/li>\n\n\n\n<li><a rel=\"noreferrer noopener\" href=\"https:\/\/ifdbeltran-rng.infd.edu.ar\/sitio\/wp-content\/uploads\/2024\/02\/ROM-2425-16.pdf\" target=\"_blank\">ROM 2425-16<\/a><\/li>\n\n\n\n<li><a rel=\"noreferrer noopener\" href=\"https:\/\/ifdbeltran-rng.infd.edu.ar\/sitio\/wp-content\/uploads\/2023\/06\/disp-188-23-DES-turno-de-examenes.pdf\" target=\"_blank\">Disposici\u00f3n 188-23<\/a> DES. Turnos de Ex\u00e1menes.<\/li>\n\n\n\n<li><a rel=\"noreferrer noopener\" href=\"https:\/\/ifdbeltran-rng.infd.edu.ar\/sitio\/wp-content\/uploads\/2023\/06\/disp-189-23-DES-practica-docente-IV.pdf\" target=\"_blank\">Disposici\u00f3n 189-23<\/a> DES. Pr\u00e1ctica Docente IV.<\/li>\n\n\n\n<li><a rel=\"noreferrer noopener\" href=\"https:\/\/ifdbeltran-rng.infd.edu.ar\/sitio\/wp-content\/uploads\/2023\/06\/disp-190-23-DES-validez.pdf\" target=\"_blank\">Disposici\u00f3n 190-23<\/a> DES. Validez de Cursadas.<\/li>\n\n\n\n<li><a href=\"https:\/\/ifdbeltran-rng.infd.edu.ar\/sitio\/wp-content\/uploads\/2025\/06\/disp-884-25_DES-FI.pdf\" target=\"_blank\" rel=\"noreferrer noopener\">Disposici\u00f3n 884-25<\/a> DES. Lineamientos para el desarrollo de las actividades de Formaci\u00f3n Inicial en los IFDC de R\u00edo Negro.<\/li>\n<\/ul>\n<\/div>\n<\/div>\n\n\n\n<ul>\n<li class=\"has-medium-font-size\"><strong><a rel=\"noreferrer noopener\" href=\"https:\/\/ifdbeltran-rng.infd.edu.ar\/sitio\/wp-content\/uploads\/2024\/03\/01594-17.pdf\" target=\"_blank\">Resoluci\u00f3n 1594\/17<\/a> para ingreso a Nivel Superior de mayores de 25 a\u00f1os sin t\u00edtulo secundario.<\/strong><\/li>\n<\/ul>\n\n\n\n<div class=\"wp-block-buttons is-content-justification-center is-layout-flex wp-container-3\">\n<div class=\"wp-block-button has-custom-width wp-block-button__width-75 has-custom-font-size has-medium-font-size\"><a class=\"wp-block-button__link has-background has-text-align-center wp-element-button\" href=\"https:\/\/ifdbeltran-rng.infd.edu.ar\/sitio\/wp-content\/uploads\/2024\/07\/manual-alfabetizacion-academica.pdf\" style=\"border-radius:10px;background-color:#0015369c\" target=\"_blank\" rel=\"noreferrer noopener\">Manual de Alfabetizaci\u00f3n Acad\u00e9mica<\/a><\/div>\n<\/div>\n\n\n\n<div class=\"wp-block-buttons is-horizontal is-content-justification-center is-nowrap is-layout-flex wp-container-4\">\n<div class=\"wp-block-button has-custom-width wp-block-button__width-75 has-custom-font-size is-style-fill has-medium-font-size\"><a class=\"wp-block-button__link has-base-3-color has-text-color has-background has-text-align-center wp-element-button\" href=\"https:\/\/ifdbeltran-rng.infd.edu.ar\/sitio\/wp-content\/uploads\/2024\/07\/func-sist-gest-acad-v1.pdf\" style=\"border-radius:10px;background-color:#f95404\" target=\"_blank\" rel=\"noreferrer noopener\">Funcionalidades del Sistema de Gesti\u00f3n Educativa<\/a><\/div>\n<\/div>\n\n\n\n<p>Existe una constante dedicaci\u00f3n por parte del <strong>grupo de secretarias<\/strong> y el <strong>equipo directivo<\/strong>, as\u00ed como el <strong>\u00e1rea de mediaciones digitales<\/strong> del Instituto, para evaluar y depurar el funcionamiento del sistema de gesti\u00f3n educativa.<\/p>\n\n\n\n<p>Este sistema, es una herramienta fundamental para nuestra instituci\u00f3n, ya que nos permite administrar de manera eficiente la informaci\u00f3n de la trayectoria de nuestras\/os estudiantes en cada Carrera. Por eso es que siempre estamos atentos a identificar las causas de los probables problemas t\u00e9cnicos y desarrollar las soluciones necesarias para corregirlos, como tambi\u00e9n, evaluar en todo momento, si el sistema, se adapta o se integra f\u00e1cilmente a las nuevas normativas educativas que puedan surgir. <\/p>\n","protected":false},"excerpt":{"rendered":"<p>Existe una constante dedicaci\u00f3n por parte del grupo de secretarias y el equipo directivo, as\u00ed como el \u00e1rea de mediaciones digitales del Instituto, para evaluar y depurar el funcionamiento del sistema de gesti\u00f3n educativa. Este sistema, es una herramienta fundamental para nuestra instituci\u00f3n, ya que nos permite administrar de manera eficiente la informaci\u00f3n de la &#8230; <a title=\"Normativa vigente\" class=\"read-more\" href=\"https:\/\/ifdbeltran-rng.infd.edu.ar\/sitio\/normativa\/\" aria-label=\"More on Normativa vigente\">[+]<\/a><\/p>\n","protected":false},"author":2582,"featured_media":0,"parent":0,"menu_order":0,"comment_status":"closed","ping_status":"closed","template":"","meta":[],"acf":[],"_links":{"self":[{"href":"https:\/\/ifdbeltran-rng.infd.edu.ar\/sitio\/wp-json\/wp\/v2\/pages\/1157"}],"collection":[{"href":"https:\/\/ifdbeltran-rng.infd.edu.ar\/sitio\/wp-json\/wp\/v2\/pages"}],"about":[{"href":"https:\/\/ifdbeltran-rng.infd.edu.ar\/sitio\/wp-json\/wp\/v2\/types\/page"}],"author":[{"embeddable":true,"href":"https:\/\/ifdbeltran-rng.infd.edu.ar\/sitio\/wp-json\/wp\/v2\/users\/2582"}],"replies":[{"embeddable":true,"href":"https:\/\/ifdbeltran-rng.infd.edu.ar\/sitio\/wp-json\/wp\/v2\/comments?post=1157"}],"version-history":[{"count":80,"href":"https:\/\/ifdbeltran-rng.infd.edu.ar\/sitio\/wp-json\/wp\/v2\/pages\/1157\/revisions"}],"predecessor-version":[{"id":11447,"href":"https:\/\/ifdbeltran-rng.infd.edu.ar\/sitio\/wp-json\/wp\/v2\/pages\/1157\/revisions\/11447"}],"wp:attachment":[{"href":"https:\/\/ifdbeltran-rng.infd.edu.ar\/sitio\/wp-json\/wp\/v2\/media?parent=1157"}],"curies":[{"name":"wp","href":"https:\/\/api.w.org\/{rel}","templated":true}]}}