{"id":1423,"date":"2018-09-22T13:48:52","date_gmt":"2018-09-22T16:48:52","guid":{"rendered":"https:\/\/ifdbeltran-rng.infd.edu.ar\/sitio\/?page_id=1423"},"modified":"2026-04-13T21:32:32","modified_gmt":"2026-04-14T00:32:32","slug":"cronogramas","status":"publish","type":"page","link":"https:\/\/ifdbeltran-rng.infd.edu.ar\/sitio\/cronogramas\/","title":{"rendered":"Cronogramas de ex\u00e1menes"},"content":{"rendered":"\n<h3 class=\"wp-block-heading has-text-align-left\"><mark style=\"background-color:rgba(0, 0, 0, 0)\" class=\"has-inline-color has-vivid-cyan-blue-color\">Cronograma de Ex\u00e1menes Finales Excepcionales Abril 2026<\/mark><\/h3>\n\n\n\n<p class=\"has-medium-font-size\">Para el ingreso al Taller de Pr\u00e1ctica Docente IV y Residencia Pedag\u00f3gica. La sustanciaci\u00f3n de las mesas de ex\u00e1menes se realizar\u00e1 desde el <strong>20\/04<\/strong> hasta el <strong>24\/04\/2026<\/strong> inclusive. A continuaci\u00f3n encontrar\u00e1n los cronogramas de ex\u00e1menes correspondientes a cada propuesta acad\u00e9mica:<\/p>\n\n\n\n<div class=\"wp-block-columns is-layout-flex wp-container-10\">\n<div class=\"wp-block-column is-layout-flow\">\n<p class=\"has-text-align-center\"><strong>Profesorado de <\/strong><br><strong>Educaci\u00f3n<\/strong> <strong>Primaria<\/strong><\/p>\n\n\n\n<div class=\"wp-block-buttons is-content-justification-center is-layout-flex wp-container-1\">\n<div class=\"wp-block-button has-custom-width wp-block-button__width-75 is-style-outline\"><a class=\"wp-block-button__link has-accent-color has-text-color has-background wp-element-button\" href=\"https:\/\/ifdbeltran-rng.infd.edu.ar\/sitio\/wp-content\/uploads\/2026\/04\/pp-crono-finales-practicas4.pdf\" style=\"border-radius:10px;background-color:#dff2f7\" target=\"_blank\" rel=\"noreferrer noopener\">Finales &#8211; Cursadas<\/a><\/div>\n<\/div>\n\n\n\n<div style=\"height:20px\" aria-hidden=\"true\" class=\"wp-block-spacer\"><\/div>\n\n\n\n<div class=\"wp-block-buttons is-content-justification-center is-layout-flex wp-container-2\">\n<div class=\"wp-block-button has-custom-width wp-block-button__width-75 is-style-outline\"><a class=\"wp-block-button__link has-text-color has-background wp-element-button\" style=\"border-radius:10px;color:#f24f2e;background-color:#fccf908c\">Finales &#8211; EDI<\/a><\/div>\n<\/div>\n<\/div>\n\n\n\n<div class=\"wp-block-column is-layout-flow\">\n<p class=\"has-text-align-center\"><strong>Profesorado de Educaci\u00f3n <br>Secundaria en Geograf\u00eda<\/strong><\/p>\n\n\n\n<div class=\"wp-block-buttons is-content-justification-center is-layout-flex wp-container-4\">\n<div class=\"wp-block-button has-custom-width wp-block-button__width-75 is-style-outline\"><a class=\"wp-block-button__link has-accent-color has-text-color has-background wp-element-button\" href=\"https:\/\/ifdbeltran-rng.infd.edu.ar\/sitio\/wp-content\/uploads\/2026\/04\/pg-crono-finales-practica4.pdf\" style=\"border-radius:10px;background-color:#dff2f7\" target=\"_blank\" rel=\"noreferrer noopener\">Finales &#8211; Cursadas<\/a><\/div>\n<\/div>\n\n\n\n<div style=\"height:20px\" aria-hidden=\"true\" class=\"wp-block-spacer\"><\/div>\n\n\n\n<div class=\"wp-block-buttons is-content-justification-center is-layout-flex wp-container-5\">\n<div class=\"wp-block-button has-custom-width wp-block-button__width-75 is-style-outline\"><a class=\"wp-block-button__link has-text-color has-background wp-element-button\" style=\"border-radius:10px;color:#f24f2e;background-color:#fccf908c\">Finales &#8211; EDI<\/a><\/div>\n<\/div>\n<\/div>\n\n\n\n<div class=\"wp-block-column is-layout-flow\">\n<p class=\"has-text-align-center\"><strong>Profesorado de Educaci\u00f3n <br>Secundaria en Historia<\/strong><\/p>\n\n\n\n<div class=\"wp-block-buttons is-content-justification-center is-layout-flex wp-container-7\">\n<div class=\"wp-block-button has-custom-width wp-block-button__width-75 is-style-outline\"><a class=\"wp-block-button__link has-accent-color has-text-color has-background wp-element-button\" href=\"https:\/\/ifdbeltran-rng.infd.edu.ar\/sitio\/wp-content\/uploads\/2026\/04\/ph-crono-finales-practicas4.pdf\" style=\"border-radius:10px;background-color:#dff2f7\" target=\"_blank\" rel=\"noreferrer noopener\">Finales &#8211; Cursadas<\/a><\/div>\n<\/div>\n\n\n\n<div style=\"height:20px\" aria-hidden=\"true\" class=\"wp-block-spacer\"><\/div>\n\n\n\n<div class=\"wp-block-buttons is-content-justification-center is-layout-flex wp-container-8\">\n<div class=\"wp-block-button has-custom-width wp-block-button__width-75 is-style-outline\"><a class=\"wp-block-button__link has-text-color has-background wp-element-button\" style=\"border-radius:10px;color:#f24f2e;background-color:#fccf908c\">Finales &#8211; EDI<\/a><\/div>\n<\/div>\n<\/div>\n<\/div>\n\n\n\n<p class=\"has-medium-font-size\"><strong>Estudiantes<\/strong>, recuerden cargar y\/o actualizar el correo electr\u00f3nico en el sistema de inscripciones y en su perfil de usuario del Campus. De esta manera se podr\u00e1 mantener una comunicaci\u00f3n m\u00e1s segura y fluida entre docentes y estudiantes. Muchas gracias.<\/p>\n","protected":false},"excerpt":{"rendered":"<p>Cronograma de Ex\u00e1menes Finales Excepcionales Abril 2026 Para el ingreso al Taller de Pr\u00e1ctica Docente IV y Residencia Pedag\u00f3gica. La sustanciaci\u00f3n de las mesas de ex\u00e1menes se realizar\u00e1 desde el 20\/04 hasta el 24\/04\/2026 inclusive. A continuaci\u00f3n encontrar\u00e1n los cronogramas de ex\u00e1menes correspondientes a cada propuesta acad\u00e9mica: Profesorado de Educaci\u00f3n Primaria Profesorado de Educaci\u00f3n Secundaria &#8230; <a title=\"Cronogramas de ex\u00e1menes\" class=\"read-more\" href=\"https:\/\/ifdbeltran-rng.infd.edu.ar\/sitio\/cronogramas\/\" aria-label=\"More on Cronogramas de ex\u00e1menes\">[+]<\/a><\/p>\n","protected":false},"author":2582,"featured_media":0,"parent":0,"menu_order":0,"comment_status":"closed","ping_status":"closed","template":"","meta":[],"acf":[],"_links":{"self":[{"href":"https:\/\/ifdbeltran-rng.infd.edu.ar\/sitio\/wp-json\/wp\/v2\/pages\/1423"}],"collection":[{"href":"https:\/\/ifdbeltran-rng.infd.edu.ar\/sitio\/wp-json\/wp\/v2\/pages"}],"about":[{"href":"https:\/\/ifdbeltran-rng.infd.edu.ar\/sitio\/wp-json\/wp\/v2\/types\/page"}],"author":[{"embeddable":true,"href":"https:\/\/ifdbeltran-rng.infd.edu.ar\/sitio\/wp-json\/wp\/v2\/users\/2582"}],"replies":[{"embeddable":true,"href":"https:\/\/ifdbeltran-rng.infd.edu.ar\/sitio\/wp-json\/wp\/v2\/comments?post=1423"}],"version-history":[{"count":413,"href":"https:\/\/ifdbeltran-rng.infd.edu.ar\/sitio\/wp-json\/wp\/v2\/pages\/1423\/revisions"}],"predecessor-version":[{"id":11520,"href":"https:\/\/ifdbeltran-rng.infd.edu.ar\/sitio\/wp-json\/wp\/v2\/pages\/1423\/revisions\/11520"}],"wp:attachment":[{"href":"https:\/\/ifdbeltran-rng.infd.edu.ar\/sitio\/wp-json\/wp\/v2\/media?parent=1423"}],"curies":[{"name":"wp","href":"https:\/\/api.w.org\/{rel}","templated":true}]}}