{"id":2371,"date":"2020-03-01T21:22:09","date_gmt":"2020-03-02T00:22:09","guid":{"rendered":"https:\/\/ifdbeltran-rng.infd.edu.ar\/sitio\/?page_id=2371"},"modified":"2026-04-08T23:36:47","modified_gmt":"2026-04-09T02:36:47","slug":"concursos","status":"publish","type":"page","link":"https:\/\/ifdbeltran-rng.infd.edu.ar\/sitio\/concursos\/","title":{"rendered":"Concursos"},"content":{"rendered":"\n<h3 class=\"wp-block-heading has-accent-color has-text-color\"><strong>Llamados<\/strong><\/h3>\n\n\n\n<p><strong>Fecha<\/strong>: 08-04-2026<br><strong>Carrera<\/strong>: Profesorado de Educaci\u00f3n Secundaria en Geograf\u00eda<br><strong>Unidad Curricular<\/strong>: Geograf\u00eda Regional Patag\u00f3nica<br><strong>Cargo<\/strong>: Dedicaci\u00f3n Simple 12 Hs. <strong>Car\u00e1cter<\/strong>: Suplente<br><strong>Periodicidad<\/strong>: Anual &#8211; <strong><a href=\"https:\/\/ifdbeltran-rng.infd.edu.ar\/sitio\/wp-content\/uploads\/2026\/04\/124-26-concurso-geografia.pdf\" target=\"_blank\" rel=\"noreferrer noopener\">Ver Nota 124\/26<\/a><\/strong><\/p>\n\n\n\n<p><strong>Fecha<\/strong>: 08-04-2026<br><strong>Carrera<\/strong>: Profesorado de Educaci\u00f3n Secundaria en Geograf\u00eda<br><strong>Unidad Curricular<\/strong>: Geograf\u00eda Social y de la Poblaci\u00f3n<br><strong>Cargo<\/strong>: Dedicaci\u00f3n Simple 12 Hs. <strong>Car\u00e1cter<\/strong>: Suplente<br><strong>Periodicidad<\/strong>: Anual &#8211; <strong><a href=\"https:\/\/ifdbeltran-rng.infd.edu.ar\/sitio\/wp-content\/uploads\/2026\/04\/123-26-concurso-geografia.pdf\" target=\"_blank\" rel=\"noreferrer noopener\">Ver Nota 123\/26<\/a><\/strong><\/p>\n\n\n\n<p><strong>Fecha<\/strong>: 08-04-2026<br><strong>Carrera<\/strong>: Profesorado de Educaci\u00f3n Secundaria en Geograf\u00eda<br><strong>Unidad Curricular<\/strong>: Econom\u00eda<br><strong>Cargo<\/strong>: Dedicaci\u00f3n Simple 12 Hs. <strong>Car\u00e1cter<\/strong>: Suplente<br><strong>Periodicidad<\/strong>: Anual &#8211; <strong><a href=\"https:\/\/ifdbeltran-rng.infd.edu.ar\/sitio\/wp-content\/uploads\/2026\/04\/122-26-concurso-geografia.pdf\" target=\"_blank\" rel=\"noreferrer noopener\">Ver Nota 122\/26<\/a><\/strong><\/p>\n\n\n\n<p><strong>Fecha<\/strong>: 07-04-2026<br><strong>Carrera<\/strong>: Profesorado de Educaci\u00f3n Secundaria en Historia<br><strong>Unidad Curricular<\/strong>: Historia Mundial III<br><strong>Cargo<\/strong>: Dedicaci\u00f3n Simple 12 Hs. <strong>Car\u00e1cter<\/strong>: Suplente<br><strong>Periodicidad<\/strong>: Anual &#8211; <strong><a href=\"https:\/\/ifdbeltran-rng.infd.edu.ar\/sitio\/wp-content\/uploads\/2026\/04\/117-26-concurso-historia.pdf\" target=\"_blank\" rel=\"noreferrer noopener\">Ver Nota 117\/26<\/a><\/strong><\/p>\n\n\n\n<p><strong>Fecha<\/strong>: 07-04-2026<br><strong>Carrera<\/strong>: Profesorado de Educaci\u00f3n Primaria<br><strong>Unidad Curricular<\/strong>: Matem\u00e1tica y su Did\u00e1ctica<br><strong>Cargo<\/strong>: Dedicaci\u00f3n Semi-Exclusiva 20 Hs. <strong>Car\u00e1cter<\/strong>: Interino<br><strong>Periodicidad<\/strong>: Anual &#8211; <strong><a rel=\"noreferrer noopener\" href=\"https:\/\/ifdbeltran-rng.infd.edu.ar\/sitio\/wp-content\/uploads\/2026\/04\/116-26-concurso-primaria.pdf\" target=\"_blank\">Ver Nota 116\/26<\/a><\/strong><\/p>\n\n\n\n<p><strong>Fecha<\/strong>: 07-04-2026<br><strong>Carrera<\/strong>: Profesorado de Educaci\u00f3n Primaria<br><strong>Unidad Curricular<\/strong>: Educaci\u00f3n y TIC<br><strong>Cargo<\/strong>: Dedicaci\u00f3n Simple 12 Hs. <strong>Car\u00e1cter<\/strong>: Suplente<br><strong>Periodicidad<\/strong>: Anual &#8211; <strong><a href=\"https:\/\/ifdbeltran-rng.infd.edu.ar\/sitio\/wp-content\/uploads\/2026\/04\/115-26-concurso-primaria.pdf\" target=\"_blank\" rel=\"noreferrer noopener\">Ver Nota 115\/26<\/a><\/strong><\/p>\n\n\n\n<p><strong>Fecha<\/strong>: 07-04-2026<br><strong>Carrera<\/strong>: Profesorado de Educaci\u00f3n Secundaria en Historia<br><strong>Unidad Curricular<\/strong>: Las TIC y la Ense\u00f1anza<br><strong>Cargo<\/strong>: Dedicaci\u00f3n Simple 12 Hs. <strong>Car\u00e1cter<\/strong>: Suplente<br><strong>Periodicidad<\/strong>: Anual &#8211; <strong><a href=\"https:\/\/ifdbeltran-rng.infd.edu.ar\/sitio\/wp-content\/uploads\/2026\/04\/114-26-concurso-historia.pdf\" target=\"_blank\" rel=\"noreferrer noopener\">Ver Nota 114\/26<\/a><\/strong><\/p>\n\n\n\n<hr class=\"wp-block-separator has-text-color has-base-color has-alpha-channel-opacity has-base-background-color has-background is-style-default\"\/>\n\n\n\n<h3 class=\"wp-block-heading has-accent-color has-text-color\">Reglamentaci\u00f3n<\/h3>\n\n\n\n<ul>\n<li><a href=\"https:\/\/ifdbeltran-rng.infd.edu.ar\/sitio\/wp-content\/uploads\/2026\/02\/res-439-26-reglamento-concurso-interinos-y-suplentes.pdf\" target=\"_blank\" rel=\"noreferrer noopener\">Reglamento de Concurso Interinos y Suplentes &#8211; Resoluci\u00f3n 439\/26<\/a><\/li>\n\n\n\n<li><a rel=\"noreferrer noopener\" href=\"https:\/\/ifdbeltran-rng.infd.edu.ar\/sitio\/wp-content\/uploads\/2026\/02\/disp-03-26-concursos-modalidad-presencial-y-virtual-firmado.pdf\" target=\"_blank\">Criterios Organizaci\u00f3n y Desarrollo de Entrevistas en Procesos Concursales &#8211; Disposici\u00f3n 03\/26<\/a><\/li>\n\n\n\n<li><a rel=\"noreferrer noopener\" href=\"https:\/\/ifdbeltran-rng.infd.edu.ar\/sitio\/wp-content\/uploads\/2025\/06\/res-6006-24_reglamento-PD.pdf\" target=\"_blank\">Reglamento de Pr\u00e1cticas Docentes &#8211; Resoluci\u00f3n 6006\/24<\/a><\/li>\n\n\n\n<li><a rel=\"noreferrer noopener\" href=\"https:\/\/ifdbeltran-rng.infd.edu.ar\/sitio\/wp-content\/uploads\/2025\/06\/res_06006-24-anexo-I-II.pdf\" target=\"_blank\">Reglamento de Pr\u00e1cticas Docentes &#8211; Resoluci\u00f3n 6006\/24 &#8211; Anexo I y II<\/a><\/li>\n\n\n\n<li><a rel=\"noreferrer noopener\" href=\"https:\/\/ifdbeltran-rng.infd.edu.ar\/sitio\/wp-content\/uploads\/2026\/02\/res-642-17-lineamientos-y-requisitos-declarar-de-interes-educativo.pdf\" target=\"_blank\">Lineamientos y Requisitos <\/a><a rel=\"noreferrer noopener\" href=\"https:\/\/ifdbeltran-rng.infd.edu.ar\/sitio\/wp-content\/uploads\/2026\/02\/res-642-17-lineamientos-y-requisitos-declarar-de-interes-educativo.pdf\" target=\"_blank\">I<\/a><a rel=\"noreferrer noopener\" href=\"https:\/\/ifdbeltran-rng.infd.edu.ar\/sitio\/wp-content\/uploads\/2026\/02\/res-642-17-lineamientos-y-requisitos-declarar-de-interes-educativo.pdf\" target=\"_blank\">nter\u00e9s Educativo &#8211; Resoluci\u00f3n 642\/17<\/a><\/li>\n\n\n\n<li><a href=\"https:\/\/ifdbeltran-rng.infd.edu.ar\/sitio\/wp-content\/uploads\/2026\/02\/disp-270-19-investigacion-y-extension.pdf\" target=\"_blank\" rel=\"noreferrer noopener\">Lineamientos Generales para la Investigaci\u00f3n y Extensi\u00f3n. Disposici\u00f3n 270\/19<\/a><\/li>\n\n\n\n<li><a href=\"https:\/\/ifdbeltran-rng.infd.edu.ar\/sitio\/wp-content\/uploads\/2026\/02\/disp-1094-24-distribucion-cargas-horarias.pdf\" target=\"_blank\" rel=\"noreferrer noopener\">Distribuci\u00f3n de Cargas Horarias- Disposici\u00f3n 1094\/24<\/a><\/li>\n\n\n\n<li><a href=\"https:\/\/ifdbeltran-rng.infd.edu.ar\/sitio\/wp-content\/uploads\/2021\/04\/res-2425-16-rom-anexo-I.pdf\" target=\"_blank\" rel=\"noreferrer noopener\">ROM &#8211; Reglamento Org\u00e1nico Marco &#8211; Anexo I &#8211; Resoluci\u00f3n 2425<\/a><\/li>\n\n\n\n<li><a rel=\"noopener\" href=\"https:\/\/ifdbeltran-rng.infd.edu.ar\/sitio\/wp-content\/uploads\/2021\/04\/res-4077-14-ram-anexo-I.pdf\" target=\"_blank\">RAM &#8211; Reglamento Acad\u00e9mico Marco &#8211; Anexo I &#8211; Resoluci\u00f3n 4077<\/a><\/li>\n\n\n\n<li><a rel=\"noreferrer noopener\" href=\"https:\/\/ifdbeltran-rng.infd.edu.ar\/sitio\/wp-content\/uploads\/2025\/06\/disp-884-25_DES-FI.pdf\" target=\"_blank\">Lineamientos Desarrollo de las Actividades de Formaci\u00f3n Inicial en los IFDC de R\u00edo Negro &#8211; Disp. 884\/25 &#8211; DES<\/a><\/li>\n<\/ul>\n\n\n\n<div class=\"wp-block-buttons is-content-justification-center is-layout-flex wp-container-1\">\n<div class=\"wp-block-button has-custom-width wp-block-button__width-50\"><a class=\"wp-block-button__link has-background wp-element-button\" href=\"https:\/\/ifdbeltran-rng.infd.edu.ar\/sitio\/wp-content\/uploads\/2026\/02\/solicitud-de-inscripcion-para-postulantes-aspirantes.pdf\" style=\"border-radius:15px;background-color:#f95404\" target=\"_blank\" rel=\"noreferrer noopener\">Solicitud de inscripci\u00f3n para aspirantes a cubrir cargos de profesor\/a interino\/a y suplentes Resoluci\u00f3n 439\/26.<\/a><\/div>\n<\/div>\n\n\n\n<div class=\"wp-block-buttons is-content-justification-center is-layout-flex wp-container-2\">\n<div class=\"wp-block-button has-custom-width wp-block-button__width-50\"><a class=\"wp-block-button__link has-background wp-element-button\" href=\"https:\/\/ifdbeltran-rng.infd.edu.ar\/sitio\/wp-content\/uploads\/2026\/03\/ddjj-cargos-actividades.pdf\" style=\"border-radius:15px;background-color:#001536\" target=\"_blank\" rel=\"noreferrer noopener\">Declaraci\u00f3n Jurada de Cargos<\/a><\/div>\n<\/div>\n\n\n\n<h4 class=\"wp-block-heading has-accent-color has-text-color\">Dise\u00f1os curriculares<\/h4>\n\n\n\n<ul class=\"has-base-2-background-color has-background\">\n<li><a href=\"https:\/\/ifdbeltran-rng.infd.edu.ar\/sitio\/wp-content\/uploads\/2019\/02\/DC-Primaria-Plan-2016.pdf\" target=\"_blank\" rel=\"noreferrer noopener\">Dise\u00f1o Curricular Profesorado de Educaci\u00f3n Primaria<\/a>.<\/li>\n\n\n\n<li><a href=\"https:\/\/ifdbeltran-rng.infd.edu.ar\/sitio\/wp-content\/uploads\/2019\/02\/DC-Historia-Plan-2015-Res-1356.pdf\" target=\"_blank\" rel=\"noreferrer noopener\">Dise\u00f1o Curricular Profesorado de Educaci\u00f3n Secundaria en Historia<\/a>.<\/li>\n\n\n\n<li><a href=\"https:\/\/ifdbeltran-rng.infd.edu.ar\/sitio\/wp-content\/uploads\/2019\/02\/DC-Geografia-Plan-2016-Res-3906.pdf\" target=\"_blank\" rel=\"noreferrer noopener\">Dise\u00f1o Curricular Profesorado de Educaci\u00f3n Secundaria en Geograf\u00eda<\/a>.<\/li>\n<\/ul>\n\n\n\n<p><span style=\"color: #3366ff;\"><strong><span style=\"color: #00ccff;\"><span style=\"color: #3366ff;\"><a href=\"https:\/\/educacion.rionegro.gov.ar\/seccion\/215\" target=\"_blank\" rel=\"noreferrer noopener\">SALUD ESCOLAR<\/a><\/span><\/span><\/strong>.&nbsp;<\/span>Informaci\u00f3n sobre requisitos laborales, resoluciones, examen preocupacional, etc.<\/p>\n\n\n\n<div class=\"wp-block-buttons is-content-justification-center is-layout-flex wp-container-3\">\n<div class=\"wp-block-button has-custom-width wp-block-button__width-50\"><a class=\"wp-block-button__link has-background wp-element-button\" href=\"https:\/\/ifdbeltran-rng.infd.edu.ar\/sitio\/wp-content\/uploads\/2025\/04\/modelo-de-curriculum-vitae.docx\" style=\"border-radius:15px;background-color:#001536\" target=\"_blank\" rel=\"noreferrer noopener\">Descargar el modelo de curr\u00edculum vitae para completar y presentar con la documentaci\u00f3n solicitada<\/a><\/div>\n<\/div>\n","protected":false},"excerpt":{"rendered":"<p>Llamados Fecha: 08-04-2026Carrera: Profesorado de Educaci\u00f3n Secundaria en Geograf\u00edaUnidad Curricular: Geograf\u00eda Regional Patag\u00f3nicaCargo: Dedicaci\u00f3n Simple 12 Hs. Car\u00e1cter: SuplentePeriodicidad: Anual &#8211; Ver Nota 124\/26 Fecha: 08-04-2026Carrera: Profesorado de Educaci\u00f3n Secundaria en Geograf\u00edaUnidad Curricular: Geograf\u00eda Social y de la Poblaci\u00f3nCargo: Dedicaci\u00f3n Simple 12 Hs. Car\u00e1cter: SuplentePeriodicidad: Anual &#8211; Ver Nota 123\/26 Fecha: 08-04-2026Carrera: Profesorado de Educaci\u00f3n &#8230; <a title=\"Concursos\" class=\"read-more\" href=\"https:\/\/ifdbeltran-rng.infd.edu.ar\/sitio\/concursos\/\" aria-label=\"More on Concursos\">[+]<\/a><\/p>\n","protected":false},"author":2582,"featured_media":0,"parent":0,"menu_order":0,"comment_status":"closed","ping_status":"closed","template":"","meta":[],"acf":[],"_links":{"self":[{"href":"https:\/\/ifdbeltran-rng.infd.edu.ar\/sitio\/wp-json\/wp\/v2\/pages\/2371"}],"collection":[{"href":"https:\/\/ifdbeltran-rng.infd.edu.ar\/sitio\/wp-json\/wp\/v2\/pages"}],"about":[{"href":"https:\/\/ifdbeltran-rng.infd.edu.ar\/sitio\/wp-json\/wp\/v2\/types\/page"}],"author":[{"embeddable":true,"href":"https:\/\/ifdbeltran-rng.infd.edu.ar\/sitio\/wp-json\/wp\/v2\/users\/2582"}],"replies":[{"embeddable":true,"href":"https:\/\/ifdbeltran-rng.infd.edu.ar\/sitio\/wp-json\/wp\/v2\/comments?post=2371"}],"version-history":[{"count":349,"href":"https:\/\/ifdbeltran-rng.infd.edu.ar\/sitio\/wp-json\/wp\/v2\/pages\/2371\/revisions"}],"predecessor-version":[{"id":11495,"href":"https:\/\/ifdbeltran-rng.infd.edu.ar\/sitio\/wp-json\/wp\/v2\/pages\/2371\/revisions\/11495"}],"wp:attachment":[{"href":"https:\/\/ifdbeltran-rng.infd.edu.ar\/sitio\/wp-json\/wp\/v2\/media?parent=2371"}],"curies":[{"name":"wp","href":"https:\/\/api.w.org\/{rel}","templated":true}]}}