{"id":2501,"date":"2020-04-14T17:19:00","date_gmt":"2020-04-14T20:19:00","guid":{"rendered":"https:\/\/ifdbeltran-rng.infd.edu.ar\/sitio\/?page_id=2501"},"modified":"2026-03-05T14:37:28","modified_gmt":"2026-03-05T17:37:28","slug":"ingresantes","status":"publish","type":"page","link":"https:\/\/ifdbeltran-rng.infd.edu.ar\/sitio\/ingresantes\/","title":{"rendered":"Ingresantes"},"content":{"rendered":"\n<div class=\"wp-block-cover\" style=\"min-height:278px\"><span aria-hidden=\"true\" class=\"wp-block-cover__background has-base-3-background-color has-background-dim-70 has-background-dim\"><\/span><img decoding=\"async\" loading=\"lazy\" width=\"1100\" height=\"300\" class=\"wp-block-cover__image-background wp-image-10513\" alt=\"\" src=\"https:\/\/ifdbeltran-rng.infd.edu.ar\/sitio\/wp-content\/uploads\/2025\/08\/portada_ing.png\" style=\"object-position:66% 42%\" data-object-fit=\"cover\" data-object-position=\"66% 42%\" srcset=\"https:\/\/ifdbeltran-rng.infd.edu.ar\/sitio\/wp-content\/uploads\/2025\/08\/portada_ing.png 1100w, https:\/\/ifdbeltran-rng.infd.edu.ar\/sitio\/wp-content\/uploads\/2025\/08\/portada_ing-1000x273.png 1000w, https:\/\/ifdbeltran-rng.infd.edu.ar\/sitio\/wp-content\/uploads\/2025\/08\/portada_ing-768x209.png 768w\" sizes=\"(max-width: 1100px) 100vw, 1100px\" \/><div class=\"wp-block-cover__inner-container\">\n<p class=\"has-contrast-color has-text-color has-background has-medium-font-size\" style=\"background-color:#ffffff00\"><strong>\u00a1Les damos la bienvenida!<\/strong> <br>Este espacio ha sido dise\u00f1ado para brindarles acceso a informaci\u00f3n esencial sobre <strong>nuestra propuesta acad\u00e9mica<\/strong>. Aqu\u00ed encontrar\u00e1n los <strong>requisitos, pasos y documentaci\u00f3n<\/strong> necesarios para sumarse a nuestra comunidad educativa. Tambi\u00e9n podr\u00e1n conocer las <strong>modalidades y horarios de cursadas<\/strong>, junto con la <strong>titulaci\u00f3n<\/strong> y <strong>proyecci\u00f3n profesiona<\/strong>l y, finalmente, una <strong>descripci\u00f3n de los recursos, servicios y espacios compartidos<\/strong> que hacen de nuestra instituci\u00f3n un entorno enriquecedor para aprender y crecer.<\/p>\n<\/div><\/div>\n\n\n\n<div class=\"wp-block-columns are-vertically-aligned-center is-layout-flex wp-container-4\">\n<div class=\"wp-block-column is-vertically-aligned-center is-layout-flow\">\n<figure class=\"wp-block-image size-large\"><a href=\"https:\/\/ifdbeltran-rng.infd.edu.ar\/sitio\/carreras\/\" target=\"_blank\" rel=\"noreferrer noopener\"><img decoding=\"async\" loading=\"lazy\" width=\"500\" height=\"500\" src=\"https:\/\/ifdbeltran-rng.infd.edu.ar\/sitio\/wp-content\/uploads\/2025\/08\/btn-prop.png\" alt=\"\" class=\"wp-image-10575\"\/><\/a><\/figure>\n<\/div>\n\n\n\n<div class=\"wp-block-column is-vertically-aligned-center is-layout-flow\">\n<figure class=\"wp-block-image size-large\"><a href=\"https:\/\/ifdbeltran-rng.infd.edu.ar\/sitio\/inscripcion-a-carreras\/\" target=\"_blank\" rel=\"noreferrer noopener\"><img decoding=\"async\" loading=\"lazy\" width=\"500\" height=\"500\" src=\"https:\/\/ifdbeltran-rng.infd.edu.ar\/sitio\/wp-content\/uploads\/2025\/08\/btn-insc.png\" alt=\"\" class=\"wp-image-10574\"\/><\/a><\/figure>\n<\/div>\n\n\n\n<div class=\"wp-block-column is-vertically-aligned-center is-layout-flow\">\n<figure class=\"wp-block-image size-large\"><a href=\"https:\/\/ifdbeltran-rng.infd.edu.ar\/sitio\/modalidad-y-horarios-de-cursadas\/\" target=\"_blank\" rel=\"noreferrer noopener\"><img decoding=\"async\" loading=\"lazy\" width=\"500\" height=\"500\" src=\"https:\/\/ifdbeltran-rng.infd.edu.ar\/sitio\/wp-content\/uploads\/2025\/08\/btn-mod.png\" alt=\"\" class=\"wp-image-10573\"\/><\/a><\/figure>\n<\/div>\n<\/div>\n\n\n\n<h3 class=\"wp-block-heading has-accent-color has-text-color\">Titulaci\u00f3n y proyecci\u00f3n profesional<\/h3>\n\n\n\n<p>En cuanto a la<strong> titulaci\u00f3n<\/strong> y <strong>proyecci\u00f3n acad\u00e9mica\/laboral<\/strong>: los t\u00edtulos obtenidos tienen <strong>validez<\/strong> <strong>nacional<\/strong>, las\/os egresadas\/os pueden acceder a diferentes \u00e1mbitos de inserci\u00f3n laboral como escuelas primarias, secundarias, urbanas y rurales, contextos de encierro, educaci\u00f3n domiciliaria\/hospitalaria, educaci\u00f3n de adultos; pueden tambi\u00e9n, participar en organizaciones no gubernamentales, en proyectos de investigaci\u00f3n, en el desarrollo de materiales educativos, y mucho m\u00e1s., y las <strong>titulaciones de base<\/strong> permiten continuar con otras formaciones en el nivel superior.<\/p>\n\n\n\n<h3 class=\"wp-block-heading has-accent-color has-text-color\">Recursos, servicios y espacios compartidos&#8230;<\/h3>\n\n\n\n<p>La instituci\u00f3n ofrece acceso a una biblioteca especializada, a la radio socio-educativa 89.7 MHz, al aula de mediaciones digitales, a  equipos del aula digital m\u00f3vil, a una plataforma virtual de aprendizaje, y a conexi\u00f3n WIFI en todo el edificio. Adem\u00e1s, cuenta con un kiosco gestionado por las y los estudiantes, y brinda desayuno y merienda compartida, entre otros espacios y servicios.<\/p>\n\n\n\n<h5 class=\"wp-block-heading\">Ser p<strong>arte activa<\/strong>&#8230;<\/h5>\n\n\n\n<p>Creemos en la participaci\u00f3n activa y democr\u00e1tica: por eso, encontrar\u00e1n espacios como el <strong>Consejo Directivo<\/strong>, el <strong>Consejo Consultivo de Carreras<\/strong> y el <strong>Centro de Estudiantes<\/strong>, donde podr\u00e1n ser parte de las decisiones que construyen nuestra comunidad educativa.<\/p>\n\n\n\n<h5 class=\"wp-block-heading\">Espacios de actividades formativas<\/h5>\n\n\n\n<p>Las y los estudiantes est\u00e1n invitados a participar activamente en espacios formativos vinculados a la definici\u00f3n institucional, as\u00ed como en diversas actividades como salidas pedag\u00f3gicas, campamentos y propuestas impulsadas por la instituci\u00f3n. Tambi\u00e9n podr\u00e1n involucrarse en proyectos de extensi\u00f3n y acciones de transferencia en la comunidad, investigaciones junto a docentes y producciones radiof\u00f3nicas.<\/p>\n\n\n\n<h5 class=\"wp-block-heading\">Iniciativas de acompa\u00f1amiento a las trayectorias<\/h5>\n\n\n\n<p>Es importante mencionar tambi\u00e9n que se desarrollan iniciativas de acompa\u00f1amiento a las trayectorias desde: el sistema web de gesti\u00f3n educativa, el proyecto institucional de tutor\u00edas, el proyecto de acompa\u00f1amiento y fortalecimiento a los inicios, las actividades y el cuadernillo orientador para ingresantes, el programa de Accesibilidad, la Audiobiblioteca y el acompa\u00f1amiento y asesoramiento en mediaciones digitales.<\/p>\n\n\n\n<p>En el trayecto de cada profesorado, se realizan <strong>pr\u00e1cticas desde primer a\u00f1o<\/strong> en organizaciones e instituciones.<\/p>\n\n\n\n<p>Se establecen <strong>convenios con municipios<\/strong> para mejorar las posibilidades de traslado y concurrencia de parte de las\/os estudiantes.<em>.<\/em><\/p>\n\n\n\n<hr class=\"wp-block-separator has-text-color has-base-color has-alpha-channel-opacity has-base-background-color has-background\"\/>\n\n\n\n<div class=\"wp-block-media-text alignwide is-stacked-on-mobile is-vertically-aligned-center\" style=\"grid-template-columns:15% auto\"><figure class=\"wp-block-media-text__media\"><a href=\"https:\/\/ifdbeltran-rng.infd.edu.ar\/sitio\/wp-content\/uploads\/2026\/03\/cuadernillo-ingresantes.pdf\" target=\"_blank\" rel=\"noreferrer noopener\"><img decoding=\"async\" loading=\"lazy\" width=\"512\" height=\"512\" src=\"https:\/\/ifdbeltran-rng.infd.edu.ar\/sitio\/wp-content\/uploads\/2025\/09\/cuaderno.png\" alt=\"\" class=\"wp-image-10662 size-full\" srcset=\"https:\/\/ifdbeltran-rng.infd.edu.ar\/sitio\/wp-content\/uploads\/2025\/09\/cuaderno.png 512w, https:\/\/ifdbeltran-rng.infd.edu.ar\/sitio\/wp-content\/uploads\/2025\/09\/cuaderno-500x500.png 500w\" sizes=\"(max-width: 512px) 100vw, 512px\" \/><\/a><\/figure><div class=\"wp-block-media-text__content\">\n<h3 class=\"wp-block-heading has-accent-color has-text-color\">Cuadernillo de ingresantes<\/h3>\n\n\n\n<p>Es importante que lean el <strong>cuadernillo de ingresantes<\/strong>, una herramienta pensada para acompa\u00f1arlos en el inicio de sus recorridos como estudiantes de la formaci\u00f3n docente en nuestro IFDC. Contiene informaci\u00f3n breve, esencial y precisa que los ayudar\u00e1 a familiarizarse con nuestros espacios de gesti\u00f3n administrativa y organizaci\u00f3n acad\u00e9mica.<\/p>\n<\/div><\/div>\n","protected":false},"excerpt":{"rendered":"<p>Titulaci\u00f3n y proyecci\u00f3n profesional En cuanto a la titulaci\u00f3n y proyecci\u00f3n acad\u00e9mica\/laboral: los t\u00edtulos obtenidos tienen validez nacional, las\/os egresadas\/os pueden acceder a diferentes \u00e1mbitos de inserci\u00f3n laboral como escuelas primarias, secundarias, urbanas y rurales, contextos de encierro, educaci\u00f3n domiciliaria\/hospitalaria, educaci\u00f3n de adultos; pueden tambi\u00e9n, participar en organizaciones no gubernamentales, en proyectos de investigaci\u00f3n, en &#8230; <a title=\"Ingresantes\" class=\"read-more\" href=\"https:\/\/ifdbeltran-rng.infd.edu.ar\/sitio\/ingresantes\/\" aria-label=\"More on Ingresantes\">[+]<\/a><\/p>\n","protected":false},"author":2582,"featured_media":0,"parent":0,"menu_order":0,"comment_status":"closed","ping_status":"closed","template":"","meta":[],"acf":[],"_links":{"self":[{"href":"https:\/\/ifdbeltran-rng.infd.edu.ar\/sitio\/wp-json\/wp\/v2\/pages\/2501"}],"collection":[{"href":"https:\/\/ifdbeltran-rng.infd.edu.ar\/sitio\/wp-json\/wp\/v2\/pages"}],"about":[{"href":"https:\/\/ifdbeltran-rng.infd.edu.ar\/sitio\/wp-json\/wp\/v2\/types\/page"}],"author":[{"embeddable":true,"href":"https:\/\/ifdbeltran-rng.infd.edu.ar\/sitio\/wp-json\/wp\/v2\/users\/2582"}],"replies":[{"embeddable":true,"href":"https:\/\/ifdbeltran-rng.infd.edu.ar\/sitio\/wp-json\/wp\/v2\/comments?post=2501"}],"version-history":[{"count":401,"href":"https:\/\/ifdbeltran-rng.infd.edu.ar\/sitio\/wp-json\/wp\/v2\/pages\/2501\/revisions"}],"predecessor-version":[{"id":11380,"href":"https:\/\/ifdbeltran-rng.infd.edu.ar\/sitio\/wp-json\/wp\/v2\/pages\/2501\/revisions\/11380"}],"wp:attachment":[{"href":"https:\/\/ifdbeltran-rng.infd.edu.ar\/sitio\/wp-json\/wp\/v2\/media?parent=2501"}],"curies":[{"name":"wp","href":"https:\/\/api.w.org\/{rel}","templated":true}]}}