{"id":2727,"date":"2020-05-14T00:04:13","date_gmt":"2020-05-14T03:04:13","guid":{"rendered":"https:\/\/ifdbeltran-rng.infd.edu.ar\/sitio\/?page_id=2727"},"modified":"2026-03-09T13:30:54","modified_gmt":"2026-03-09T16:30:54","slug":"preguntas-frecuentes","status":"publish","type":"page","link":"https:\/\/ifdbeltran-rng.infd.edu.ar\/sitio\/preguntas-frecuentes\/","title":{"rendered":"Preguntas Frecuentes"},"content":{"rendered":"\n<p>\u00bfC\u00f3mo accedemos al <a href=\"https:\/\/ifdbeltran-rng.infd.edu.ar\/sitio\/wp-content\/uploads\/2026\/03\/pf-acceso-al-campus-v1.pdf\" target=\"_blank\" rel=\"noreferrer noopener\">Campus<\/a>?<\/p>\n\n\n\n<p>\u00bfC\u00f3mo inscribirse en <a href=\"https:\/\/ifdbeltran-rng.infd.edu.ar\/sitio\/wp-content\/uploads\/2026\/03\/pf-inscripcion-virtual-v1.pdf\" target=\"_blank\" rel=\"noreferrer noopener\">cursadas, finales y otros espacios<\/a>?<\/p>\n\n\n\n<p>\u00bfC\u00f3mo generar <a rel=\"noreferrer noopener\" href=\"https:\/\/ifdbeltran-rng.infd.edu.ar\/sitio\/wp-content\/uploads\/2026\/03\/pf-constancia-alumo-regular-v1.pdf\" target=\"_blank\">constancia de alumno regular<\/a> a trav\u00e9s del sistema de inscripci\u00f3n virtual?<\/p>\n\n\n\n<p>\u00bfC\u00f3mo consultar e imprimir el <a rel=\"noreferrer noopener\" href=\"https:\/\/ifdbeltran-rng.infd.edu.ar\/sitio\/wp-content\/uploads\/2026\/03\/pf-rendimiento-academico-v2.pdf\" target=\"_blank\">rendimiento acad\u00e9mico<\/a> a trav\u00e9s del sistema de inscripci\u00f3n virtual?<\/p>\n\n\n\n<div class=\"wp-block-media-text is-stacked-on-mobile is-vertically-aligned-center\" style=\"grid-template-columns:15% auto\"><figure class=\"wp-block-media-text__media\"><img decoding=\"async\" loading=\"lazy\" width=\"211\" height=\"243\" src=\"https:\/\/ifdbeltran-rng.infd.edu.ar\/sitio\/wp-content\/uploads\/2020\/05\/logo_educativa-e1590346567581.png\" alt=\"\" class=\"wp-image-2828 size-full\"\/><\/figure><div class=\"wp-block-media-text__content\">\n<p style=\"font-size:18px\"><strong>Campus virtual en tu m\u00f3vil.<\/strong> Lo que haces en el aula virtual de tu Instituto con la computadora, lo puedes continuar en el celular. Descarga <a rel=\"noreferrer noopener\" href=\"https:\/\/tic.infd.edu.ar\/campus-virtual-infd-en-tu-movil\/\" target=\"_blank\"><strong>aqu\u00ed<\/strong><\/a> la App para IOS y para Android.<\/p>\n<\/div><\/div>\n\n\n\n<hr class=\"wp-block-separator has-text-color has-base-color has-alpha-channel-opacity has-base-background-color has-background\"\/>\n\n\n\n<h3 class=\"wp-block-heading\"><strong>Para docentes&#8230;<\/strong><\/h3>\n\n\n\n<p>C\u00f3mo <a rel=\"noreferrer noopener\" href=\"https:\/\/ifdbeltran-rng.infd.edu.ar\/sitio\/wp-content\/uploads\/2026\/03\/pf-registrar-calificaciones.pdf\" target=\"_blank\">registrar las calificaciones de cursadas<\/a>.<\/p>\n\n\n\n<p>C\u00f3mo <a href=\"https:\/\/ifdbeltran-rng.infd.edu.ar\/sitio\/wp-content\/uploads\/2026\/03\/pf-registrar-notas-finales.pdf\" target=\"_blank\" rel=\"noreferrer noopener\">registrar notas de ex\u00e1menes finales<\/a>.<\/p>\n","protected":false},"excerpt":{"rendered":"<p>\u00bfC\u00f3mo accedemos al Campus? \u00bfC\u00f3mo inscribirse en cursadas, finales y otros espacios? \u00bfC\u00f3mo generar constancia de alumno regular a trav\u00e9s del sistema de inscripci\u00f3n virtual? \u00bfC\u00f3mo consultar e imprimir el rendimiento acad\u00e9mico a trav\u00e9s del sistema de inscripci\u00f3n virtual? Campus virtual en tu m\u00f3vil. Lo que haces en el aula virtual de tu Instituto con &#8230; <a title=\"Preguntas Frecuentes\" class=\"read-more\" href=\"https:\/\/ifdbeltran-rng.infd.edu.ar\/sitio\/preguntas-frecuentes\/\" aria-label=\"More on Preguntas Frecuentes\">[+]<\/a><\/p>\n","protected":false},"author":2582,"featured_media":0,"parent":0,"menu_order":0,"comment_status":"closed","ping_status":"closed","template":"","meta":[],"acf":[],"_links":{"self":[{"href":"https:\/\/ifdbeltran-rng.infd.edu.ar\/sitio\/wp-json\/wp\/v2\/pages\/2727"}],"collection":[{"href":"https:\/\/ifdbeltran-rng.infd.edu.ar\/sitio\/wp-json\/wp\/v2\/pages"}],"about":[{"href":"https:\/\/ifdbeltran-rng.infd.edu.ar\/sitio\/wp-json\/wp\/v2\/types\/page"}],"author":[{"embeddable":true,"href":"https:\/\/ifdbeltran-rng.infd.edu.ar\/sitio\/wp-json\/wp\/v2\/users\/2582"}],"replies":[{"embeddable":true,"href":"https:\/\/ifdbeltran-rng.infd.edu.ar\/sitio\/wp-json\/wp\/v2\/comments?post=2727"}],"version-history":[{"count":109,"href":"https:\/\/ifdbeltran-rng.infd.edu.ar\/sitio\/wp-json\/wp\/v2\/pages\/2727\/revisions"}],"predecessor-version":[{"id":11445,"href":"https:\/\/ifdbeltran-rng.infd.edu.ar\/sitio\/wp-json\/wp\/v2\/pages\/2727\/revisions\/11445"}],"wp:attachment":[{"href":"https:\/\/ifdbeltran-rng.infd.edu.ar\/sitio\/wp-json\/wp\/v2\/media?parent=2727"}],"curies":[{"name":"wp","href":"https:\/\/api.w.org\/{rel}","templated":true}]}}