{"id":3424,"date":"2021-02-09T21:19:19","date_gmt":"2021-02-10T00:19:19","guid":{"rendered":"https:\/\/ifdbeltran-rng.infd.edu.ar\/sitio\/?page_id=3424"},"modified":"2025-02-28T18:29:14","modified_gmt":"2025-02-28T21:29:14","slug":"documentacion","status":"publish","type":"page","link":"https:\/\/ifdbeltran-rng.infd.edu.ar\/sitio\/documentacion\/","title":{"rendered":"Documentaci\u00f3n"},"content":{"rendered":"\n<p>Documentaci\u00f3n necesaria para completar y agilizar los tr\u00e1mites administrativos surgidos en la Instituci\u00f3n.<\/p>\n\n\n\n<ul>\n<li><a href=\"https:\/\/ifdbeltran-rng.infd.edu.ar\/sitio\/wp-content\/uploads\/2023\/06\/indice_gral_legislacion_educativa_-ver_3_mayo_23.pdf\" target=\"_blank\" rel=\"noreferrer noopener\">\u00cdndice General de Legislaci\u00f3n Educativa<\/a><\/li>\n\n\n\n<li><a href=\"https:\/\/ifdbeltran-rng.infd.edu.ar\/sitio\/wp-content\/uploads\/2023\/03\/form-ddjj-cargos-y-actividades.docx\" target=\"_blank\" rel=\"noreferrer noopener\">Declaraci\u00f3n jurada de cargos y actividades<\/a><\/li>\n\n\n\n<li><a rel=\"noreferrer noopener\" href=\"https:\/\/ifdbeltran-rng.infd.edu.ar\/sitio\/wp-content\/uploads\/2023\/03\/bd-01-presentacion-renuncia.docx\" target=\"_blank\">Formulario de renuncia<\/a><strong> <\/strong><\/li>\n<\/ul>\n","protected":false},"excerpt":{"rendered":"<p>Documentaci\u00f3n necesaria para completar y agilizar los tr\u00e1mites administrativos surgidos en la Instituci\u00f3n.<\/p>\n","protected":false},"author":2582,"featured_media":0,"parent":0,"menu_order":0,"comment_status":"closed","ping_status":"closed","template":"","meta":[],"acf":[],"_links":{"self":[{"href":"https:\/\/ifdbeltran-rng.infd.edu.ar\/sitio\/wp-json\/wp\/v2\/pages\/3424"}],"collection":[{"href":"https:\/\/ifdbeltran-rng.infd.edu.ar\/sitio\/wp-json\/wp\/v2\/pages"}],"about":[{"href":"https:\/\/ifdbeltran-rng.infd.edu.ar\/sitio\/wp-json\/wp\/v2\/types\/page"}],"author":[{"embeddable":true,"href":"https:\/\/ifdbeltran-rng.infd.edu.ar\/sitio\/wp-json\/wp\/v2\/users\/2582"}],"replies":[{"embeddable":true,"href":"https:\/\/ifdbeltran-rng.infd.edu.ar\/sitio\/wp-json\/wp\/v2\/comments?post=3424"}],"version-history":[{"count":26,"href":"https:\/\/ifdbeltran-rng.infd.edu.ar\/sitio\/wp-json\/wp\/v2\/pages\/3424\/revisions"}],"predecessor-version":[{"id":9648,"href":"https:\/\/ifdbeltran-rng.infd.edu.ar\/sitio\/wp-json\/wp\/v2\/pages\/3424\/revisions\/9648"}],"wp:attachment":[{"href":"https:\/\/ifdbeltran-rng.infd.edu.ar\/sitio\/wp-json\/wp\/v2\/media?parent=3424"}],"curies":[{"name":"wp","href":"https:\/\/api.w.org\/{rel}","templated":true}]}}