{"id":3522,"date":"2021-03-22T22:48:58","date_gmt":"2021-03-23T01:48:58","guid":{"rendered":"https:\/\/ifdbeltran-rng.infd.edu.ar\/sitio\/?page_id=3522"},"modified":"2025-12-16T20:11:41","modified_gmt":"2025-12-16T23:11:41","slug":"programas-radiales","status":"publish","type":"page","link":"https:\/\/ifdbeltran-rng.infd.edu.ar\/sitio\/programas-radiales\/","title":{"rendered":"Programas radiales"},"content":{"rendered":"\n<p>A continuaci\u00f3n, compartimos los <strong>programas radiales de producci\u00f3n propia<\/strong> desarrollados en la Radio Socioeducativa Prof. Leda Caso en el marco de la funci\u00f3n de extensi\u00f3n comunitaria.<\/p>\n\n\n\n<h4 class=\"wp-block-heading\">Camino Docente.<\/h4>\n\n\n\n<p>Un ciclo de entrevistas que recorre los inicios, la formaci\u00f3n, la trayectoria y el futuro de las y los egresados\/as del Instituto Formaci\u00f3n Docente Continua de Luis Beltr\u00e1n.<\/p>\n\n\n\n<p><strong>Responsables<\/strong>: Prof. Mat\u00edas Pessoa Dulsan, Prof. Juan Pablo Angeletti y Prof. Daniel Bonino (referente t\u00e9cnico).<\/p>\n\n\n\n<div class=\"wp-block-buttons is-layout-flex\">\n<div class=\"wp-block-button\"><a class=\"wp-block-button__link wp-element-button\" href=\"https:\/\/drive.google.com\/drive\/folders\/1b6rEOiRoPxeH65u_wDCk3cdQkFKIXCey\" target=\"_blank\" rel=\"noreferrer noopener\">Camino Docente<\/a><\/div>\n<\/div>\n\n\n\n<h4 class=\"wp-block-heading\"><strong>La Voz: una herramienta esencial en el trabajo docente<\/strong>.<\/h4>\n\n\n\n<p>En el marco de la cursada del <strong>Taller Uso de la Voz<\/strong>, se trabaja con el cuerpo y la voz involucrando ejercicios pr\u00e1cticos, t\u00e9cnicos y expresivos que se complementan con el abordaje de marcos te\u00f3ricos. Es por ello, que se propuso a las y los estudiantes como evidencia de aprendizaje, grabar en la radio, diferentes cuentos cortos de autores abordados en el \u00e1rea de Lengua y Literatura. En dicha grabaci\u00f3n se propone emplear las distintas estrategias para el buen uso de la voz. La intenci\u00f3n de las grabaciones es generar <strong>un banco de recursos de cuentos cortos<\/strong> para ser compartidas con ni\u00f1os\/as de instituciones como <strong>Nivel Inicial<\/strong> o <strong>Primer Ciclo de la Escuela Primaria<\/strong>.<\/p>\n\n\n\n<p><strong>Responsables<\/strong>: Prof. Micaela L\u00f3pez (Fonoaudi\u00f3loga), Prof. Marisol Calvo y Prof. Vanesa Z\u00fa\u00f1iga y estudiantes que cursaron el Taller Uso de la Voz.<\/p>\n\n\n\n<div class=\"wp-block-buttons is-layout-flex\">\n<div class=\"wp-block-button\"><a class=\"wp-block-button__link wp-element-button\" href=\"https:\/\/drive.google.com\/drive\/folders\/1dUBo6lVw9zAKQ40b9FgmURfhY9UPmLjv?usp=sharing\" target=\"_blank\" rel=\"noreferrer noopener\">Uso de la Voz<\/a><\/div>\n<\/div>\n\n\n\n<hr class=\"wp-block-separator has-alpha-channel-opacity is-style-dots\"\/>\n\n\n\n<h4 class=\"wp-block-heading\">Rock y Democracia. Aproximaciones a 40 a\u00f1os del fin de la Dictadura Militar.<\/h4>\n\n\n\n<p>El proyecto consiste en la producci\u00f3n de contenidos para ser reproducidos en la FM Leda Caso, la radio del IFDC de Luis Beltr\u00e1n. Programas de aproximadamente de 30 minutos que abordan la relaci\u00f3n entre el rock nacional y la realidad pol\u00edtica de nuestro pa\u00eds en los \u00faltimos a\u00f1os de la \u00faltima dictadura militar (1976-1983) y en el proceso de recuperaci\u00f3n democr\u00e1tica de la d\u00e9cada de 1980. Se intenta un abordaje desde la historia pol\u00edtica y la historia cultural, para producir contenidos que apunten a la divulgaci\u00f3n cient\u00edfica, poniendo el foco en la formaci\u00f3n ciudadana de los oyentes de la radio.<\/p>\n\n\n\n<p><strong>Responsables<\/strong>: Prof. Juan Antonio Kuhn, Prof. Mart\u00edn Lamas y Paulo Romero (Referente T\u00e9cnico).<\/p>\n\n\n\n<div class=\"wp-block-buttons is-layout-flex\">\n<div class=\"wp-block-button\"><a class=\"wp-block-button__link wp-element-button\" href=\"https:\/\/drive.google.com\/drive\/folders\/153Lx9drK8EjHg2ne9sBL2tYj-DF1Jxum?usp=sharing\" target=\"_blank\" rel=\"noreferrer noopener\">Rock y Democracia<\/a><\/div>\n<\/div>\n\n\n\n<hr class=\"wp-block-separator has-alpha-channel-opacity is-style-dots\"\/>\n\n\n\n<h4 class=\"wp-block-heading\"><strong>Curr\u00fa Leuf\u00fa: Territorio ancestral en disputa. Un abordaje cr\u00edtico de los conflictos socio-ambientales locales y regionales<\/strong>.<\/h4>\n\n\n\n<p>Los programas abordan las problem\u00e1ticas socio-ambientales regionales y las luchas territoriales en defensa de los bienes comunes de la naturaleza en Wallmapu. Buscan generar conocimiento cr\u00edtico y situado sobre los conflictos socio-ambientales en di\u00e1logo con los saberes que van construyendo los pueblos en resistencia al extractivismo, contribuyendo de esta manera a visibilizar las voces que permanecen silenciadas en los medios hegem\u00f3nicos de comunicaci\u00f3n, promover el debate p\u00fablico y propiciar la participaci\u00f3n comunitaria en asuntos que afecta las condiciones de vida de toda la poblaci\u00f3n.<\/p>\n\n\n\n<p><strong>Responsables<\/strong>: Prof. Miguel \u00c1ngel Garc\u00eda, Prof. Romina Iraira, Prof. Daniela Dreser, Prof. Clara Gonz\u00e1lez Codony y Prof. Miguel Di Ferdinando.<\/p>\n\n\n\n<p><strong>Estudiantes participantes<\/strong>: Juan Betancur, Germ\u00e1n Ruarte, Jonathan Gui\u00f1ez, Agustina Mart\u00ednez, Ayel\u00e9n Tolosa, Macarena Zapata.<\/p>\n\n\n\n<div class=\"wp-block-buttons is-layout-flex\">\n<div class=\"wp-block-button\"><a class=\"wp-block-button__link wp-element-button\" href=\"https:\/\/drive.google.com\/drive\/folders\/1mbniyLgIu-rPmtRvTBhYQvOYAAS8bwRZ?usp=sharing\" target=\"_blank\" rel=\"noreferrer noopener\">Curru Leufu<\/a><\/div>\n<\/div>\n\n\n\n<hr class=\"wp-block-separator has-alpha-channel-opacity is-style-dots\"\/>\n\n\n\n<h4 class=\"wp-block-heading\"><strong>Ciclo de Podcast: La Patagonia perdona, pero no olvida.<\/strong><\/h4>\n\n\n\n<p>Los debates que se han desarrollado en los \u00faltimos a\u00f1os en el \u00e1mbito acad\u00e9mico permiten derribar fronteras sobre la narrativa hist\u00f3rica, territorial y social hegem\u00f3nica del espacio patag\u00f3nico. La construcci\u00f3n de un ciclo de Podcast en la Radio Socioeducativa Profesora Leda Caso para la divulgaci\u00f3n permite abrir caminos a la comprensi\u00f3n de los procesos entablados entre el Estado y los pueblos originarios como genocidio constituyente del Estado-Naci\u00f3n argentino.<\/p>\n\n\n\n<p><strong>Responsables<\/strong>: Prof. Cristian L\u00f3pez y estudiantes: Romina Grisel Banegas, Lorena Alejandra Far\u00edas, El\u00edas Alberto Fern\u00e1ndez, Lucas Hern\u00e1n Flores Ortiz, Yanina Noem\u00ed Frank, Eugenia Gallegos, Nadia Soledad Guerrero, Mar\u00eda Jos\u00e9 Haag, Joaqu\u00edn Emanuel Huallpa, Facundo Ezequiel Iba\u00f1ez, Roc\u00edo Madelaine Insulsa, N\u00e9stor Exequiel Jara, Diego Mambrin, Ezequiel Mar\u00edn, Claudia Alejandra Marzialetti,  Cecilia In\u00e9s Rodr\u00edguez, Cecilia Fernanda Rosales, Iris Araceli del Milagro Torres, Franco Valenzuela, Alan Maximiliano Aranda Cuevas y Mar\u00eda Gabriela Ricciardulli.<\/p>\n\n\n\n<div class=\"wp-block-buttons is-layout-flex\">\n<div class=\"wp-block-button\"><a class=\"wp-block-button__link wp-element-button\" href=\"https:\/\/drive.google.com\/drive\/folders\/1O7WgfEFm--MCZIEtb05T2Auy5RwB0bVr?usp=sharing\" target=\"_blank\" rel=\"noreferrer noopener\">La Patagonia perdona, pero no olvida<\/a><\/div>\n<\/div>\n\n\n\n<hr class=\"wp-block-separator has-alpha-channel-opacity is-style-dots\"\/>\n\n\n\n<h4 class=\"wp-block-heading\">Jugando con la poes\u00eda<\/h4>\n\n\n\n<p>El programa busca promover la lectura y la escucha del arte po\u00e9tico en la audiencia. En el mismo se comparten lecturas, reflexiones en torno a la poes\u00eda por parte de distintos autores\/as y entrevistas a escritores\/as.<\/p>\n\n\n\n<p><strong>Responsable<\/strong>: Nancy Zapata (egresada y estudiante) y Paulo Romero (Referente T\u00e9cnico).<\/p>\n\n\n\n<div class=\"wp-block-buttons is-layout-flex\">\n<div class=\"wp-block-button\"><a class=\"wp-block-button__link wp-element-button\" href=\"https:\/\/drive.google.com\/drive\/folders\/1JFAhnD5aaWn5nf88SKd3FAsKZA2Gjwcb?usp=sharing\" target=\"_blank\" rel=\"noreferrer noopener\">Jugando con la poes\u00eda<\/a><\/div>\n<\/div>\n\n\n\n<hr class=\"wp-block-separator has-alpha-channel-opacity is-style-dots\"\/>\n\n\n\n<h4 class=\"wp-block-heading\"><strong>En Primera Persona: mi traves\u00eda por el seminario de problem\u00e1ticas socio-educativas.<\/strong><\/h4>\n\n\n\n<p>La propuesta se trata de grabar y transmitir, en la radio \u201cLeda Caso\u201d de nuestro IFDC, un ciclo radial a dos voces en base a fragmentos de los \u201cdiarios de viaje\u201d escritos por las estudiantes durante su trayecto por el seminario de Problem\u00e1ticas socio-educativas del Nivel Primario.<\/p>\n\n\n\n<p><strong>Responsables<\/strong>: Prof. Carolina Almada, Prof. Laura Almada, Prof. Mat\u00edas Uriarte, Coord. Radio, Ver\u00f3nica Qui\u00f1elaf y grupo de estudiantes del Seminario de Problem\u00e1ticas socio-educativas del nivel primario.<\/p>\n\n\n\n<div class=\"wp-block-buttons is-layout-flex\">\n<div class=\"wp-block-button\"><a class=\"wp-block-button__link wp-element-button\" href=\"https:\/\/drive.google.com\/drive\/folders\/1BEhcoq_yvYjTJY59xskOOj9eO7trMCQU?usp=sharing\" target=\"_blank\" rel=\"noreferrer noopener\">Mi traves\u00eda&#8230;<\/a><\/div>\n<\/div>\n\n\n\n<hr class=\"wp-block-separator has-alpha-channel-opacity is-style-dots\"\/>\n\n\n\n<h4 class=\"wp-block-heading\"><strong>Mujeres Rurales \u201cMujeres Semillas\u201d<\/strong><\/h4>\n\n\n\n<p>\u201cMujeres Semillas\u201d fue un concurso de relatos realizado en el a\u00f1o 2022 y grabado en el 2023. Busca visibilizar las diversas realidades de las mujeres rurales en la regi\u00f3n, los retos que enfrentan d\u00eda a d\u00eda, sus fortalezas, logros y capacidades.<\/p>\n\n\n\n<p><strong>Responsables<\/strong>: Mesa de trabajo de Mujeres Rurales Valle Medio conformada por Instituto de Formaci\u00f3n Docente Continua de Luis Beltr\u00e1n, AER INTA Valle Medio, Direcci\u00f3n de Mujeres, G\u00e9neros y Diversidad de la Municipalidad de Luis Beltr\u00e1n, Universidad Nacional de Rio Negro, CEAER, Sociedad Rural, C\u00e1mara de Productores de Valle Medio y C\u00e1mara de Comercio de Valle Medio.&nbsp;<\/p>\n\n\n\n<p>Las lecturas estuvieron a cargo de Valeria Palacio, Mar\u00eda Cufr\u00e9, L\u00eda S\u00e1nchez, Ver\u00f3nica G\u00f3mez, Laura Almada, Florencia Giussani, Andrea Alvarez S\u00e1nchez, Laura Mozzicafreddo, Carolina Almada, Sandra Usabarrena.&nbsp;<\/p>\n\n\n\n<p>Daniel Bonino, referente t\u00e9cnico.&nbsp;<\/p>\n\n\n\n<div class=\"wp-block-buttons is-layout-flex\">\n<div class=\"wp-block-button\"><a class=\"wp-block-button__link wp-element-button\" href=\"https:\/\/drive.google.com\/drive\/folders\/1b9dPenQAnnqMQ5vt3Vnkts-5amuVSOGm?usp=sharing\" target=\"_blank\" rel=\"noreferrer noopener\">Mujeres rurales&#8230;<\/a><\/div>\n<\/div>\n\n\n\n<hr class=\"wp-block-separator has-alpha-channel-opacity is-style-dots\"\/>\n\n\n\n<h4 class=\"wp-block-heading\"><strong>Entre Trayectorias<\/strong><\/h4>\n\n\n\n<p>Se producen micro-programas radiales en torno al cuidado de las trayectorias escolares desde un enfoque institucional. Las estudiantes son responsables de la locuci\u00f3n y producci\u00f3n de contenido en colaboraci\u00f3n con el equipo de profesoras.<\/p>\n\n\n\n<p><strong>Responsables<\/strong>: Prof. Daiana L\u00f3pez, Prof. Katia Molina, y Prof. Carolina Almada. Participan estudiantes: Ema Chazarreta, Mabel Flores, Nery Becerra, Marilina Zalazar, Andrea Cuello.<\/p>\n\n\n\n<div class=\"wp-block-buttons is-layout-flex\">\n<div class=\"wp-block-button\"><a class=\"wp-block-button__link wp-element-button\" href=\"https:\/\/drive.google.com\/drive\/folders\/1zBUPJsEqBizV6p5WdeFM0LSitdNDk47k?usp=sharing\" target=\"_blank\" rel=\"noreferrer noopener\">Entre Trayectorias<\/a><\/div>\n<\/div>\n\n\n\n<hr class=\"wp-block-separator has-alpha-channel-opacity is-style-dots\"\/>\n\n\n\n<h4 class=\"wp-block-heading\"><strong>El baile de los que sobran<\/strong><\/h4>\n\n\n\n<p>En el marco de este proyecto se producen programas de aproximadamente 30 minutos que abordan temas relacionados con pedagog\u00eda, pol\u00edtica educativa e historia de la educaci\u00f3n. Es una propuesta de divulgaci\u00f3n de conceptos del campo cient\u00edfico, a partir de textos acad\u00e9micos o de autores que tienen cierta relevancia en el campo de la educaci\u00f3n, para interactuar con los diferentes sentidos que circulan en nuestra sociedad, tratando de aportar una mirada cr\u00edtica a trav\u00e9s de un lenguaje accesible.<\/p>\n\n\n\n<p><strong>Responsables<\/strong>: Prof. Mart\u00edn Ignacio Lamas, Prof. Juan Kuhn y Paulo Romero (Referente T\u00e9cnico).<\/p>\n\n\n\n<div class=\"wp-block-buttons is-layout-flex\">\n<div class=\"wp-block-button\"><a class=\"wp-block-button__link wp-element-button\" href=\"https:\/\/drive.google.com\/drive\/folders\/1i4l519OLNqwo6JgG-3V9rfM0viflYWf9?usp=sharing\" target=\"_blank\" rel=\"noreferrer noopener\">El baile de los que sobran<\/a><\/div>\n<\/div>\n\n\n\n<hr class=\"wp-block-separator has-alpha-channel-opacity is-style-dots\"\/>\n\n\n\n<h4 class=\"wp-block-heading\"><strong>La ESI anda diciendo\u2026<\/strong><\/h4>\n\n\n\n<p>La propuesta busca proyectar los aprendizajes construidos en el aula hacia el espacio p\u00fablico, apostando a la comunicaci\u00f3n como herramienta pedag\u00f3gica y pol\u00edtica que favorezca procesos de sensibilizaci\u00f3n, democratizaci\u00f3n del conocimiento y transformaci\u00f3n cultural.&nbsp;Para ello, se propone visibilizar la importancia de la ESI como derecho y herramienta de prevenci\u00f3n, inclusi\u00f3n y promoci\u00f3n de v\u00ednculos respetuosos; generar espacios de reflexi\u00f3n comunitaria sobre los distintos ejes de la ESI, promoviendo una mirada cr\u00edtica y situada; potenciar la participaci\u00f3n estudiantil como protagonistas de procesos educativos transformadores; promover el di\u00e1logo intergeneracional y comunitario en torno a los saberes de la ESI; y transferir los saberes construidos en el \u00e1mbito del taller a trav\u00e9s de una producci\u00f3n comunicacional con alcance comunitario.<\/p>\n\n\n\n<p><strong>Responsables<\/strong>: Equipo docente del espacio \u00abTaller de ense\u00f1anza de la ESI\u00bb: Prof. Mar\u00eda \u00c1ngeles Cufr\u00e9 y Prof. Sandro Huinca. <strong>Estudiantes del talle<\/strong>r: producci\u00f3n colectiva de los guiones, grabaci\u00f3n de voces, participaci\u00f3n activa en el desarrollo del proyecto. Editor externo: Santiago Pueblas. Edici\u00f3n y montaje de los spots radiales.<\/p>\n\n\n\n<div class=\"wp-block-buttons is-layout-flex\">\n<div class=\"wp-block-button\"><a class=\"wp-block-button__link wp-element-button\" href=\"https:\/\/drive.google.com\/drive\/folders\/1FOenH-C8gILZ4RMzgbj5tvN94JGljxo-?usp=sharing\" target=\"_blank\" rel=\"noreferrer noopener\">La ESI anda diciendo<\/a><\/div>\n<\/div>\n\n\n\n<hr class=\"wp-block-separator has-alpha-channel-opacity is-style-dots\"\/>\n\n\n\n<h4 class=\"wp-block-heading\"><strong>Democracia y ESI  \u2013 \u00a140 A\u00f1os, 40 Razones!<\/strong><\/h4>\n\n\n\n<p>A partir de la campa\u00f1a \u201cNuestras voces: 40 a\u00f1os de democracia\/40 razones para defender la ESI\u201d organizada por el Movimiento Federal Por m\u00e1s Educaci\u00f3n SexuaI Integral, se propone la realizaci\u00f3n de un micro radial, en la radio socioeducativa Leda Caso, que consiste en la lectura de cada una de las razones presentadas en el documento base de la campa\u00f1a, para extender y fortalecer la Educaci\u00f3n Sexual Integral como derecho y pol\u00edtica p\u00fablica educativa.<\/p>\n\n\n\n<p><strong>Integrantes<\/strong>: Prof. y Coord. de radio Sandro Huinca; Prof. y Coordinadora de Investigaci\u00f3n y Extensi\u00f3n Carolina Almada, Dir. Sandra Usabarrena, Prof. Marisol Calvo, Prof. Yamila Sarde Prof. Katia Molina, Prof. Mayra Monedero, Prof. Micaela L\u00f3pez, Prof. Noelia Zu\u00f1iga, Prof. Matias Uriarte, Prof. Paula Senra, Prof. Andrea Alvarez, Prof. Angeles Cufr\u00e9, Prof. Gisel Vivier, Prof. Mat\u00edas Pessoa, Prof. Rocio Mansilla, Prof. Natalia Luna, Prof. Valentina Molinaro, Prof. Romina Iraira, Prof. Silvina Huircan, Prof. Laura Almada, Prof. Mart\u00edn Lamas y Referente T\u00e9cnico Paulo Romero.<\/p>\n\n\n\n<div class=\"wp-block-buttons is-layout-flex\">\n<div class=\"wp-block-button\"><a class=\"wp-block-button__link wp-element-button\" href=\"\" target=\"_blank\" rel=\"noreferrer noopener\">Democracia y ESI<\/a><\/div>\n<\/div>\n\n\n\n<hr class=\"wp-block-separator has-alpha-channel-opacity is-style-dots\"\/>\n\n\n\n<h4 class=\"wp-block-heading\">&nbsp;<strong>M\u00e1s ESI, m\u00e1s derechos&nbsp;<\/strong><\/h4>\n\n\n\n<p>Programas destinados a difundir lineamientos y contenidos referidos al derecho a la Educaci\u00f3n Sexual Integral y las acciones de los grupos e instituciones del Valle Medio vinculados a su cumplimiento y garant\u00eda.<\/p>\n\n\n\n<p><strong>Responsables<\/strong>: &nbsp;Ver\u00f3nica Qui\u00f1elaf (Directora del \u00c1rea de Mujeres, Diversidad y G\u00e9nero de la Municipalidad de Luis Beltr\u00e1n), Betiana Orme\u00f1o (Preceptora CET 29) y Andrea Alvarez S\u00e1nchez, Sandro Huinca y Mat\u00edas Pessoa Dulsan (Profesores del IFDC Luis Beltr\u00e1n).<\/p>\n\n\n\n<div class=\"wp-block-buttons is-layout-flex\">\n<div class=\"wp-block-button\"><a class=\"wp-block-button__link wp-element-button\" href=\"https:\/\/drive.google.com\/drive\/u\/2\/folders\/1xrPIOCdZe7G0-o1M61bEJ-I53ULLyBcl\" target=\"_blank\" rel=\"noreferrer noopener\">M\u00e1s ESI, m\u00e1s derechos<\/a><\/div>\n<\/div>\n\n\n\n<hr class=\"wp-block-separator has-alpha-channel-opacity is-style-dots\"\/>\n\n\n\n<h4 class=\"wp-block-heading\">Poes\u00edas por un mundo sin violencia<\/h4>\n\n\n\n<p>El ciclo de poes\u00eda radial se enmarca en el marco en conmemoraci\u00f3n por el D\u00eda Internacional de la Eliminaci\u00f3n de la Violencia contra las Mujeres y disidencias, poes\u00edas desde y con m\u00faltiples voces como forma de resistencia. Poes\u00edas de quienes encontraron en las palabras un modo para disputar un mundo-otro. Poes\u00edas como modo de interrumpir las violencias naturalizadas.<\/p>\n\n\n\n<p><strong>Responsables<\/strong>: Asamblea feminista Valle Medio, UNTER Valle Medio y al IFDC de Luis Beltr\u00e1n. Por el IFDC participan: Prof. Clara Gonz\u00e1lez Codony, Prof. Daniela Dreser, Prof. Yamila Sarde, Coord. de Investigaci\u00f3n y Extensi\u00f3n Carolina Almada, bibliotecarias: Ver\u00f3nica G\u00f3mez y Laura Garc\u00eda y como responsable de comunicaci\u00f3n y producci\u00f3n radio socio-educativa Leda Caso: Ver\u00f3nica Qui\u00f1elaf.<\/p>\n\n\n\n<div class=\"wp-block-buttons is-layout-flex\">\n<div class=\"wp-block-button\"><a class=\"wp-block-button__link wp-element-button\" href=\"https:\/\/drive.google.com\/drive\/folders\/15wivO1kPuJu0OLKM7k6bkog96zv0zDhf?usp=sharing\" target=\"_blank\" rel=\"noreferrer noopener\">Poes\u00edas por un mundo&#8230;<\/a><\/div>\n<\/div>\n\n\n\n<hr class=\"wp-block-separator has-alpha-channel-opacity is-style-dots\"\/>\n\n\n\n<h4 class=\"wp-block-heading\">Nuestro espacio habitado<\/h4>\n\n\n\n<p>Se trata de un ciclo breve de micros radiales sobre el territorio como espacio habitado a cargo de estudiantes y docentes del seminario de Problem\u00e1ticas Territoriales Latinoamericanas del 4to A\u00f1o del Profesorado de Educaci\u00f3n Secundaria en Geograf\u00eda.<\/p>\n\n\n\n<p><strong>Responsables<\/strong>: Prof. Clara Gonz\u00e1lez Codony y estudiantes del Seminario de Problem\u00e1ticas Territoriales Latinoamericanas.<\/p>\n\n\n\n<div class=\"wp-block-buttons is-layout-flex\">\n<div class=\"wp-block-button\"><a class=\"wp-block-button__link wp-element-button\" href=\"https:\/\/drive.google.com\/drive\/folders\/1yfxR63CYqiIjCOREVIvYU6CFAO5KN30o?usp=sharing\" target=\"_blank\" rel=\"noreferrer noopener\">Nuestro espacio habitado<\/a><\/div>\n<\/div>\n","protected":false},"excerpt":{"rendered":"<p>A continuaci\u00f3n, compartimos los programas radiales de producci\u00f3n propia desarrollados en la Radio Socioeducativa Prof. Leda Caso en el marco de la funci\u00f3n de extensi\u00f3n comunitaria. Camino Docente. Un ciclo de entrevistas que recorre los inicios, la formaci\u00f3n, la trayectoria y el futuro de las y los egresados\/as del Instituto Formaci\u00f3n Docente Continua de Luis &#8230; <a title=\"Programas radiales\" class=\"read-more\" href=\"https:\/\/ifdbeltran-rng.infd.edu.ar\/sitio\/programas-radiales\/\" aria-label=\"More on Programas radiales\">[+]<\/a><\/p>\n","protected":false},"author":2582,"featured_media":0,"parent":0,"menu_order":0,"comment_status":"closed","ping_status":"closed","template":"","meta":[],"acf":[],"_links":{"self":[{"href":"https:\/\/ifdbeltran-rng.infd.edu.ar\/sitio\/wp-json\/wp\/v2\/pages\/3522"}],"collection":[{"href":"https:\/\/ifdbeltran-rng.infd.edu.ar\/sitio\/wp-json\/wp\/v2\/pages"}],"about":[{"href":"https:\/\/ifdbeltran-rng.infd.edu.ar\/sitio\/wp-json\/wp\/v2\/types\/page"}],"author":[{"embeddable":true,"href":"https:\/\/ifdbeltran-rng.infd.edu.ar\/sitio\/wp-json\/wp\/v2\/users\/2582"}],"replies":[{"embeddable":true,"href":"https:\/\/ifdbeltran-rng.infd.edu.ar\/sitio\/wp-json\/wp\/v2\/comments?post=3522"}],"version-history":[{"count":39,"href":"https:\/\/ifdbeltran-rng.infd.edu.ar\/sitio\/wp-json\/wp\/v2\/pages\/3522\/revisions"}],"predecessor-version":[{"id":11162,"href":"https:\/\/ifdbeltran-rng.infd.edu.ar\/sitio\/wp-json\/wp\/v2\/pages\/3522\/revisions\/11162"}],"wp:attachment":[{"href":"https:\/\/ifdbeltran-rng.infd.edu.ar\/sitio\/wp-json\/wp\/v2\/media?parent=3522"}],"curies":[{"name":"wp","href":"https:\/\/api.w.org\/{rel}","templated":true}]}}