{"id":3964,"date":"2021-10-19T18:36:37","date_gmt":"2021-10-19T21:36:37","guid":{"rendered":"https:\/\/ifdbeltran-rng.infd.edu.ar\/sitio\/?page_id=3964"},"modified":"2025-08-30T11:48:34","modified_gmt":"2025-08-30T14:48:34","slug":"carreras","status":"publish","type":"page","link":"https:\/\/ifdbeltran-rng.infd.edu.ar\/sitio\/carreras\/","title":{"rendered":"Carreras"},"content":{"rendered":"\n<p class=\"has-medium-font-size\">En el Instituto de Formaci\u00f3n Docente Continua de Luis Beltr\u00e1n se brindan tres carreras de formaci\u00f3n docente de nivel superior. En sus trayectorias de cursado se incluyen\u00a0<strong>espacios de formaci\u00f3n general<\/strong>,\u00a0<strong>espacios de formaci\u00f3n espec\u00edfica<\/strong>\u00a0y\u00a0<strong>espacios de formaci\u00f3n pr\u00e1ctica profesional<\/strong>. <\/p>\n\n\n\n<p class=\"has-medium-font-size\">Los per\u00edodos de cursado pueden ser <strong>anuales<\/strong> o <strong>cuatrimestrales<\/strong> seg\u00fan el\u00a0<strong>Plan de Estudio\u00a0<\/strong>de cada carrera.  A trav\u00e9s de los enlaces  que se encuentran a continuaci\u00f3n, podr\u00e1n descubrir informaci\u00f3n m\u00e1s detallada sobre los<strong> dise\u00f1os curriculares<\/strong>, los <strong>mapas curriculares<\/strong> y el <strong>plan de<\/strong> <strong>correlatividades<\/strong> de cada uno de los profesorados.<\/p>\n\n\n\n<div class=\"wp-block-columns is-layout-flex wp-container-4\">\n<div class=\"wp-block-column is-layout-flow\" style=\"flex-basis:33.34%\">\n<figure class=\"wp-block-image size-full\"><a href=\"https:\/\/ifdbeltran-rng.infd.edu.ar\/sitio\/primaria\/\" target=\"_blank\" rel=\"noreferrer noopener\"><img decoding=\"async\" loading=\"lazy\" width=\"889\" height=\"881\" src=\"https:\/\/ifdbeltran-rng.infd.edu.ar\/sitio\/wp-content\/uploads\/2025\/08\/pri-1.png\" alt=\"\" class=\"wp-image-10441\" srcset=\"https:\/\/ifdbeltran-rng.infd.edu.ar\/sitio\/wp-content\/uploads\/2025\/08\/pri-1.png 889w, https:\/\/ifdbeltran-rng.infd.edu.ar\/sitio\/wp-content\/uploads\/2025\/08\/pri-1-768x761.png 768w\" sizes=\"(max-width: 889px) 100vw, 889px\" \/><\/a><\/figure>\n<\/div>\n\n\n\n<div class=\"wp-block-column is-layout-flow\" style=\"flex-basis:33.3%\">\n<figure class=\"wp-block-image size-full\"><a href=\"https:\/\/ifdbeltran-rng.infd.edu.ar\/sitio\/historia\/\" target=\"_blank\" rel=\"noreferrer noopener\"><img decoding=\"async\" loading=\"lazy\" width=\"889\" height=\"881\" src=\"https:\/\/ifdbeltran-rng.infd.edu.ar\/sitio\/wp-content\/uploads\/2025\/08\/his-1.png\" alt=\"\" class=\"wp-image-10442\" srcset=\"https:\/\/ifdbeltran-rng.infd.edu.ar\/sitio\/wp-content\/uploads\/2025\/08\/his-1.png 889w, https:\/\/ifdbeltran-rng.infd.edu.ar\/sitio\/wp-content\/uploads\/2025\/08\/his-1-768x761.png 768w\" sizes=\"(max-width: 889px) 100vw, 889px\" \/><\/a><\/figure>\n<\/div>\n\n\n\n<div class=\"wp-block-column is-layout-flow\" style=\"flex-basis:33.3%\">\n<figure class=\"wp-block-image size-full\"><a href=\"https:\/\/ifdbeltran-rng.infd.edu.ar\/sitio\/geografia\/\" target=\"_blank\" rel=\"noreferrer noopener\"><img decoding=\"async\" loading=\"lazy\" width=\"889\" height=\"881\" src=\"https:\/\/ifdbeltran-rng.infd.edu.ar\/sitio\/wp-content\/uploads\/2025\/08\/geo-1.png\" alt=\"\" class=\"wp-image-10443\" srcset=\"https:\/\/ifdbeltran-rng.infd.edu.ar\/sitio\/wp-content\/uploads\/2025\/08\/geo-1.png 889w, https:\/\/ifdbeltran-rng.infd.edu.ar\/sitio\/wp-content\/uploads\/2025\/08\/geo-1-768x761.png 768w\" sizes=\"(max-width: 889px) 100vw, 889px\" \/><\/a><\/figure>\n<\/div>\n<\/div>\n","protected":false},"excerpt":{"rendered":"<p>En el Instituto de Formaci\u00f3n Docente Continua de Luis Beltr\u00e1n se brindan tres carreras de formaci\u00f3n docente de nivel superior. En sus trayectorias de cursado se incluyen\u00a0espacios de formaci\u00f3n general,\u00a0espacios de formaci\u00f3n espec\u00edfica\u00a0y\u00a0espacios de formaci\u00f3n pr\u00e1ctica profesional. Los per\u00edodos de cursado pueden ser anuales o cuatrimestrales seg\u00fan el\u00a0Plan de Estudio\u00a0de cada carrera. A trav\u00e9s de &#8230; <a title=\"Carreras\" class=\"read-more\" href=\"https:\/\/ifdbeltran-rng.infd.edu.ar\/sitio\/carreras\/\" aria-label=\"More on Carreras\">[+]<\/a><\/p>\n","protected":false},"author":2582,"featured_media":0,"parent":0,"menu_order":0,"comment_status":"closed","ping_status":"closed","template":"","meta":[],"acf":[],"_links":{"self":[{"href":"https:\/\/ifdbeltran-rng.infd.edu.ar\/sitio\/wp-json\/wp\/v2\/pages\/3964"}],"collection":[{"href":"https:\/\/ifdbeltran-rng.infd.edu.ar\/sitio\/wp-json\/wp\/v2\/pages"}],"about":[{"href":"https:\/\/ifdbeltran-rng.infd.edu.ar\/sitio\/wp-json\/wp\/v2\/types\/page"}],"author":[{"embeddable":true,"href":"https:\/\/ifdbeltran-rng.infd.edu.ar\/sitio\/wp-json\/wp\/v2\/users\/2582"}],"replies":[{"embeddable":true,"href":"https:\/\/ifdbeltran-rng.infd.edu.ar\/sitio\/wp-json\/wp\/v2\/comments?post=3964"}],"version-history":[{"count":95,"href":"https:\/\/ifdbeltran-rng.infd.edu.ar\/sitio\/wp-json\/wp\/v2\/pages\/3964\/revisions"}],"predecessor-version":[{"id":10589,"href":"https:\/\/ifdbeltran-rng.infd.edu.ar\/sitio\/wp-json\/wp\/v2\/pages\/3964\/revisions\/10589"}],"wp:attachment":[{"href":"https:\/\/ifdbeltran-rng.infd.edu.ar\/sitio\/wp-json\/wp\/v2\/media?parent=3964"}],"curies":[{"name":"wp","href":"https:\/\/api.w.org\/{rel}","templated":true}]}}