{"id":4616,"date":"2021-12-03T15:42:50","date_gmt":"2021-12-03T18:42:50","guid":{"rendered":"https:\/\/ifdbeltran-rng.infd.edu.ar\/sitio\/?page_id=4616"},"modified":"2024-09-19T19:17:32","modified_gmt":"2024-09-19T22:17:32","slug":"inscripcion-virtual","status":"publish","type":"page","link":"https:\/\/ifdbeltran-rng.infd.edu.ar\/sitio\/inscripcion-virtual\/","title":{"rendered":"Inscripci\u00f3n virtual"},"content":{"rendered":"\n<p class=\"has-medium-font-size\">Las inscripciones a las <strong>cursadas<\/strong>, los <strong>ex\u00e1menes finales<\/strong> o los <strong>espacios de definici\u00f3n institucional<\/strong> (EDI) se realizan de manera virtual a trav\u00e9s del <strong>Sistema de Gesti\u00f3n Educativa<\/strong> desde el siguiente enlace:<\/p>\n\n\n\n<div class=\"wp-block-buttons is-content-justification-left is-layout-flex wp-container-1\">\n<div class=\"wp-block-button has-custom-width wp-block-button__width-50 has-custom-font-size is-style-fill has-medium-font-size\"><a class=\"wp-block-button__link has-vivid-cyan-blue-background-color has-background has-text-align-center wp-element-button\" href=\"http:\/\/ifdc.vallemediodata.com.ar\/Login.aspx\" style=\"border-radius:10px\" target=\"_blank\" rel=\"noreferrer noopener\">Sistema de Gesti\u00f3n Educativa<\/a><\/div>\n<\/div>\n\n\n\n<p class=\"has-medium-font-size\">Una vez realizada la inscripci\u00f3n, desde el mismo Sistema, se podr\u00e1 consultar, imprimir o descargar la constancia de inscripci\u00f3n correspondiente.<\/p>\n","protected":false},"excerpt":{"rendered":"<p>Las inscripciones a las cursadas, los ex\u00e1menes finales o los espacios de definici\u00f3n institucional (EDI) se realizan de manera virtual a trav\u00e9s del Sistema de Gesti\u00f3n Educativa desde el siguiente enlace: Una vez realizada la inscripci\u00f3n, desde el mismo Sistema, se podr\u00e1 consultar, imprimir o descargar la constancia de inscripci\u00f3n correspondiente.<\/p>\n","protected":false},"author":2582,"featured_media":0,"parent":0,"menu_order":0,"comment_status":"closed","ping_status":"closed","template":"","meta":[],"acf":[],"_links":{"self":[{"href":"https:\/\/ifdbeltran-rng.infd.edu.ar\/sitio\/wp-json\/wp\/v2\/pages\/4616"}],"collection":[{"href":"https:\/\/ifdbeltran-rng.infd.edu.ar\/sitio\/wp-json\/wp\/v2\/pages"}],"about":[{"href":"https:\/\/ifdbeltran-rng.infd.edu.ar\/sitio\/wp-json\/wp\/v2\/types\/page"}],"author":[{"embeddable":true,"href":"https:\/\/ifdbeltran-rng.infd.edu.ar\/sitio\/wp-json\/wp\/v2\/users\/2582"}],"replies":[{"embeddable":true,"href":"https:\/\/ifdbeltran-rng.infd.edu.ar\/sitio\/wp-json\/wp\/v2\/comments?post=4616"}],"version-history":[{"count":12,"href":"https:\/\/ifdbeltran-rng.infd.edu.ar\/sitio\/wp-json\/wp\/v2\/pages\/4616\/revisions"}],"predecessor-version":[{"id":9097,"href":"https:\/\/ifdbeltran-rng.infd.edu.ar\/sitio\/wp-json\/wp\/v2\/pages\/4616\/revisions\/9097"}],"wp:attachment":[{"href":"https:\/\/ifdbeltran-rng.infd.edu.ar\/sitio\/wp-json\/wp\/v2\/media?parent=4616"}],"curies":[{"name":"wp","href":"https:\/\/api.w.org\/{rel}","templated":true}]}}