{"id":4730,"date":"2021-12-24T15:48:51","date_gmt":"2021-12-24T18:48:51","guid":{"rendered":"https:\/\/ifdbeltran-rng.infd.edu.ar\/sitio\/?page_id=4730"},"modified":"2026-02-26T12:21:45","modified_gmt":"2026-02-26T15:21:45","slug":"investigacion-y-extension","status":"publish","type":"page","link":"https:\/\/ifdbeltran-rng.infd.edu.ar\/sitio\/investigacion-y-extension\/","title":{"rendered":"Investigaci\u00f3n y Extensi\u00f3n"},"content":{"rendered":"\n<h3 class=\"wp-block-heading\"><a rel=\"noreferrer noopener\" href=\"https:\/\/ifdbeltran-rng.infd.edu.ar\/sitio\/wp-content\/uploads\/2023\/02\/disposicion_270.pdf\" target=\"_blank\">Lineamientos Generales<\/a><\/h3>\n\n\n\n<div class=\"wp-block-columns is-layout-flex wp-container-5\">\n<div class=\"wp-block-column is-layout-flow\">\n<h4 class=\"wp-block-heading has-text-align-center\">Proyectos de Investigaci\u00f3n<\/h4>\n\n\n\n<div class=\"wp-block-buttons is-content-justification-center is-layout-flex wp-container-1\">\n<div class=\"wp-block-button has-custom-width wp-block-button__width-50\"><a class=\"wp-block-button__link has-contrast-3-background-color has-background wp-element-button\" href=\"https:\/\/ifdbeltran-rng.infd.edu.ar\/sitio\/wp-content\/uploads\/2024\/08\/info-investigacion-en-curso.pdf\" style=\"border-radius:10px\" target=\"_blank\" rel=\"noreferrer noopener\">EN CURSO<\/a><\/div>\n\n\n\n<div class=\"wp-block-button has-custom-width wp-block-button__width-50\"><a class=\"wp-block-button__link has-background wp-element-button\" href=\"https:\/\/ifdbeltran-rng.infd.edu.ar\/sitio\/wp-content\/uploads\/2024\/08\/info-investigacion-realizados-v2.pdf\" style=\"border-radius:10px;background-color:#868689\" target=\"_blank\" rel=\"noreferrer noopener\">REALIZADOS<\/a><\/div>\n<\/div>\n<\/div>\n\n\n\n<div class=\"wp-block-column is-layout-flow\">\n<h4 class=\"wp-block-heading has-text-align-center\">Proyectos de Extensi\u00f3n<\/h4>\n\n\n\n<div class=\"wp-block-buttons is-content-justification-center is-layout-flex wp-container-3\">\n<div class=\"wp-block-button has-custom-width wp-block-button__width-50\"><a class=\"wp-block-button__link has-background wp-element-button\" href=\"https:\/\/ifdbeltran-rng.infd.edu.ar\/sitio\/wp-content\/uploads\/2024\/11\/info-extension-en-curso-v3.pdf\" style=\"border-radius:10px;background-color:#5f87b1\" target=\"_blank\" rel=\"noreferrer noopener\">EN CURSO<\/a><\/div>\n\n\n\n<div class=\"wp-block-button has-custom-width wp-block-button__width-50\"><a class=\"wp-block-button__link has-background wp-element-button\" href=\"https:\/\/ifdbeltran-rng.infd.edu.ar\/sitio\/wp-content\/uploads\/2024\/08\/info-extension-realizados.pdf\" style=\"border-radius:10px;background-color:#182290\" target=\"_blank\" rel=\"noreferrer noopener\">REALIZADOS<\/a><\/div>\n<\/div>\n<\/div>\n<\/div>\n\n\n\n<hr class=\"wp-block-separator has-text-color has-base-2-color has-alpha-channel-opacity has-base-2-background-color has-background\"\/>\n\n\n\n<h5 class=\"wp-block-heading has-text-align-center\">EN MARCHA. Investigar mientras se ense\u00f1a como marca de las identidades profesionales docentes.<\/h5>\n\n\n\n<div class=\"wp-block-buttons is-content-justification-center is-layout-flex wp-container-6\">\n<div class=\"wp-block-button has-custom-width wp-block-button__width-50 is-style-fill\"><a class=\"wp-block-button__link has-background wp-element-button\" href=\"https:\/\/ifdbeltran-rng.infd.edu.ar\/sitio\/wp-content\/uploads\/2025\/12\/dossier-en-marcha-vf.pdf\" style=\"border-radius:10px;background-color:#f1863a\" target=\"_blank\" rel=\"noreferrer noopener\">Acceder al Dossier de Investigaciones<\/a><\/div>\n<\/div>\n\n\n\n<hr class=\"wp-block-separator has-text-color has-base-color has-alpha-channel-opacity has-base-background-color has-background is-style-default\"\/>\n\n\n\n<h4 class=\"wp-block-heading\">Publicaciones Institucionales<\/h4>\n\n\n\n<p class=\"has-medium-font-size\"><strong>*<\/strong> <strong>Revista Iberoamericana de Formaci\u00f3n Docente e Investigaci\u00f3n Educativa (RIFDIE), Vol. 3, N\u00fam. 2, julio 2023<\/strong>. Es una publicaci\u00f3n semestral editada por el Centro Regional de Formaci\u00f3n Docente e Investigaci\u00f3n Educativa y coeditada por la Universidad Nacional de Tres de Febrero. En este n\u00famero la profesora Noelia Z\u00fa\u00f1iga y la profesora y coordinadora de Investigaci\u00f3n y Extensi\u00f3n, Carolina Almada han participado como co-editoras invitadas representando al IFDC de Luis Beltr\u00e1n. Se agradece la colaboraci\u00f3n a las profesoras Andrea \u00c1lvarez S\u00e1nchez, Cecilia Ferrarino, Daniela S\u00e1nchez, Graciela Alicia Mendez y Catherine Dye, quienes han sido parte del proceso de arbitraje de algunos de los art\u00edculos acad\u00e9micos de este n\u00famero. Acceso a trav\u00e9s del siguiente enlace: <a href=\"https:\/\/credomex.edomex.gob.mx\/sites\/credomex.edomex.gob.mx\/files\/files\/Academica\/RIFDIE%20Vo%203%20Nu%CC%81%202.pdf\" target=\"_blank\" rel=\"noreferrer noopener\">https:\/\/credomex.edomex.gob.mx\/sites\/credomex.edomex.gob.mx\/files\/files\/Academica\/RIFDIE%20Vo%203%20Nu%CC%81%202.pdf<\/a><\/p>\n\n\n\n<p class=\"has-medium-font-size\"><strong>*<\/strong> <strong>\u201c\u00d3culus, una mirada cient\u00edfica\u201d<\/strong>&nbsp;es una revista digital institucional, pensada, dise\u00f1ada y editada por el \u00e1rea de Ciencias Naturales y Tecnolog\u00eda del IFDC de Luis Beltr\u00e1n. \u00d3culus (Que significa ojo en lat\u00edn), se afirma en la necesidad de observar, pensar y cuestionarnos numerosos aspectos relacionados con la Ciencia, la Tecnolog\u00eda, la Historia de la Ciencia y la Ense\u00f1anza de las Ciencias.&nbsp;Disponible en:&nbsp;<a href=\"https:\/\/drive.google.com\/drive\/folders\/117T-TGoo1EItYZVyfLumlcTo-WsFGGkC?usp=sharing\" target=\"_blank\" rel=\"noreferrer noopener\">https:\/\/drive.google.com\/drive\/folders\/117T-TGoo1EItYZVyfLumlcTo-WsFGGkC?usp=sharing<\/a><\/p>\n\n\n\n<p class=\"has-medium-font-size\"><strong>*<\/strong> <strong>Cuaderno de Pedagog\u00eda N\u00ba1<\/strong>&nbsp;en el marco de la cursada de Pedagog\u00eda, A\u00f1o 2021 a cargo de la docente Romina Lorena Iraira y estudiantes. Puede acceder desde <strong><mark style=\"background-color:rgba(0, 0, 0, 0)\" class=\"has-inline-color has-vivid-cyan-blue-color\"><a rel=\"noreferrer noopener\" href=\"https:\/\/ifdbeltran-rng.infd.edu.ar\/sitio\/wp-content\/uploads\/2022\/12\/cuaderno-pedagogia-1.pdf\" target=\"_blank\">aqu\u00ed<\/a><\/mark><\/strong>.<\/p>\n\n\n\n<p class=\"has-medium-font-size\">* <strong>Cuaderno de Pedagog\u00eda N\u00b02<\/strong> en el marco de la cursada de Pedagog\u00eda, A\u00f1o 2022 a cargo de la docente Romina Lorena Iraira y estudiantes. Puede acceder desde <strong><a href=\"https:\/\/ifdbeltran-rng.infd.edu.ar\/sitio\/wp-content\/uploads\/2023\/11\/cuaderno-pedagogia-2.pdf\" target=\"_blank\" rel=\"noreferrer noopener\">aqu\u00ed<\/a><\/strong>.<\/p>\n","protected":false},"excerpt":{"rendered":"<p>Lineamientos Generales Proyectos de Investigaci\u00f3n Proyectos de Extensi\u00f3n EN MARCHA. Investigar mientras se ense\u00f1a como marca de las identidades profesionales docentes. Publicaciones Institucionales * Revista Iberoamericana de Formaci\u00f3n Docente e Investigaci\u00f3n Educativa (RIFDIE), Vol. 3, N\u00fam. 2, julio 2023. Es una publicaci\u00f3n semestral editada por el Centro Regional de Formaci\u00f3n Docente e Investigaci\u00f3n Educativa y &#8230; <a title=\"Investigaci\u00f3n y Extensi\u00f3n\" class=\"read-more\" href=\"https:\/\/ifdbeltran-rng.infd.edu.ar\/sitio\/investigacion-y-extension\/\" aria-label=\"More on Investigaci\u00f3n y Extensi\u00f3n\">[+]<\/a><\/p>\n","protected":false},"author":2582,"featured_media":0,"parent":0,"menu_order":0,"comment_status":"closed","ping_status":"closed","template":"","meta":[],"acf":[],"_links":{"self":[{"href":"https:\/\/ifdbeltran-rng.infd.edu.ar\/sitio\/wp-json\/wp\/v2\/pages\/4730"}],"collection":[{"href":"https:\/\/ifdbeltran-rng.infd.edu.ar\/sitio\/wp-json\/wp\/v2\/pages"}],"about":[{"href":"https:\/\/ifdbeltran-rng.infd.edu.ar\/sitio\/wp-json\/wp\/v2\/types\/page"}],"author":[{"embeddable":true,"href":"https:\/\/ifdbeltran-rng.infd.edu.ar\/sitio\/wp-json\/wp\/v2\/users\/2582"}],"replies":[{"embeddable":true,"href":"https:\/\/ifdbeltran-rng.infd.edu.ar\/sitio\/wp-json\/wp\/v2\/comments?post=4730"}],"version-history":[{"count":117,"href":"https:\/\/ifdbeltran-rng.infd.edu.ar\/sitio\/wp-json\/wp\/v2\/pages\/4730\/revisions"}],"predecessor-version":[{"id":11361,"href":"https:\/\/ifdbeltran-rng.infd.edu.ar\/sitio\/wp-json\/wp\/v2\/pages\/4730\/revisions\/11361"}],"wp:attachment":[{"href":"https:\/\/ifdbeltran-rng.infd.edu.ar\/sitio\/wp-json\/wp\/v2\/media?parent=4730"}],"curies":[{"name":"wp","href":"https:\/\/api.w.org\/{rel}","templated":true}]}}