{"id":5363,"date":"2022-07-28T18:46:38","date_gmt":"2022-07-28T21:46:38","guid":{"rendered":"https:\/\/ifdbeltran-rng.infd.edu.ar\/sitio\/?page_id=5363"},"modified":"2025-12-03T18:21:48","modified_gmt":"2025-12-03T21:21:48","slug":"accesibilidad","status":"publish","type":"page","link":"https:\/\/ifdbeltran-rng.infd.edu.ar\/sitio\/accesibilidad\/","title":{"rendered":"Accesibilidad"},"content":{"rendered":"\n<p class=\"has-black-color has-base-2-background-color has-text-color has-background\"><strong>El programa de Accesibilidad del IFDC de Luis Beltr\u00e1n<\/strong> (aprobado por <strong>Disposici\u00f3n 91\/22<\/strong> del Consejo Directivo) tiene como finalidad propiciar la accesibilidad como principio fundamental para la pr\u00e1ctica efectiva de los derechos de las personas con discapacidad, desde una praxis de educaci\u00f3n inclusiva interpeladora de la ideolog\u00eda de la normalidad y transversal a las diferentes funciones que asumimos como instituci\u00f3n formadora, a fin de propiciar la transformaci\u00f3n social hacia horizontes de mayor justicia, igualdad e inclusi\u00f3n social.<\/p>\n\n\n\n<h5 class=\"wp-block-heading\">Prop\u00f3sitos del programa<\/h5>\n\n\n\n<ul>\n<li><strong>Promover<\/strong> pol\u00edtica de acceso universal a las instituciones favoreciendo una sensibilidad y un pensamiento ligado al estar juntos respetuoso y hospitalario de las singularidades que las habitan.<\/li>\n\n\n\n<li><strong>Transversalizar<\/strong> la perspectiva de la Discapacidad, realizando un abordaje desde todas las funciones que desempe\u00f1amos como instituci\u00f3n formadora (formaci\u00f3n inicial y permanente, investigaci\u00f3n y extensi\u00f3n comunitaria).<\/li>\n\n\n\n<li><strong>Generar<\/strong> condiciones institucionales accesibles y configuraciones de apoyo tendientes al cuidado de las trayectorias formativas de estudiantes en situaci\u00f3n de discapacidad.<\/li>\n\n\n\n<li><strong>Sostener<\/strong> un trabajo inter-institucional en red tendiente a la pr\u00e1ctica efectiva del derecho a la educaci\u00f3n de personas con discapacidad en los diferentes niveles del sistema educativo.<\/li>\n\n\n\n<li><strong>Propiciar<\/strong> la reflexi\u00f3n y el an\u00e1lisis institucional desde un compromiso con la educaci\u00f3n inclusiva y desde un enfoque inter-seccional.<\/li>\n<\/ul>\n\n\n\n<h5 class=\"wp-block-heading\">Ejes del programa<\/h5>\n\n\n\n<ul>\n<li>Accesibilidad institucional f\u00edsica, comunicacional y acad\u00e9mica.<\/li>\n\n\n\n<li>Formaci\u00f3n inicial desde la perspectiva de la discapacidad.<\/li>\n\n\n\n<li>Formaci\u00f3n permanente desde la perspectiva de la discapacidad.<\/li>\n\n\n\n<li>Extensi\u00f3n comunitaria\/investigaci\u00f3n desde la perspectiva de la discapacidad.<\/li>\n\n\n\n<li>Contacto directo con estudiantes con discapacidad que transitan su formaci\u00f3n en nuestro IFDC y dise\u00f1o de posibles configuraciones de apoyo.<\/li>\n\n\n\n<li>Trabajo en red (Conformamos la Red Regional Norpatag\u00f3nica y de la Araucan\u00eda de Educaci\u00f3n Superior, Discapacidad y DDHH y alentamos a que las\/os estudiantes participen de las REDNIS).<\/li>\n<\/ul>\n\n\n\n<p class=\"has-vivid-cyan-blue-color has-text-color\"><em>Cado uno de estos ejes deriva en l\u00edneas de acci\u00f3n que son sostenidas por la configuraci\u00f3n de equipos de trabajo flexibles y abiertos.<\/em><\/p>\n\n\n\n<div class=\"wp-block-buttons is-horizontal is-content-justification-center is-layout-flex wp-container-1\">\n<div class=\"wp-block-button\"><a class=\"wp-block-button__link has-text-color has-background wp-element-button\" href=\"https:\/\/ifdbeltran-rng.infd.edu.ar\/sitio\/wp-content\/uploads\/2022\/08\/programa-accesibilidad-2022.pdf\" style=\"color:#fffffa;background-color:#f08436\" target=\"_blank\" rel=\"noreferrer noopener\">Programa de Accesibilidad 2022<\/a><\/div>\n\n\n\n<div class=\"wp-block-button is-style-fill\"><a class=\"wp-block-button__link has-base-3-color has-contrast-3-background-color has-text-color has-background wp-element-button\" href=\"https:\/\/ifdbeltran-rng.infd.edu.ar\/sitio\/wp-content\/uploads\/2022\/08\/lineas-de-accion_hasta_julio-2022.pdf\" target=\"_blank\" rel=\"noreferrer noopener\">L\u00edneas de acci\u00f3n a Julio 2022<\/a><\/div>\n<\/div>\n\n\n\n<h4 class=\"wp-block-heading\">Informaci\u00f3n importante para estudiantes<\/h4>\n\n\n\n<p>El Instituto de Formaci\u00f3n Docente Continua cuenta con un Programa de Accesibilidad y uno de sus ejes es \u201cContacto directo con estudiantes con discapacidad que transitan su formaci\u00f3n en nuestro IFDC y dise\u00f1o de posibles configuraciones de apoyo\u201d.<\/p>\n\n\n\n<p>Concebimos los <strong>apoyos<\/strong> como redes, relaciones, posiciones, interacciones entre personas, grupos o instituciones que se conforman para detectar e identificar las barreras al aprendizaje y desarrollan estrategias educativas que propicien el acceso y la participaci\u00f3n con el menor grado de dependencia y el mayor grado de autonom\u00eda posible. Las <strong>configuraciones pr\u00e1cticas<\/strong> que pueden adoptar los apoyos educativos son: atenci\u00f3n, asesoramiento y orientaci\u00f3n, capacitaci\u00f3n, provisi\u00f3n de recursos, cooperaci\u00f3n y acci\u00f3n coordinada, seguimiento entre otros.<\/p>\n\n\n\n<p class=\"has-contrast-color has-base-2-background-color has-text-color has-background\">Es muy importante que en la planilla de inscripci\u00f3n especifiques si te asum\u00eds como una persona con discapacidad (sensorial, motora, intelectual) a fin de procurar, institucionalmente, la accesibilidad que te permita el ingreso y la continuidad de tu trayectoria formativa.<\/p>\n\n\n\n<p>En caso de requerir mayor informaci\u00f3n remitirse a algunas de las siguientes opciones:<\/p>\n\n\n\n<ul>\n<li>Equipo de secretar\u00eda acad\u00e9mica del IFDC<\/li>\n\n\n\n<li>Coordinadora general del Programa de Accesibilidad: Prof. Mar\u00eda Laura Almada<\/li>\n\n\n\n<li>Correo electr\u00f3nico: <a href=\"mailto:equipoaccesibilidadifdcbeltran@gmail.com\">equipoaccesibilidadifdcbeltran@gmail.com<\/a><\/li>\n<\/ul>\n","protected":false},"excerpt":{"rendered":"<p>El programa de Accesibilidad del IFDC de Luis Beltr\u00e1n (aprobado por Disposici\u00f3n 91\/22 del Consejo Directivo) tiene como finalidad propiciar la accesibilidad como principio fundamental para la pr\u00e1ctica efectiva de los derechos de las personas con discapacidad, desde una praxis de educaci\u00f3n inclusiva interpeladora de la ideolog\u00eda de la normalidad y transversal a las diferentes &#8230; <a title=\"Accesibilidad\" class=\"read-more\" href=\"https:\/\/ifdbeltran-rng.infd.edu.ar\/sitio\/accesibilidad\/\" aria-label=\"More on Accesibilidad\">[+]<\/a><\/p>\n","protected":false},"author":2582,"featured_media":0,"parent":0,"menu_order":0,"comment_status":"closed","ping_status":"closed","template":"","meta":[],"acf":[],"_links":{"self":[{"href":"https:\/\/ifdbeltran-rng.infd.edu.ar\/sitio\/wp-json\/wp\/v2\/pages\/5363"}],"collection":[{"href":"https:\/\/ifdbeltran-rng.infd.edu.ar\/sitio\/wp-json\/wp\/v2\/pages"}],"about":[{"href":"https:\/\/ifdbeltran-rng.infd.edu.ar\/sitio\/wp-json\/wp\/v2\/types\/page"}],"author":[{"embeddable":true,"href":"https:\/\/ifdbeltran-rng.infd.edu.ar\/sitio\/wp-json\/wp\/v2\/users\/2582"}],"replies":[{"embeddable":true,"href":"https:\/\/ifdbeltran-rng.infd.edu.ar\/sitio\/wp-json\/wp\/v2\/comments?post=5363"}],"version-history":[{"count":25,"href":"https:\/\/ifdbeltran-rng.infd.edu.ar\/sitio\/wp-json\/wp\/v2\/pages\/5363\/revisions"}],"predecessor-version":[{"id":11130,"href":"https:\/\/ifdbeltran-rng.infd.edu.ar\/sitio\/wp-json\/wp\/v2\/pages\/5363\/revisions\/11130"}],"wp:attachment":[{"href":"https:\/\/ifdbeltran-rng.infd.edu.ar\/sitio\/wp-json\/wp\/v2\/media?parent=5363"}],"curies":[{"name":"wp","href":"https:\/\/api.w.org\/{rel}","templated":true}]}}