{"id":5940,"date":"2022-10-19T18:57:01","date_gmt":"2022-10-19T21:57:01","guid":{"rendered":"https:\/\/ifdbeltran-rng.infd.edu.ar\/sitio\/?page_id=5940"},"modified":"2026-02-06T16:45:13","modified_gmt":"2026-02-06T19:45:13","slug":"primaria","status":"publish","type":"page","link":"https:\/\/ifdbeltran-rng.infd.edu.ar\/sitio\/primaria\/","title":{"rendered":"Primaria"},"content":{"rendered":"\n<h2 class=\"wp-block-heading\">Profesorado de Educaci\u00f3n Primaria<\/h2>\n\n\n\n<p class=\"has-medium-font-size\"><strong>Plan 2016 &#8211; Resoluci\u00f3n 4249\/15<\/strong><\/p>\n\n\n\n<p>Esta carrera tiene como finalidad la formaci\u00f3n de docentes capaces de transmitir la herencia cultural, los conocimientos y valores para una formaci\u00f3n integral de las nuevas generaciones.<\/p>\n\n\n\n<ul>\n<li>Esta carrera habilita para el ejercicio de la docencia en el&nbsp;<strong>nivel primario de las escuelas de todo el pa\u00eds<\/strong>&nbsp;en sus distintas modalidades.<\/li>\n\n\n\n<li><strong>Denominaci\u00f3n del T\u00edtulo<\/strong>: Profesor\/a de Educaci\u00f3n Primaria.<\/li>\n\n\n\n<li><strong>Duraci\u00f3n de la carrera en a\u00f1os acad\u00e9micos<\/strong>: 4 a\u00f1os.<\/li>\n\n\n\n<li><strong>Carga Horaria total de la Carrera incluyendo los Espacios de Definici\u00f3n Institucional<\/strong>: 2907 horas reloj.<\/li>\n\n\n\n<li><strong>Coordinaci\u00f3n<\/strong>: Profesora Mar\u00eda Carolina Almada<\/li>\n\n\n\n<li><strong>Correo electr\u00f3nico<\/strong>: coordinacionprimariabeltran@gmail.com<\/li>\n<\/ul>\n\n\n\n<p class=\"has-base-background-color has-background\">El objetivo de la carrera de <strong>Profesorado de Educaci\u00f3n Primaria<\/strong> es formar profesionales con una base te\u00f3rica y pr\u00e1ctica s\u00f3lida, capaces de dise\u00f1ar la ense\u00f1anza en contextos espec\u00edficos y de comprender a los estudiantes en sus m\u00faltiples dimensiones (psicol\u00f3gica, afectiva, sociocultural, etc.). <br><br>Se espera que el\/la egresado\/a pueda: valorar la pertenencia, el compromiso y la participaci\u00f3n en la instituci\u00f3n a trav\u00e9s de la gesti\u00f3n de proyectos interdisciplinarios y comunitarios, la implicancia con las familias, asoci\u00e1ndolas a la vida escolar; trabajar de manera colaborativa; integrar las nuevas tecnolog\u00edas con fines educativos; comprometerse con la vida institucional y comunitaria, y desarrollar una capacidad de formaci\u00f3n continua e innovaci\u00f3n. <br><br>Adem\u00e1s, deber\u00e1 ser h\u00e1bil para realizar una evaluaci\u00f3n compleja que brinde informaci\u00f3n sobre el proceso de aprendizaje y para reflexionar de manera sistem\u00e1tica sobre su propia pr\u00e1ctica docente.<\/p>\n\n\n\n<hr class=\"wp-block-separator has-alpha-channel-opacity is-style-dots\"\/>\n\n\n\n<div class=\"wp-block-buttons is-content-justification-center is-layout-flex wp-container-1\">\n<div class=\"wp-block-button\"><a class=\"wp-block-button__link wp-element-button\" href=\"https:\/\/ifdbeltran-rng.infd.edu.ar\/sitio\/wp-content\/uploads\/2019\/02\/DC-Primaria-Plan-2016.pdf\" style=\"border-radius:10px\" target=\"_blank\" rel=\"noreferrer noopener\">Dise\u00f1o curricular del profesorado<\/a><\/div>\n\n\n\n<div class=\"wp-block-button\"><a class=\"wp-block-button__link wp-element-button\" href=\"https:\/\/ifdbeltran-rng.infd.edu.ar\/sitio\/wp-content\/uploads\/2024\/02\/pp-mapa-curricular-v1.pdf\" style=\"border-radius:10px\" target=\"_blank\" rel=\"noreferrer noopener\">Mapa curricular<\/a><\/div>\n\n\n\n<div class=\"wp-block-button\"><a class=\"wp-block-button__link wp-element-button\" href=\"https:\/\/ifdbeltran-rng.infd.edu.ar\/sitio\/wp-content\/uploads\/2022\/03\/disp-009-22-regimen-de-correlatividades-primaria.pdf\" style=\"border-radius:10px\" target=\"_blank\" rel=\"noreferrer noopener\">Plan de correlatividades<\/a><\/div>\n\n\n\n<div class=\"wp-block-button\"><a class=\"wp-block-button__link wp-element-button\" href=\"https:\/\/ifdbeltran-rng.infd.edu.ar\/sitio\/wp-content\/uploads\/2023\/06\/dc_nivel_primario.pdf\" style=\"border-radius:10px\" target=\"_blank\" rel=\"noreferrer noopener\">Dise\u00f1o curricular Nivel Primario<\/a><\/div>\n<\/div>\n","protected":false},"excerpt":{"rendered":"<p>Profesorado de Educaci\u00f3n Primaria Plan 2016 &#8211; Resoluci\u00f3n 4249\/15 Esta carrera tiene como finalidad la formaci\u00f3n de docentes capaces de transmitir la herencia cultural, los conocimientos y valores para una formaci\u00f3n integral de las nuevas generaciones. El objetivo de la carrera de Profesorado de Educaci\u00f3n Primaria es formar profesionales con una base te\u00f3rica y pr\u00e1ctica &#8230; <a title=\"Primaria\" class=\"read-more\" href=\"https:\/\/ifdbeltran-rng.infd.edu.ar\/sitio\/primaria\/\" aria-label=\"More on Primaria\">[+]<\/a><\/p>\n","protected":false},"author":2582,"featured_media":0,"parent":0,"menu_order":0,"comment_status":"closed","ping_status":"closed","template":"","meta":[],"acf":[],"_links":{"self":[{"href":"https:\/\/ifdbeltran-rng.infd.edu.ar\/sitio\/wp-json\/wp\/v2\/pages\/5940"}],"collection":[{"href":"https:\/\/ifdbeltran-rng.infd.edu.ar\/sitio\/wp-json\/wp\/v2\/pages"}],"about":[{"href":"https:\/\/ifdbeltran-rng.infd.edu.ar\/sitio\/wp-json\/wp\/v2\/types\/page"}],"author":[{"embeddable":true,"href":"https:\/\/ifdbeltran-rng.infd.edu.ar\/sitio\/wp-json\/wp\/v2\/users\/2582"}],"replies":[{"embeddable":true,"href":"https:\/\/ifdbeltran-rng.infd.edu.ar\/sitio\/wp-json\/wp\/v2\/comments?post=5940"}],"version-history":[{"count":57,"href":"https:\/\/ifdbeltran-rng.infd.edu.ar\/sitio\/wp-json\/wp\/v2\/pages\/5940\/revisions"}],"predecessor-version":[{"id":11184,"href":"https:\/\/ifdbeltran-rng.infd.edu.ar\/sitio\/wp-json\/wp\/v2\/pages\/5940\/revisions\/11184"}],"wp:attachment":[{"href":"https:\/\/ifdbeltran-rng.infd.edu.ar\/sitio\/wp-json\/wp\/v2\/media?parent=5940"}],"curies":[{"name":"wp","href":"https:\/\/api.w.org\/{rel}","templated":true}]}}