{"id":5954,"date":"2022-10-19T19:35:41","date_gmt":"2022-10-19T22:35:41","guid":{"rendered":"https:\/\/ifdbeltran-rng.infd.edu.ar\/sitio\/?page_id=5954"},"modified":"2025-11-25T20:10:03","modified_gmt":"2025-11-25T23:10:03","slug":"historia","status":"publish","type":"page","link":"https:\/\/ifdbeltran-rng.infd.edu.ar\/sitio\/historia\/","title":{"rendered":"Historia"},"content":{"rendered":"\n<h2 class=\"wp-block-heading\">Profesorado de Educaci\u00f3n Secundaria en Historia<\/h2>\n\n\n\n<p class=\"has-medium-font-size\"><strong>Plan 2015 &#8211; Resoluci\u00f3n 1356\/15<\/strong><\/p>\n\n\n\n<p>Esta carrera se sustenta en principios democr\u00e1ticos para ejercer la docencia privilegiando el conocimiento como herramienta de comprensi\u00f3n y transformaci\u00f3n de la realidad.<\/p>\n\n\n\n<ul>\n<li>Esta carrera habilita para el ejercicio de la docencia en el&nbsp;<strong>nivel secundario de las escuelas de todo el pa\u00eds<\/strong>&nbsp;en sus distintas modalidades. <\/li>\n\n\n\n<li><strong>Denominaci\u00f3n del T\u00edtulo<\/strong>: Profesor\/a de Educaci\u00f3n Secundaria en Historia.<\/li>\n\n\n\n<li><strong>Duraci\u00f3n de la carrera en a\u00f1os acad\u00e9micos<\/strong>: 4 a\u00f1os.<\/li>\n\n\n\n<li><strong>Carga Horaria total de la Carrera incluyendo los Espacios de Definici\u00f3n Institucional<\/strong>: 2924 horas reloj.<\/li>\n\n\n\n<li><strong>Coordinaci\u00f3n<\/strong>: Profesor Mart\u00edn Lamas.<\/li>\n\n\n\n<li><strong>Correo electr\u00f3nico:<\/strong> coordinaci\u00f3nsecundariaifdc@gmail.com<\/li>\n<\/ul>\n\n\n\n<p class=\"has-base-background-color has-background\">La carrera de <strong>Profesorado de Educaci\u00f3n Secundaria en Historia<\/strong> tiene como objetivo formar a docentes con una s\u00f3lida base te\u00f3rica, metodol\u00f3gica y pedag\u00f3gica. Se espera que los\/as egresados\/as sean capaces de planificar y coordinar equipos de ense\u00f1anza de Historia y otras Ciencias Sociales, comprendiendo la ense\u00f1anza como una pr\u00e1ctica social compleja.<br><br>Esto incluye la capacidad de: elegir y organizar contenidos con una visi\u00f3n cr\u00edtica, reconociendo su car\u00e1cter provisional y complejo; elaborar propuestas que permitan a los estudiantes comprender la coexistencia y relaci\u00f3n entre los diferentes niveles del tiempo hist\u00f3rico (acontecimiento, coyuntura, larga duraci\u00f3n); proponer situaciones de ense\u00f1anza que incluyan el trabajo colaborativo y el uso de tecnolog\u00edas de la comunicaci\u00f3n y la inform\u00e1tica; integrar la teor\u00eda y la pr\u00e1ctica, con la capacidad de analizar cr\u00edticamente las herramientas conceptuales que subyacen a la pr\u00e1ctica docente; promover la democratizaci\u00f3n del conocimiento, interpelando las relaciones de poder y reconociendo la funci\u00f3n social de la historia en la comprensi\u00f3n del presente; y mantener una capacidad de formaci\u00f3n permanente e innovaci\u00f3n pedag\u00f3gica.<\/p>\n\n\n\n<hr class=\"wp-block-separator has-alpha-channel-opacity is-style-dots\"\/>\n\n\n\n<div class=\"wp-block-buttons is-content-justification-center is-layout-flex wp-container-1\">\n<div class=\"wp-block-button\"><a class=\"wp-block-button__link wp-element-button\" href=\"https:\/\/ifdbeltran-rng.infd.edu.ar\/sitio\/wp-content\/uploads\/2019\/02\/DC-Historia-Plan-2015-Res-1356.pdf\" style=\"border-radius:10px\" target=\"_blank\" rel=\"noreferrer noopener\">Dise\u00f1o curricular del profesorado<\/a><\/div>\n\n\n\n<div class=\"wp-block-button\"><a class=\"wp-block-button__link wp-element-button\" href=\"https:\/\/ifdbeltran-rng.infd.edu.ar\/sitio\/wp-content\/uploads\/2023\/10\/ph-mapa-curricular.pdf\" style=\"border-radius:10px\" target=\"_blank\" rel=\"noreferrer noopener\">Mapa curricular<\/a><\/div>\n\n\n\n<div class=\"wp-block-button\"><a class=\"wp-block-button__link wp-element-button\" href=\"https:\/\/ifdbeltran-rng.infd.edu.ar\/sitio\/wp-content\/uploads\/2020\/03\/pl_est_his.pdf\" style=\"border-radius:10px\" target=\"_blank\" rel=\"noreferrer noopener\">Plan de correlatividades<\/a><\/div>\n\n\n\n<div class=\"wp-block-button\"><a class=\"wp-block-button__link wp-element-button\" href=\"https:\/\/ifdbeltran-rng.infd.edu.ar\/sitio\/wp-content\/uploads\/2023\/06\/dc_esrn.pdf\" style=\"border-radius:10px\" target=\"_blank\" rel=\"noreferrer noopener\">Dise\u00f1o curricular ESRN<\/a><\/div>\n<\/div>\n","protected":false},"excerpt":{"rendered":"<p>Profesorado de Educaci\u00f3n Secundaria en Historia Plan 2015 &#8211; Resoluci\u00f3n 1356\/15 Esta carrera se sustenta en principios democr\u00e1ticos para ejercer la docencia privilegiando el conocimiento como herramienta de comprensi\u00f3n y transformaci\u00f3n de la realidad. La carrera de Profesorado de Educaci\u00f3n Secundaria en Historia tiene como objetivo formar a docentes con una s\u00f3lida base te\u00f3rica, metodol\u00f3gica &#8230; <a title=\"Historia\" class=\"read-more\" href=\"https:\/\/ifdbeltran-rng.infd.edu.ar\/sitio\/historia\/\" aria-label=\"More on Historia\">[+]<\/a><\/p>\n","protected":false},"author":2582,"featured_media":0,"parent":0,"menu_order":0,"comment_status":"closed","ping_status":"closed","template":"","meta":[],"acf":[],"_links":{"self":[{"href":"https:\/\/ifdbeltran-rng.infd.edu.ar\/sitio\/wp-json\/wp\/v2\/pages\/5954"}],"collection":[{"href":"https:\/\/ifdbeltran-rng.infd.edu.ar\/sitio\/wp-json\/wp\/v2\/pages"}],"about":[{"href":"https:\/\/ifdbeltran-rng.infd.edu.ar\/sitio\/wp-json\/wp\/v2\/types\/page"}],"author":[{"embeddable":true,"href":"https:\/\/ifdbeltran-rng.infd.edu.ar\/sitio\/wp-json\/wp\/v2\/users\/2582"}],"replies":[{"embeddable":true,"href":"https:\/\/ifdbeltran-rng.infd.edu.ar\/sitio\/wp-json\/wp\/v2\/comments?post=5954"}],"version-history":[{"count":45,"href":"https:\/\/ifdbeltran-rng.infd.edu.ar\/sitio\/wp-json\/wp\/v2\/pages\/5954\/revisions"}],"predecessor-version":[{"id":11088,"href":"https:\/\/ifdbeltran-rng.infd.edu.ar\/sitio\/wp-json\/wp\/v2\/pages\/5954\/revisions\/11088"}],"wp:attachment":[{"href":"https:\/\/ifdbeltran-rng.infd.edu.ar\/sitio\/wp-json\/wp\/v2\/media?parent=5954"}],"curies":[{"name":"wp","href":"https:\/\/api.w.org\/{rel}","templated":true}]}}