{"id":5958,"date":"2022-10-19T21:41:12","date_gmt":"2022-10-20T00:41:12","guid":{"rendered":"https:\/\/ifdbeltran-rng.infd.edu.ar\/sitio\/?page_id=5958"},"modified":"2025-11-25T20:10:39","modified_gmt":"2025-11-25T23:10:39","slug":"geografia","status":"publish","type":"page","link":"https:\/\/ifdbeltran-rng.infd.edu.ar\/sitio\/geografia\/","title":{"rendered":"Geograf\u00eda"},"content":{"rendered":"\n<h2 class=\"wp-block-heading\">Profesorado de Educaci\u00f3n Secundaria en Geograf\u00eda<\/h2>\n\n\n\n<p class=\"has-medium-font-size\"><strong>Plan 2016 &#8211; Resoluci\u00f3n 3906\/16<\/strong><\/p>\n\n\n\n<p>Esta formaci\u00f3n te permitir\u00e1 analizar y ense\u00f1ar la naturaleza social del espacio y los problemas que afectan a los distintos territorios y ambientes del mundo contempor\u00e1neo.<\/p>\n\n\n\n<ul>\n<li>Esta carrera habilita para el ejercicio de la docencia en el <strong>nivel secundario de las escuelas de todo el pa\u00eds<\/strong> en sus distintas modalidades. <\/li>\n\n\n\n<li><strong>Denominaci\u00f3n del T\u00edtulo<\/strong>: Profesor\/a de Educaci\u00f3n Secundaria en Geograf\u00eda.<\/li>\n\n\n\n<li><strong>Duraci\u00f3n de la carrera en a\u00f1os acad\u00e9micos<\/strong>: 4 a\u00f1os.<\/li>\n\n\n\n<li><strong>Carga Horaria total de la Carrera incluyendo los Espacios de Definici\u00f3n Institucional<\/strong>: 2956 horas reloj.<\/li>\n\n\n\n<li><strong>Coordinaci\u00f3n<\/strong>: Profesor Mart\u00edn Lamas.<\/li>\n\n\n\n<li><strong>Correo electr\u00f3nico:<\/strong> coordinaci\u00f3nsecundariaifdc@gmail.com<\/li>\n<\/ul>\n\n\n\n<p class=\"has-base-background-color has-background\">La carrera de <strong>Profesorado de Educaci\u00f3n Secundaria en Geograf\u00eda<\/strong> busca formar a docentes con una s\u00f3lida base te\u00f3rica, metodol\u00f3gica y pedag\u00f3gica en la disciplina. Se espera que las y los egresados\/as sean capaces de planificar actividades y coordinar equipos de ense\u00f1anza de Geograf\u00eda, as\u00ed como participar en equipos interdisciplinarios de Ciencias Sociales, comprendiendo la tarea de ense\u00f1ar como una pr\u00e1ctica social situada y multdimensionalmente configurada.<br><br>Esto incluye la capacidad de: proponer situaciones de ense\u00f1anza que fomenten el trabajo en equipo y la cooperaci\u00f3n, integrando recursos variados, especialmente las tecnolog\u00edas de la informaci\u00f3n y la comunicaci\u00f3n; unir la teor\u00eda con la pr\u00e1ctica docente y realizar un an\u00e1lisis cr\u00edtico de las herramientas conceptuales que subyacen a su labor; comprometerse con la democratizaci\u00f3n del conocimiento, promoviendo nociones de igualdad e inclusi\u00f3n y reconocer la funci\u00f3n social de la Geograf\u00eda en la comprensi\u00f3n del presente; y finalmente, mantener una actitud de formaci\u00f3n permanente e innovaci\u00f3n pedag\u00f3gica..<\/p>\n\n\n\n<hr class=\"wp-block-separator has-alpha-channel-opacity is-style-dots\"\/>\n\n\n\n<div class=\"wp-block-buttons is-content-justification-center is-layout-flex wp-container-1\">\n<div class=\"wp-block-button\"><a class=\"wp-block-button__link wp-element-button\" href=\"https:\/\/ifdbeltran-rng.infd.edu.ar\/sitio\/wp-content\/uploads\/2019\/02\/DC-Geografia-Plan-2016-Res-3906.pdf\" style=\"border-radius:10px\" target=\"_blank\" rel=\"noreferrer noopener\">Dise\u00f1o curricular del profesorado<\/a><\/div>\n\n\n\n<div class=\"wp-block-button\"><a class=\"wp-block-button__link wp-element-button\" href=\"https:\/\/ifdbeltran-rng.infd.edu.ar\/sitio\/wp-content\/uploads\/2023\/10\/pg-mapa-curricular.pdf\" style=\"border-radius:10px\" target=\"_blank\" rel=\"noreferrer noopener\">Mapa curricular<\/a><\/div>\n\n\n\n<div class=\"wp-block-button\"><a class=\"wp-block-button__link wp-element-button\" href=\"https:\/\/ifdbeltran-rng.infd.edu.ar\/sitio\/wp-content\/uploads\/2020\/03\/pl_est_geo.pdf\" style=\"border-radius:10px\" target=\"_blank\" rel=\"noreferrer noopener\">Plan de correlatividades<\/a><\/div>\n\n\n\n<div class=\"wp-block-button\"><a class=\"wp-block-button__link wp-element-button\" href=\"https:\/\/ifdbeltran-rng.infd.edu.ar\/sitio\/wp-content\/uploads\/2023\/06\/dc_esrn.pdf\" style=\"border-radius:10px\" target=\"_blank\" rel=\"noreferrer noopener\">Dise\u00f1o curricular ESRN<\/a><\/div>\n<\/div>\n\n\n\n<hr class=\"wp-block-separator has-text-color has-base-2-color has-alpha-channel-opacity has-base-2-background-color has-background\"\/>\n","protected":false},"excerpt":{"rendered":"<p>Profesorado de Educaci\u00f3n Secundaria en Geograf\u00eda Plan 2016 &#8211; Resoluci\u00f3n 3906\/16 Esta formaci\u00f3n te permitir\u00e1 analizar y ense\u00f1ar la naturaleza social del espacio y los problemas que afectan a los distintos territorios y ambientes del mundo contempor\u00e1neo. La carrera de Profesorado de Educaci\u00f3n Secundaria en Geograf\u00eda busca formar a docentes con una s\u00f3lida base te\u00f3rica, &#8230; <a title=\"Geograf\u00eda\" class=\"read-more\" href=\"https:\/\/ifdbeltran-rng.infd.edu.ar\/sitio\/geografia\/\" aria-label=\"More on Geograf\u00eda\">[+]<\/a><\/p>\n","protected":false},"author":2582,"featured_media":0,"parent":0,"menu_order":0,"comment_status":"closed","ping_status":"closed","template":"","meta":[],"acf":[],"_links":{"self":[{"href":"https:\/\/ifdbeltran-rng.infd.edu.ar\/sitio\/wp-json\/wp\/v2\/pages\/5958"}],"collection":[{"href":"https:\/\/ifdbeltran-rng.infd.edu.ar\/sitio\/wp-json\/wp\/v2\/pages"}],"about":[{"href":"https:\/\/ifdbeltran-rng.infd.edu.ar\/sitio\/wp-json\/wp\/v2\/types\/page"}],"author":[{"embeddable":true,"href":"https:\/\/ifdbeltran-rng.infd.edu.ar\/sitio\/wp-json\/wp\/v2\/users\/2582"}],"replies":[{"embeddable":true,"href":"https:\/\/ifdbeltran-rng.infd.edu.ar\/sitio\/wp-json\/wp\/v2\/comments?post=5958"}],"version-history":[{"count":58,"href":"https:\/\/ifdbeltran-rng.infd.edu.ar\/sitio\/wp-json\/wp\/v2\/pages\/5958\/revisions"}],"predecessor-version":[{"id":11089,"href":"https:\/\/ifdbeltran-rng.infd.edu.ar\/sitio\/wp-json\/wp\/v2\/pages\/5958\/revisions\/11089"}],"wp:attachment":[{"href":"https:\/\/ifdbeltran-rng.infd.edu.ar\/sitio\/wp-json\/wp\/v2\/media?parent=5958"}],"curies":[{"name":"wp","href":"https:\/\/api.w.org\/{rel}","templated":true}]}}