{"id":6178,"date":"2022-12-23T11:08:48","date_gmt":"2022-12-23T14:08:48","guid":{"rendered":"https:\/\/ifdbeltran-rng.infd.edu.ar\/sitio\/?page_id=6178"},"modified":"2026-03-14T13:42:27","modified_gmt":"2026-03-14T16:42:27","slug":"certificados","status":"publish","type":"page","link":"https:\/\/ifdbeltran-rng.infd.edu.ar\/sitio\/certificados\/","title":{"rendered":"Certificados"},"content":{"rendered":"\n<p>Desde este espacio podr\u00e1 descargar los certificados correspondientes a las diferentes propuestas realizadas por el IFDC de Luis Beltr\u00e1n en las que haya participado. A continuaci\u00f3n se presentan los enlaces necesarios para acceder a las carpetas que contienen cada uno de ellos:<\/p>\n\n\n\n<ul>\n<li><a href=\"https:\/\/drive.google.com\/drive\/folders\/1l6LXnAp8mhaAxlq9ZXPDGQsUfAh66qT7?usp=sharing\" target=\"_blank\" rel=\"noreferrer noopener\">Conversatorio Ense\u00f1anza de Malvinas<\/a><\/li>\n\n\n\n<li><a rel=\"noreferrer noopener\" href=\"https:\/\/drive.google.com\/drive\/folders\/1WM8-cL4gxsNHFfTQDReq3FXTx_XVOSSZ?usp=sharing\" target=\"_blank\">I Jornada de Literatura y Biblioteca<\/a><\/li>\n\n\n\n<li><a rel=\"noreferrer noopener\" href=\"https:\/\/drive.google.com\/drive\/folders\/1cMVlZoC43Tcuo6HuKn_1NGcb4ULPgVbD?usp=sharing\" target=\"_blank\">I Jornadas Regionales de la Ense\u00f1anza de las Ciencias Sociales<\/a><\/li>\n\n\n\n<li><a rel=\"noreferrer noopener\" href=\"https:\/\/drive.google.com\/drive\/folders\/1e0umTzEeGYZFDt8rIifXuRcLDjWv1N1c\" target=\"_blank\">II Jornadas Regionales de la Ense\u00f1anza de la Matem\u00e1tica<\/a><\/li>\n\n\n\n<li><a rel=\"noreferrer noopener\" href=\"https:\/\/drive.google.com\/drive\/folders\/1gQZMmweIWkn0GRDDXInSi8UCQuHcZnno?usp=sharing\" target=\"_blank\">Jornada Leer en la Escuela<\/a><\/li>\n\n\n\n<li><a rel=\"noreferrer noopener\" href=\"https:\/\/drive.google.com\/drive\/folders\/1EDQe_OkUiWrPhJ5puTBD6bG1qLCNbVtD?usp=sharing\" target=\"_blank\">8va Jornada Red Regional &#8211; 2024<\/a><\/li>\n\n\n\n<li><a rel=\"noreferrer noopener\" href=\"https:\/\/drive.google.com\/drive\/folders\/14XCnRXZg5vCMZpZtbwhEzY-RPkXcsaUX?usp=sharing\" target=\"_blank\">Jornada Educaci\u00f3n Ambiental Integral &#8211; EAI<\/a><\/li>\n\n\n\n<li><a rel=\"noreferrer noopener\" href=\"https:\/\/drive.google.com\/drive\/folders\/1fButoMxdZ7q2Uh2nlnGQGz_V3zGVhM_p?usp=share_link\" target=\"_blank\">Ense\u00f1anza del C\u00e1lculo Mental en la Escuela Primaria<\/a><\/li>\n\n\n\n<li><a href=\"https:\/\/drive.google.com\/drive\/folders\/1zcTrka1XMXIsOiiZ1su7T3Qhs5u6dwSZ?usp=share_link\" target=\"_blank\" rel=\"noreferrer noopener\">I Jornadas Regionales de Matem\u00e1tica<\/a><\/li>\n\n\n\n<li><a href=\"https:\/\/drive.google.com\/drive\/folders\/14WAUrtoLbvY1qMcrUADDhwA7781znK-G?usp=share_link\" target=\"_blank\" rel=\"noreferrer noopener\">V Congreso de Trabajo Docente<\/a><\/li>\n\n\n\n<li><a href=\"https:\/\/drive.google.com\/drive\/folders\/1YEqzvY9TyqZWTNaYZ-BM4aC0KQ1dU2Dj?usp=share_link\" target=\"_blank\" rel=\"noreferrer noopener\">16 Encuentro de Teatro Adolescente Galponeando 2022<\/a><\/li>\n\n\n\n<li><a href=\"https:\/\/drive.google.com\/drive\/folders\/1bLpK27x59QhoF99spe6PndssvdKSQCrv?usp=share_link\" target=\"_blank\" rel=\"noreferrer noopener\">Carlos Skliar &#8211; \u00bfQu\u00e9 puede significar tener un mundo? La Educaci\u00f3n como interrupci\u00f3n<\/a><\/li>\n<\/ul>\n\n\n\n<p> <\/p>\n","protected":false},"excerpt":{"rendered":"<p>Desde este espacio podr\u00e1 descargar los certificados correspondientes a las diferentes propuestas realizadas por el IFDC de Luis Beltr\u00e1n en las que haya participado. A continuaci\u00f3n se presentan los enlaces necesarios para acceder a las carpetas que contienen cada uno de ellos:<\/p>\n","protected":false},"author":2582,"featured_media":0,"parent":0,"menu_order":0,"comment_status":"closed","ping_status":"closed","template":"","meta":[],"acf":[],"_links":{"self":[{"href":"https:\/\/ifdbeltran-rng.infd.edu.ar\/sitio\/wp-json\/wp\/v2\/pages\/6178"}],"collection":[{"href":"https:\/\/ifdbeltran-rng.infd.edu.ar\/sitio\/wp-json\/wp\/v2\/pages"}],"about":[{"href":"https:\/\/ifdbeltran-rng.infd.edu.ar\/sitio\/wp-json\/wp\/v2\/types\/page"}],"author":[{"embeddable":true,"href":"https:\/\/ifdbeltran-rng.infd.edu.ar\/sitio\/wp-json\/wp\/v2\/users\/2582"}],"replies":[{"embeddable":true,"href":"https:\/\/ifdbeltran-rng.infd.edu.ar\/sitio\/wp-json\/wp\/v2\/comments?post=6178"}],"version-history":[{"count":18,"href":"https:\/\/ifdbeltran-rng.infd.edu.ar\/sitio\/wp-json\/wp\/v2\/pages\/6178\/revisions"}],"predecessor-version":[{"id":11458,"href":"https:\/\/ifdbeltran-rng.infd.edu.ar\/sitio\/wp-json\/wp\/v2\/pages\/6178\/revisions\/11458"}],"wp:attachment":[{"href":"https:\/\/ifdbeltran-rng.infd.edu.ar\/sitio\/wp-json\/wp\/v2\/media?parent=6178"}],"curies":[{"name":"wp","href":"https:\/\/api.w.org\/{rel}","templated":true}]}}