{"id":7136,"date":"2023-08-22T18:40:10","date_gmt":"2023-08-22T21:40:10","guid":{"rendered":"https:\/\/ifdbeltran-rng.infd.edu.ar\/sitio\/?page_id=7136"},"modified":"2024-08-23T22:57:03","modified_gmt":"2024-08-24T01:57:03","slug":"formacion-inicial","status":"publish","type":"page","link":"https:\/\/ifdbeltran-rng.infd.edu.ar\/sitio\/formacion-inicial\/","title":{"rendered":"Formaci\u00f3n Inicial"},"content":{"rendered":"\n<h4 class=\"wp-block-heading alignwide has-accent-color has-base-2-background-color has-text-color has-background\">Espacios de Definici\u00f3n Institucional<\/h4>\n\n\n\n<ul class=\"has-medium-font-size\">\n<li><strong>Pensar la geograf\u00eda en el Contexto Actual<\/strong>. Prof. Silvina Aranda, Paula Senra y Rodrigo Diaz.<\/li>\n\n\n\n<li><strong>Revisitar el Valle Medio 1\u00b0 Estaci\u00f3n Darwin<\/strong>. Prof. Roc\u00edo Mansilla, Paula Senra, Mat\u00edas Uriarte.<\/li>\n\n\n\n<li><strong>Audiobiblioteca en el IFDC de Luis Beltr\u00e1n<\/strong>. Prof. Andrea \u00c1lvarez, Sandro Huinca, Carolina Almada.<\/li>\n\n\n\n<li><strong>Haciendo camino. Acompa\u00f1ando las trayectorias de Estudiantes con Discapacidad<\/strong>. Prof. Katia Molina, Mayra Monedero.<\/li>\n\n\n\n<li><strong>De lo Abstracto a lo Concreto: el mundo de los microorganismos<\/strong>. Prof. Sebasti\u00e1n G\u00f3mez, Virginia Machado y Jimena Gallo.<\/li>\n\n\n\n<li><strong>Conocimiento B\u00e1sico Sobre el Funcionamiento, Conexi\u00f3n y Mantenimiento de Equipos Digitales<\/strong>. Prof. Clara Bonfanti, Pier Carlevaris y Mayra Torres.<\/li>\n\n\n\n<li><strong>Danzas Circulares, geometr\u00eda en movimiento<\/strong>. Prof. Marisol Calvo, Samanta Dunel y Natalia Luna.<\/li>\n\n\n\n<li><strong>Habitar la Memoria<\/strong>. \u00c1rea Lengua y Literatura y Biblioteca del IFDC.<\/li>\n\n\n\n<li><strong>Expansi\u00f3n de la Frontera Extractivista en R\u00edo Negro<\/strong>. Prof. Clara Gonz\u00e1lez Codony, Silvina Aranda y \u00c1ngel Garc\u00eda.<\/li>\n\n\n\n<li><strong>Problemas de la Geograf\u00eda Econ\u00f3mica Argentina<\/strong>. Prof. Juan Pablo Angelletti.<\/li>\n\n\n\n<li><strong>Educaci\u00f3n Intercultural Biling\u00fce<\/strong>. Prof. Romina Iraira.<\/li>\n\n\n\n<li><strong>Abuso Sexual Infantil. Intervenci\u00f3n y Corresponsabilidades en la Escuela<\/strong>. Prof. Natalia Ail\u00e9n G\u00f3mez.<\/li>\n<\/ul>\n","protected":false},"excerpt":{"rendered":"<p>Espacios de Definici\u00f3n Institucional<\/p>\n","protected":false},"author":2582,"featured_media":0,"parent":0,"menu_order":0,"comment_status":"closed","ping_status":"closed","template":"","meta":[],"acf":[],"_links":{"self":[{"href":"https:\/\/ifdbeltran-rng.infd.edu.ar\/sitio\/wp-json\/wp\/v2\/pages\/7136"}],"collection":[{"href":"https:\/\/ifdbeltran-rng.infd.edu.ar\/sitio\/wp-json\/wp\/v2\/pages"}],"about":[{"href":"https:\/\/ifdbeltran-rng.infd.edu.ar\/sitio\/wp-json\/wp\/v2\/types\/page"}],"author":[{"embeddable":true,"href":"https:\/\/ifdbeltran-rng.infd.edu.ar\/sitio\/wp-json\/wp\/v2\/users\/2582"}],"replies":[{"embeddable":true,"href":"https:\/\/ifdbeltran-rng.infd.edu.ar\/sitio\/wp-json\/wp\/v2\/comments?post=7136"}],"version-history":[{"count":12,"href":"https:\/\/ifdbeltran-rng.infd.edu.ar\/sitio\/wp-json\/wp\/v2\/pages\/7136\/revisions"}],"predecessor-version":[{"id":8475,"href":"https:\/\/ifdbeltran-rng.infd.edu.ar\/sitio\/wp-json\/wp\/v2\/pages\/7136\/revisions\/8475"}],"wp:attachment":[{"href":"https:\/\/ifdbeltran-rng.infd.edu.ar\/sitio\/wp-json\/wp\/v2\/media?parent=7136"}],"curies":[{"name":"wp","href":"https:\/\/api.w.org\/{rel}","templated":true}]}}