{"id":7252,"date":"2023-09-27T09:01:35","date_gmt":"2023-09-27T12:01:35","guid":{"rendered":"https:\/\/ifdbeltran-rng.infd.edu.ar\/sitio\/?page_id=7252"},"modified":"2025-10-13T20:17:57","modified_gmt":"2025-10-13T23:17:57","slug":"formulario-web","status":"publish","type":"page","link":"https:\/\/ifdbeltran-rng.infd.edu.ar\/sitio\/formulario-web\/","title":{"rendered":"Formulario web de inscripci\u00f3n a carreras"},"content":{"rendered":"\n<p>Luego de presionar el <em>bot\u00f3n<\/em> <strong>Formulario de inscripci\u00f3n<\/strong>, disponible a continuaci\u00f3n, se podr\u00e1 acceder a la pantalla inicial para ingresar el <strong>n\u00famero<\/strong> de <strong>DNI<\/strong> (sin puntos) y presionar el bot\u00f3n <span style=\"color: #3366ff;\"><span style=\"color: #000000;\"><strong>Iniciar<\/strong>.<\/span><\/span> El sistema verificar\u00e1 si el n\u00famero de documento ingresado se encuentra registrado en la base de datos.<\/p>\n\n\n\n<ul>\n<li>Si <strong>no est\u00e1 registrado<\/strong>, se podr\u00e1 acceder al formulario de inscripci\u00f3n como <strong>nuevo\/a ingresante<\/strong> y completar lo requerido.<\/li>\n\n\n\n<li>Si el n\u00famero de documento <strong>ya existe en el sistema<\/strong>, se deber\u00e1 enviar un correo electr\u00f3nico a <strong>secifdcbeltran@gmail.com<\/strong>, incluyendo en el cuerpo del mensaje los siguientes datos: <em><mark style=\"background-color:rgba(0, 0, 0, 0);color:#ff0000\" class=\"has-inline-color\">n\u00famero de DNI, apellido y nombre, domicilio completo, n\u00famero de tel\u00e9fono, direcci\u00f3n de correo electr\u00f3nico, carrera o carreras que se desea iniciar<\/mark>.<\/em><\/li>\n<\/ul>\n\n\n\n<p class=\"has-background\" style=\"background-color:#e6f0fa\">Antes de confirmar la inscripci\u00f3n, recuerde revisar cuidadosamente toda la informaci\u00f3n ingresada y asegurarse de haber seleccionado la carrera o las carreras que desea cursar. Una vez verificado todo, presione el bot\u00f3n <strong>Guardar<\/strong> para finalizar el proceso. No olvide despu\u00e9s de inscribirse, completar la <strong>encuesta de ingresantes<\/strong>, disponible en la p\u00e1gina anterior correspondiente a la <strong>inscripci\u00f3n a carreras<\/strong>.<\/p>\n\n\n\n<div class=\"wp-block-buttons is-horizontal is-content-justification-center is-nowrap is-layout-flex wp-container-1\">\n<div class=\"wp-block-button has-custom-width wp-block-button__width-50 is-style-fill\"><a class=\"wp-block-button__link has-accent-background-color has-background wp-element-button\" href=\"http:\/\/ifdc.vallemediodata.com.ar\/preinscripcion.aspx\" style=\"border-radius:10px\" target=\"_blank\" rel=\"noreferrer noopener\"><strong>Formulario de inscripci\u00f3n<\/strong><\/a><\/div>\n<\/div>\n","protected":false},"excerpt":{"rendered":"<p>Luego de presionar el bot\u00f3n Formulario de inscripci\u00f3n, disponible a continuaci\u00f3n, se podr\u00e1 acceder a la pantalla inicial para ingresar el n\u00famero de DNI (sin puntos) y presionar el bot\u00f3n Iniciar. El sistema verificar\u00e1 si el n\u00famero de documento ingresado se encuentra registrado en la base de datos. Antes de confirmar la inscripci\u00f3n, recuerde revisar &#8230; <a title=\"Formulario web de inscripci\u00f3n a carreras\" class=\"read-more\" href=\"https:\/\/ifdbeltran-rng.infd.edu.ar\/sitio\/formulario-web\/\" aria-label=\"More on Formulario web de inscripci\u00f3n a carreras\">[+]<\/a><\/p>\n","protected":false},"author":2582,"featured_media":0,"parent":0,"menu_order":0,"comment_status":"closed","ping_status":"closed","template":"","meta":[],"acf":[],"_links":{"self":[{"href":"https:\/\/ifdbeltran-rng.infd.edu.ar\/sitio\/wp-json\/wp\/v2\/pages\/7252"}],"collection":[{"href":"https:\/\/ifdbeltran-rng.infd.edu.ar\/sitio\/wp-json\/wp\/v2\/pages"}],"about":[{"href":"https:\/\/ifdbeltran-rng.infd.edu.ar\/sitio\/wp-json\/wp\/v2\/types\/page"}],"author":[{"embeddable":true,"href":"https:\/\/ifdbeltran-rng.infd.edu.ar\/sitio\/wp-json\/wp\/v2\/users\/2582"}],"replies":[{"embeddable":true,"href":"https:\/\/ifdbeltran-rng.infd.edu.ar\/sitio\/wp-json\/wp\/v2\/comments?post=7252"}],"version-history":[{"count":246,"href":"https:\/\/ifdbeltran-rng.infd.edu.ar\/sitio\/wp-json\/wp\/v2\/pages\/7252\/revisions"}],"predecessor-version":[{"id":10889,"href":"https:\/\/ifdbeltran-rng.infd.edu.ar\/sitio\/wp-json\/wp\/v2\/pages\/7252\/revisions\/10889"}],"wp:attachment":[{"href":"https:\/\/ifdbeltran-rng.infd.edu.ar\/sitio\/wp-json\/wp\/v2\/media?parent=7252"}],"curies":[{"name":"wp","href":"https:\/\/api.w.org\/{rel}","templated":true}]}}