{"id":9028,"date":"2024-09-14T20:00:41","date_gmt":"2024-09-14T23:00:41","guid":{"rendered":"https:\/\/ifdbeltran-rng.infd.edu.ar\/sitio\/?page_id=9028"},"modified":"2025-11-11T15:09:46","modified_gmt":"2025-11-11T18:09:46","slug":"jornadas","status":"publish","type":"page","link":"https:\/\/ifdbeltran-rng.infd.edu.ar\/sitio\/jornadas\/","title":{"rendered":"Jornadas"},"content":{"rendered":"\n<h3 class=\"wp-block-heading has-accent-color has-text-color\">I Jornada de Literatura y Biblioteca<\/h3>\n\n\n\n<p class=\"has-medium-font-size\"><em>La literatura hoy m\u00e1s que nunca. Entre libros y pantallas.<\/em><\/p>\n\n\n\n<p><strong>12 de Noviembre de 9 a 20 Hs. Para docentes de todos los niveles y modalidades. Bibliotecarias\/os.<\/strong><\/p>\n\n\n\n<p>Le recomendamos <strong>revisar el programa completo antes de proceder a la inscripci\u00f3n<\/strong>. En \u00e9l se especifican, entre otros datos de inter\u00e9s, los <strong>requisitos necesarios para la acreditaci\u00f3n<\/strong> de la propuesta y la <strong>distribuci\u00f3n horaria<\/strong> de los talleres y actividades presentados en la ma\u00f1ana y en la tarde. <strong>Importante<\/strong>: como se indica en el programa, algunas propuestas son <strong>con cupo<\/strong>. Si usted se inscribe debe garantizar la asistencia. Caso contrario le restar\u00e1 la posibilidad a otra\/o colega de participar o asistir.<\/p>\n\n\n\n<div class=\"wp-block-buttons is-content-justification-center is-layout-flex wp-container-1\">\n<div class=\"wp-block-button has-custom-width wp-block-button__width-50\"><a class=\"wp-block-button__link has-contrast-2-background-color has-background wp-element-button\" href=\"https:\/\/ifdbeltran-rng.infd.edu.ar\/sitio\/wp-content\/uploads\/2025\/10\/programa-I-jornada-literatura-y-biblioteca.pdf\" style=\"border-radius:15px\" target=\"_blank\" rel=\"noreferrer noopener\">Programa I Jornada de Literatura y Biblioteca<\/a><\/div>\n\n\n\n<div class=\"wp-block-button has-custom-width wp-block-button__width-50\"><a class=\"wp-block-button__link has-background wp-element-button\" href=\"https:\/\/ifdbeltran-rng.infd.edu.ar\/sitio\/wp-content\/uploads\/2025\/11\/res-05629-25-I-jornada-literatura-y-biblioteca.pdf\" style=\"border-radius:15px;background-color:#f95404\" target=\"_blank\" rel=\"noreferrer noopener\">Resoluci\u00f3n 05629\/25<\/a><\/div>\n<\/div>\n","protected":false},"excerpt":{"rendered":"<p>I Jornada de Literatura y Biblioteca La literatura hoy m\u00e1s que nunca. Entre libros y pantallas. 12 de Noviembre de 9 a 20 Hs. Para docentes de todos los niveles y modalidades. Bibliotecarias\/os. Le recomendamos revisar el programa completo antes de proceder a la inscripci\u00f3n. En \u00e9l se especifican, entre otros datos de inter\u00e9s, los &#8230; <a title=\"Jornadas\" class=\"read-more\" href=\"https:\/\/ifdbeltran-rng.infd.edu.ar\/sitio\/jornadas\/\" aria-label=\"More on Jornadas\">[+]<\/a><\/p>\n","protected":false},"author":2582,"featured_media":0,"parent":0,"menu_order":0,"comment_status":"closed","ping_status":"closed","template":"","meta":[],"acf":[],"_links":{"self":[{"href":"https:\/\/ifdbeltran-rng.infd.edu.ar\/sitio\/wp-json\/wp\/v2\/pages\/9028"}],"collection":[{"href":"https:\/\/ifdbeltran-rng.infd.edu.ar\/sitio\/wp-json\/wp\/v2\/pages"}],"about":[{"href":"https:\/\/ifdbeltran-rng.infd.edu.ar\/sitio\/wp-json\/wp\/v2\/types\/page"}],"author":[{"embeddable":true,"href":"https:\/\/ifdbeltran-rng.infd.edu.ar\/sitio\/wp-json\/wp\/v2\/users\/2582"}],"replies":[{"embeddable":true,"href":"https:\/\/ifdbeltran-rng.infd.edu.ar\/sitio\/wp-json\/wp\/v2\/comments?post=9028"}],"version-history":[{"count":54,"href":"https:\/\/ifdbeltran-rng.infd.edu.ar\/sitio\/wp-json\/wp\/v2\/pages\/9028\/revisions"}],"predecessor-version":[{"id":11039,"href":"https:\/\/ifdbeltran-rng.infd.edu.ar\/sitio\/wp-json\/wp\/v2\/pages\/9028\/revisions\/11039"}],"wp:attachment":[{"href":"https:\/\/ifdbeltran-rng.infd.edu.ar\/sitio\/wp-json\/wp\/v2\/media?parent=9028"}],"curies":[{"name":"wp","href":"https:\/\/api.w.org\/{rel}","templated":true}]}}