{"id":9109,"date":"2024-09-22T11:20:51","date_gmt":"2024-09-22T14:20:51","guid":{"rendered":"https:\/\/ifdbeltran-rng.infd.edu.ar\/sitio\/?page_id=9109"},"modified":"2025-03-11T17:41:20","modified_gmt":"2025-03-11T20:41:20","slug":"licencias","status":"publish","type":"page","link":"https:\/\/ifdbeltran-rng.infd.edu.ar\/sitio\/licencias\/","title":{"rendered":"Licencias"},"content":{"rendered":"\n<p>Desde este espacio podr\u00e1s descargar y completar las diferentes solicitudes de licencia y\/o declaraciones juradas. Estos formularios est\u00e1n dise\u00f1ados para que, al abrirlos, puedas completarlos y luego descargarlos o descargarlos y luego completarlos, para finalmente ser impresos y entregados con tu firma. <\/p>\n\n\n\n<ul>\n<li><a href=\"https:\/\/ifdbeltran-rng.infd.edu.ar\/sitio\/wp-content\/uploads\/2024\/10\/solicitud-licencia-fill.pdf\" target=\"_blank\" rel=\"noreferrer noopener\">Solicitud de Licencia<\/a><\/li>\n\n\n\n<li><a href=\"https:\/\/ifdbeltran-rng.infd.edu.ar\/sitio\/wp-content\/uploads\/2024\/10\/ddjj-art1-fill.pdf\" target=\"_blank\" rel=\"noreferrer noopener\">Solicitud de Licencia Art 1 con DDJJ de d\u00edas<\/a><\/li>\n\n\n\n<li><a href=\"https:\/\/ifdbeltran-rng.infd.edu.ar\/sitio\/wp-content\/uploads\/2024\/10\/ddjj-art13-fill.pdf\" target=\"_blank\" rel=\"noreferrer noopener\">Solicitud de Licencia Art 13 con DDJJ de d\u00edas y DDJJ de parentesco<\/a><\/li>\n\n\n\n<li><a href=\"https:\/\/ifdbeltran-rng.infd.edu.ar\/sitio\/wp-content\/uploads\/2024\/10\/ddjj-art18-fill.pdf\" target=\"_blank\" rel=\"noreferrer noopener\">Solicitud de Licencia Art 18 con DDJJ de parentesco por fallecimiento<\/a><\/li>\n\n\n\n<li><a href=\"https:\/\/ifdbeltran-rng.infd.edu.ar\/sitio\/wp-content\/uploads\/2025\/03\/ddjj-salario-familiar-v2.pdf\" target=\"_blank\" rel=\"noreferrer noopener\">DDJJ salario familiar<\/a><\/li>\n\n\n\n<li><a href=\"https:\/\/ifdbeltran-rng.infd.edu.ar\/sitio\/wp-content\/uploads\/2024\/10\/ddjj-madre-o-padre-soltero-fill.pdf\" target=\"_blank\" rel=\"noreferrer noopener\">DDJJ madre o padre soltero<\/a><\/li>\n\n\n\n<li><a href=\"https:\/\/ifdbeltran-rng.infd.edu.ar\/sitio\/wp-content\/uploads\/2025\/03\/ddjj-separacion-de-hecho-v2.pdf\" target=\"_blank\" rel=\"noreferrer noopener\">DDJJ separaci\u00f3n de hecho<\/a><\/li>\n<\/ul>\n\n\n\n<h4 class=\"wp-block-heading\"><strong>Instructivo del Sistema Integral Comunicarnos <\/strong><\/h4>\n\n\n\n<ul>\n<li><a href=\"https:\/\/ifdbeltran-rng.infd.edu.ar\/sitio\/wp-content\/uploads\/2023\/03\/anexo-res-articulos-como-gestionar-clave.pdf\" target=\"_blank\" rel=\"noreferrer noopener\">\u00bfC\u00f3mo gestionar clave?<\/a><\/li>\n\n\n\n<li><a rel=\"noopener\" href=\"https:\/\/ifdbeltran-rng.infd.edu.ar\/sitio\/wp-content\/uploads\/2021\/02\/regimen-de-licencias-233-98.pdf\" target=\"_blank\">R\u00e9gimen de licencias<\/a>&nbsp;(Res. 233\/98)<\/li>\n\n\n\n<li><a href=\"https:\/\/ifdbeltran-rng.infd.edu.ar\/sitio\/wp-content\/uploads\/2021\/02\/res-3305-17-art-comunicarnos.pdf\" target=\"_blank\" rel=\"noopener\">Resoluci\u00f3n 3305\/17<\/a><\/li>\n\n\n\n<li><a href=\"https:\/\/ifdbeltran-rng.infd.edu.ar\/sitio\/wp-content\/uploads\/2021\/02\/res-4628-19-comunicarnos.pdf\" target=\"_blank\" rel=\"noopener\">Anexo Resoluci\u00f3n 4628\/19<\/a><\/li>\n<\/ul>\n\n\n\n<h4 class=\"wp-block-heading\">Circuito de Solicitud de Licencia y Auditor\u00edas M\u00e9dicas<\/h4>\n\n\n\n<p class=\"has-medium-font-size\">Se eleva informaci\u00f3n del nuevo <strong><a href=\"https:\/\/ifdbeltran-rng.infd.edu.ar\/sitio\/wp-content\/uploads\/2024\/09\/nota-multiple-160724-sobre-circuito-de-licencias.pdf\" target=\"_blank\" rel=\"noreferrer noopener\">Circuito de Solicitud de Licencia y Auditor\u00edas M\u00e9dicas<\/a><\/strong>.<\/p>\n\n\n\n<h4 class=\"wp-block-heading has-text-color\" style=\"color:#42b040\">SOLICITUD DE LICENCIA M\u00c9DICA<\/h4>\n\n\n\n<p>A partir de las Resoluciones N\u00b01078\/24 y N\u00b01079\/24, de la Funci\u00f3n P\u00fablica, y la N\u00b05153, N\u00b05154 y N\u00b05155 del Consejo Provincial de Educaci\u00f3n (CPE) todos los agentes dependientes del Ministerio de Educaci\u00f3n y Derechos Humanos de R\u00edo Negro deber\u00e1n justificar las inasistencias por motivos de salud de corto tratamiento, largo tratamiento y atenci\u00f3n de familiar enfermo: Art 1\u00b0- Art. 2\u00b0- Art.13\u00b0-34\u00b0 Resoluci\u00f3n N\u00b0233\/P\/98 del CPE y Art. N\u00b032, 33 y 42f de la Ley N\u00b03487 de la siguiente manera:<\/p>\n\n\n\n<ul class=\"has-base-2-background-color has-background\">\n<li>Deber\u00e1 informar a trav\u00e9s del <strong>Sistema integrado Comunicarnos<\/strong> el aviso de inasistencia por motivos de salud de corto tratamiento, largo tratamiento y atenci\u00f3n de familiar enfermo ( Art 1\u00b0- Art. 2\u00b0- Art.13\u00b0-34\u00b0 Resoluci\u00f3n N\u00b0233\/P\/98 del CPE y Art. N\u00b032, 33 y 42f de la Ley N\u00b03487).<\/li>\n\n\n\n<li>Una vez que el agente cuente con el certificado m\u00e9dico que justifique la ausencia y, dentro de los plazos reglamentarios, deber\u00e1 cargarlo en la plataforma correspondiente (Sistema integrado Comunicarnos) y a su vez completar el <strong>formulario de licencia<\/strong>.<\/li>\n<\/ul>\n\n\n\n<p>Una vez completado el formulario, el nuevo servicio de auditor\u00edas se comunicar\u00e1 con el agente v\u00eda correo electr\u00f3nico, en donde comunicar\u00e1 alguna de las siguientes opciones:<\/p>\n\n\n\n<ul class=\"has-background\" style=\"background-color:#d6eef7\">\n<li>Se justificar\u00e1n los d\u00edas solicitados.<\/li>\n\n\n\n<li>Se rechazar\u00e1 el certificado.<\/li>\n\n\n\n<li>Se justificar\u00e1 una cantidad de d\u00edas inferiores a la indicada por el m\u00e9dico tratante en su certificado.<\/li>\n\n\n\n<li>Se fijar\u00e1 una fecha de auditoria (presencial o virtual, seg\u00fan el caso).<\/li>\n<\/ul>\n\n\n\n<p>Pasos a seguir desde la v\u00eda digital. <strong><a rel=\"noreferrer noopener\" href=\"https:\/\/ifdbeltran-rng.infd.edu.ar\/sitio\/wp-content\/uploads\/2024\/09\/como-gestiono-licencia-medica.pdf\" target=\"_blank\">Pasos a seguir para utilizar el nuevo sistema de solicitud de licencias m\u00e9dicas<\/a><\/strong>.<\/p>\n\n\n\n<p>Compartimos el <strong><a rel=\"noreferrer noopener\" href=\"https:\/\/ifdbeltran-rng.infd.edu.ar\/sitio\/wp-content\/uploads\/2024\/09\/certificado-medico-unico.pdf\" target=\"_blank\">formulario de certificado \u00fanico<\/a><\/strong>, vigente desde 2004 para afecciones que impliquen la utilizaci\u00f3n de 10 o&nbsp; m\u00e1s d\u00edas. Este formulario lo rellena el personal m\u00e9dico que realiza la atenci\u00f3n.&nbsp;<\/p>\n","protected":false},"excerpt":{"rendered":"<p>Desde este espacio podr\u00e1s descargar y completar las diferentes solicitudes de licencia y\/o declaraciones juradas. Estos formularios est\u00e1n dise\u00f1ados para que, al abrirlos, puedas completarlos y luego descargarlos o descargarlos y luego completarlos, para finalmente ser impresos y entregados con tu firma. Instructivo del Sistema Integral Comunicarnos Circuito de Solicitud de Licencia y Auditor\u00edas M\u00e9dicas &#8230; <a title=\"Licencias\" class=\"read-more\" href=\"https:\/\/ifdbeltran-rng.infd.edu.ar\/sitio\/licencias\/\" aria-label=\"More on Licencias\">[+]<\/a><\/p>\n","protected":false},"author":2582,"featured_media":0,"parent":0,"menu_order":0,"comment_status":"closed","ping_status":"closed","template":"","meta":[],"acf":[],"_links":{"self":[{"href":"https:\/\/ifdbeltran-rng.infd.edu.ar\/sitio\/wp-json\/wp\/v2\/pages\/9109"}],"collection":[{"href":"https:\/\/ifdbeltran-rng.infd.edu.ar\/sitio\/wp-json\/wp\/v2\/pages"}],"about":[{"href":"https:\/\/ifdbeltran-rng.infd.edu.ar\/sitio\/wp-json\/wp\/v2\/types\/page"}],"author":[{"embeddable":true,"href":"https:\/\/ifdbeltran-rng.infd.edu.ar\/sitio\/wp-json\/wp\/v2\/users\/2582"}],"replies":[{"embeddable":true,"href":"https:\/\/ifdbeltran-rng.infd.edu.ar\/sitio\/wp-json\/wp\/v2\/comments?post=9109"}],"version-history":[{"count":16,"href":"https:\/\/ifdbeltran-rng.infd.edu.ar\/sitio\/wp-json\/wp\/v2\/pages\/9109\/revisions"}],"predecessor-version":[{"id":9744,"href":"https:\/\/ifdbeltran-rng.infd.edu.ar\/sitio\/wp-json\/wp\/v2\/pages\/9109\/revisions\/9744"}],"wp:attachment":[{"href":"https:\/\/ifdbeltran-rng.infd.edu.ar\/sitio\/wp-json\/wp\/v2\/media?parent=9109"}],"curies":[{"name":"wp","href":"https:\/\/api.w.org\/{rel}","templated":true}]}}